{"id":1102,"date":"2019-06-16T20:01:26","date_gmt":"2019-06-16T18:01:26","guid":{"rendered":"https:\/\/www.mmmm.es\/?page_id=1102"},"modified":"2024-01-23T11:26:58","modified_gmt":"2024-01-23T10:26:58","slug":"datenschutzrichtlinie-von-monereo-meyer-abogados-slp","status":"publish","type":"page","link":"https:\/\/www.mmmm.es\/de\/datenschutzrichtlinie-von-monereo-meyer-abogados-slp\/","title":{"rendered":"Datenschutzrichtlinie von Monereo Meyer Abogados, S.L.P."},"content":{"rendered":"<p><strong>1.- Wer ist verantwortlich f\u00fcr die Erhebung ihrer Daten?<\/strong><\/p>\n<p>Verantwortlicher f\u00fcr die Erhebung ihrer personenbezogenen Daten ist die Kanzlei MONEREO MEYER ABOGADOS, S.L.P. (im Folgenden, <strong>mmmm),<\/strong> mit Steuernummer B-81941932, und Gesellschaftssitz in Agust\u00edn de Fox\u00e1, 4, 28036 Madrid.<\/p>\n<p>Die Rechtsinhaberschaft des Domainnamens unserer Website <u><a href=\"http:\/\/www.mmmm.es\/\">www.mmmm.es<\/a><\/u> (im Folgenden, die \u201cWebsite\u201c) liegt bei mmmm.<\/p>\n<p>Der Besuch und\/oder die Nutzung der Website verleiht Ihnen die Eigenschaft eines Nutzers (im Folgenden, der \u201e<strong>Nutzer<\/strong>\u201c) und impliziert die Akzeptanz der vorliegenden Datenschutzrichtlinie seit genanntem Besuch und\/oder Nutzung derselben.<\/p>\n<p>Der Nutzer kann mmmm \u00fcber nachstehende E-Mail-Adresse kontaktieren: <strong>info@mmmm.es<\/strong>.<\/p>\n<p><strong>2.- Was berechtigt mmmm zur Verarbeitung von Daten?<\/strong><\/p>\n<p>Die Kanzlei mmmm ist zur Erhebung ihrer Daten berechtigt, damit sie ihr Leistungsangebot erbringen kann.<\/p>\n<p>mmmm nimmt den Schutz ihrer Privatsph\u00e4re und personenbezogenen Daten sehr ernst. Deshalb werden ihre personenbezogenen Daten sicher verwahrt und mit \u00e4u\u00dferster Sorgfalt verarbeitet.<\/p>\n<p>Die vorliegende Datenschutzrichtlinie reguliert den Zugriff auf sowie die Nutzung von Dienstleistungen (im Folgenden auch das \u201eLeistungsangebot\u201c), die mmmm dem an den in dieser Website angebotenen Leistungen und Inhalten interessierten Nutzer zur Verf\u00fcgung stellt.<\/p>\n<p>Wir weisen Sie darauf hin, dass Ihre Daten an Kooperationspartner von {m}, wie z.B. Steuerberater, Immobilienmakler oder Banken, zum Zwecke der Vertragserf\u00fcllung und\/oder Auftragsabwicklung weitergegeben werden k\u00f6nnen, sofern diese Daten erforderlich sind.<\/p>\n<p><strong>3.- F\u00fcr welche Zwecke verarbeitet mmmm personenbezogene Daten? <\/strong><\/p>\n<p><u>3.a Verarbeitung personenbezogener Daten seitens mmmm<\/u><\/p>\n<p>Ihre von mmmm erhobenen personenbezogenen Daten k\u00f6nnen zu folgenden Zwecken verwendet werden:<\/p>\n<ol>\n<li>Erbringung der \u00fcber die Website angebotenen Dienstleistungen.<\/li>\n<li>Versendung zielgerichteter kommerzieller Kommunikationen von mmmm \u00fcber ihr Leistungsangebot per Brief, Telefon, E-Mail, SMS\/MMS oder \u00fcber sonstige elektronische Kommunikationsmedien.<\/li>\n<\/ol>\n<p><strong>4.- Richtigkeit der von den Nutzern \u00fcbermittelten Daten <\/strong><\/p>\n<p>Der Nutzer stellt sicher, dass die \u00fcbermittelten personenbezogenen Daten der Wahrheit entsprechen und verpflichtet sich, mmmm \u00fcber jede \u00c4nderung derselben in Kenntnis zu setzen. In jedem Fall ist der Nutzer f\u00fcr die Richtigkeit der \u00fcbermittelten Daten haftbar, wobei sich mmmm das Recht vorbeh\u00e4lt, jeden Nutzer, der falsche Daten \u00fcbermittelt hat, von den registrierten Serviceleistungen auszuschlie\u00dfen, unbeschadet der Vornahme aller weiteren rechtlich gebotenen Handlungen.<\/p>\n<p><strong>5.-Vorratsspeicherung von Daten<\/strong><\/p>\n<p>Die \u00fcbermittelten personenbezogenen Daten werden von mmmm gespeichert, solange der Nutzer nicht erkl\u00e4rt, dass er sich von dem Service von mmmm, der dem Empfang von Kommunikationen \u00fcber das Leistungsangebot der Kanzlei entspricht, abzumelden w\u00fcnscht.<\/p>\n<p><strong>6.- Rechte des Nutzers im Zusammenhang mit seinen Daten <\/strong><\/p>\n<p>Der Nutzer hat das Recht auf (i) Zugang zu seinen personenbezogenen Daten, sowie das Recht auf (ii) die Berichtigung ungenauer Daten oder ggfs. das Recht auf (iii) deren L\u00f6schung, sowie das Recht auf (iv) die Einschr\u00e4nkung der Verarbeitung seiner Daten und das Recht auf (v) Widerspruch gegen die Verarbeitung seiner Daten und das Recht auf (vi) die Daten\u00fcbertragbarkeit. Dar\u00fcber hinaus ist er berechtigt, sein (vii) Recht auf Vergessenwerden auszu\u00fcben.<\/p>\n<p>Der Nutzer kann seine Rechte mittels \u00dcbermittlung des entsprechenden Antrags an die E-Mail-Adresse <u><a href=\"mailto:protecciondatos@mmmm.es\"><strong>protecciondatos@mmmm.es<\/strong><\/a><\/u> aus\u00fcben, unter Angabe von Gr\u00fcnden und Beibringung einer Kopie seines Personalausweises.<\/p>\n<p>Ebenso kann der Nutzer seinen Antrag per Post an nachstehende Anschrift schicken:<\/p>\n<h2>MONEREO MEYER ABOGADOS, S.L.P.<\/h2>\n<h2>Calle Agust\u00edn de Fox\u00e1, 4, 28036 Madrid, Spanien<\/h2>\n<p>Unbeschadet jeder sonstigen Einlegung von Rechtsbehelfen auf dem Verwaltungswege oder Rechtsmitteln vor Gericht, ist der Nutzer zur Einlegung einer Beschwerde vor einer Datenschutz-Aufsichtsbeh\u00f6rde berechtigt, insbesondere in dem Mitgliedsstaat, in dem er seinen st\u00e4ndigen Wohnsitz oder Besch\u00e4ftigungsort hat, oder an dem Ort, an dem die angebliche Rechtsverletzung stattgefunden hat, sofern er der Ansicht ist, dass die Erhebung seiner Daten nicht der Rechtsgebung entspricht, sowie, wenn der Aus\u00fcbung seiner Rechte nicht Genugtuung geleistet wird. Die Aufsichtsbeh\u00f6rde, bei der die entsprechende Beschwerde eingelegt wurde, wird den Beschwerdef\u00fchrer \u00fcber den Verlauf und das Ergebnis der Beschwerde in Kenntnis setzen.<\/p>\n<p><strong>7.- Datensicherheit<\/strong><\/p>\n<p>Der Schutz der Privatsph\u00e4re und der personenbezogenen Daten der Nutzer ist mmmm sehr wichtig. Deshalb unternimmt mmmm alles in ihrer Macht Stehende, um zu verhindern, dass ihre Daten in unangemessener Form verwendet werden und gew\u00e4hrt ausschlie\u00dflich authorisierten Mitarbeitern Zugang zu denselben.<\/p>\n<p>mmmm h\u00e4lt alle laut geltenden Rechtsvorschriften anwendbaren Datenschutzsicherheitsstandards ein und hat alle ihr zur Verf\u00fcgung stehenden technischen Vorkehrungen getroffen, um den Verlust, den Mi\u00dfbrauch, die Ver\u00e4nderung, den unberechtigten Zugriff und die Entwendung der vom Nutzer \u00fcber die Website \u00fcbermittelten Daten zu vermeiden, wenngleich wir Sie dar\u00fcber in Kenntnis setzen, dass die Sicherheitsma\u00dfnahmen im Internet nicht un\u00fcberwindbar sind.<\/p>\n<p>mmmm verpflichtet sich, ihrer Geheimhaltungs- und Vertraulichkeitspflicht bez\u00fcglich ihrer personenbezogenen Daten, gem\u00e4\u00df den geltenden Vorschriften, nachzukommen, sowie diesen im Fall von Daten\u00fcberlassungen und grenz\u00fcberschreitenden Datentransfers, die ggfs. eintreten k\u00f6nnten, eine sichere Verarbeitung zu verleihen.<\/p>\n<p>In jenen Dienstangeboten der Website, die einer Registrierung als Nutzer verlangen, mu\u00df ein Password angegeben werden. Der Nutzer ist verantwortlich f\u00fcr die Geheimhaltung dieses Passwortes, sowie f\u00fcr alle Aktivit\u00e4ten, die in der mit seinem Namen und Passwort angemeldeten Session stattfinden. Der Nutzer verpflichtet sich, mmmm umgehend \u00fcber die unberechtigte Nutzung seines Nutzernamens und\/oder Passwortes und \u00fcber jedwede sonstige Sicherheitsl\u00fccke in Kenntnis zu setzen. mmmm ist nicht f\u00fcr Sch\u00e4den oder Verluste haftbar, die aufgrund der Verletzung dieser Pflicht seitens des Nutzers verursacht werden k\u00f6nnten.<\/p>\n<p><strong>8.-<\/strong><strong>\u00c4nderungen<\/strong><\/p>\n<p>mmmm beh\u00e4lt sich das Recht vor, ihre Datenschutzrichtlinie zu \u00fcberpr\u00fcfen, immer dann, wenn sie dies f\u00fcr angebracht bzw. zweckdienlich h\u00e4lt. Aus diesem Grund bitten wir Sie, diese Datenschutzrichtlinie regelm\u00e4\u00dfig zu \u00fcberpr\u00fcfen, damit Sie die letzte Fassung derselben lesen. Nichtsdestotrotz wird der Nutzer \u00fcber jedwede \u00c4nderung dieser Datenschutzrichtlinie unterrichtet werden.<\/p>\n<p><strong>9.- Links zu anderen Webseiten<\/strong><\/p>\n<p>Die Website von mmmm k\u00f6nnte Links zu den Webseiten von Unternehmen und Gesellschaften Dritter beinhalten.<\/p>\n<p>mmmm kann nicht die Verantwortung f\u00fcr die Art und Weise, in der diese Unternehmen den Schutz der Privatsph\u00e4re und der personenbezogenen Daten behandeln, \u00fcbernehmen, weshalb wir Ihnen im Zusammenhang mit der Nutzung, der Verarbeitung und dem Schutz von personenbezogenen Daten dringend zur sorgf\u00e4ltigen Lekt\u00fcre der Datenschutzrichtlinien dieser nicht im Eigentum von mmmm stehenden Webseiten raten. Die von diesen Webseiten angebotenen Bedingungen k\u00f6nnen sich von den von mmmm angebotenen unterscheiden.<\/p>\n<p><strong>10.- Fragen<\/strong><\/p>\n<p>Sollten Sie Fragen bez\u00fcglich dieser Datenschutzrichtlinie oder die Erhebung ihrer Daten haben, wenden Sie sich bitte per E-Mail an nachstehende Adresse: \u00a0<strong>info@mmmm.es<\/strong><\/p>\n<p><strong>11.- Akzeptanz und Zustimmung <\/strong><\/p>\n<p>Der Nutzer erkl\u00e4rt, \u00fcber die Bedingungen betreffend den Schutz der personenbezogenen Daten unterrichtet worden zu sein, wobei er die Erhebung derselben durch mmmm, in der Form und f\u00fcr die in der vorliegenden Datenschutzrichtlinie angegebene Zwecke, akzeptiert und bewilligt.<\/p>\n","protected":false},"excerpt":{"rendered":"<p>1.- Wer ist verantwortlich f\u00fcr die Erhebung ihrer Daten? Verantwortlicher f\u00fcr die Erhebung ihrer personenbezogenen Daten ist die Kanzlei MONEREO MEYER ABOGADOS, S.L.P. (im Folgenden, mmmm), mit Steuernummer B-81941932, und Gesellschaftssitz in Agust\u00edn de Fox\u00e1, 4, 28036 Madrid. Die Rechtsinhaberschaft des Domainnamens unserer Website www.mmmm.es (im Folgenden, die \u201cWebsite\u201c) liegt bei mmmm. Der Besuch und\/oder [&hellip;]<\/p>\n","protected":false},"author":1,"featured_media":0,"parent":0,"menu_order":0,"comment_status":"closed","ping_status":"open","template":"","meta":[],"yoast_head":"<!-- This site is optimized with the Yoast SEO Premium plugin v21.6 (Yoast SEO v21.6) - https:\/\/yoast.com\/wordpress\/plugins\/seo\/ -->\n<title>Datenschutzrichtlinie von Monereo Meyer Abogados, S.L.P.<\/title>\n<meta name=\"description\" content=\"Datenschutzrichtlinie von Monereo Meyer Abogados, S.L.P.\" \/>\n<meta name=\"robots\" content=\"index, follow, max-snippet:-1, max-image-preview:large, max-video-preview:-1\" \/>\n<link rel=\"canonical\" href=\"https:\/\/www.mmmm.es\/de\/datenschutzrichtlinie-von-monereo-meyer-abogados-slp\/\" \/>\n<meta property=\"og:locale\" content=\"de_DE\" \/>\n<meta property=\"og:type\" content=\"article\" \/>\n<meta property=\"og:title\" content=\"Datenschutzrichtlinie von Monereo Meyer Abogados, S.L.P.\" \/>\n<meta property=\"og:description\" content=\"Datenschutzrichtlinie von Monereo Meyer Abogados, S.L.P.\" \/>\n<meta property=\"og:url\" content=\"https:\/\/www.mmmm.es\/de\/datenschutzrichtlinie-von-monereo-meyer-abogados-slp\/\" \/>\n<meta property=\"og:site_name\" content=\"Monereo Meyer Abogados\" \/>\n<meta property=\"article:modified_time\" content=\"2024-01-23T10:26:58+00:00\" \/>\n<meta name=\"twitter:card\" content=\"summary_large_image\" \/>\n<meta name=\"twitter:site\" content=\"@mmmm_abogados\" \/>\n<meta name=\"twitter:label1\" content=\"Gesch\u00e4tzte Lesezeit\" \/>\n\t<meta name=\"twitter:data1\" content=\"5\u00a0Minuten\" \/>\n<script type=\"application\/ld+json\" class=\"yoast-schema-graph\">{\"@context\":\"https:\/\/schema.org\",\"@graph\":[{\"@type\":\"WebPage\",\"@id\":\"https:\/\/www.mmmm.es\/de\/datenschutzrichtlinie-von-monereo-meyer-abogados-slp\/\",\"url\":\"https:\/\/www.mmmm.es\/de\/datenschutzrichtlinie-von-monereo-meyer-abogados-slp\/\",\"name\":\"Datenschutzrichtlinie von Monereo Meyer Abogados, S.L.P.\",\"isPartOf\":{\"@id\":\"https:\/\/www.mmmm.es\/de\/#website\"},\"datePublished\":\"2019-06-16T18:01:26+00:00\",\"dateModified\":\"2024-01-23T10:26:58+00:00\",\"description\":\"Datenschutzrichtlinie von Monereo Meyer Abogados, S.L.P.\",\"breadcrumb\":{\"@id\":\"https:\/\/www.mmmm.es\/de\/datenschutzrichtlinie-von-monereo-meyer-abogados-slp\/#breadcrumb\"},\"inLanguage\":\"de-DE\",\"potentialAction\":[{\"@type\":\"ReadAction\",\"target\":[\"https:\/\/www.mmmm.es\/de\/datenschutzrichtlinie-von-monereo-meyer-abogados-slp\/\"]}]},{\"@type\":\"BreadcrumbList\",\"@id\":\"https:\/\/www.mmmm.es\/de\/datenschutzrichtlinie-von-monereo-meyer-abogados-slp\/#breadcrumb\",\"itemListElement\":[{\"@type\":\"ListItem\",\"position\":1,\"name\":\"Home\",\"item\":\"https:\/\/www.mmmm.es\/de\/\"},{\"@type\":\"ListItem\",\"position\":2,\"name\":\"Datenschutzrichtlinie von Monereo Meyer Abogados, S.L.P.\"}]},{\"@type\":\"WebSite\",\"@id\":\"https:\/\/www.mmmm.es\/de\/#website\",\"url\":\"https:\/\/www.mmmm.es\/de\/\",\"name\":\"Monereo Meyer Abogados\",\"description\":\"Monereo Meyer Abogados\",\"publisher\":{\"@id\":\"https:\/\/www.mmmm.es\/de\/#organization\"},\"potentialAction\":[{\"@type\":\"SearchAction\",\"target\":{\"@type\":\"EntryPoint\",\"urlTemplate\":\"https:\/\/www.mmmm.es\/de\/?s={search_term_string}\"},\"query-input\":\"required name=search_term_string\"}],\"inLanguage\":\"de-DE\"},{\"@type\":\"Organization\",\"@id\":\"https:\/\/www.mmmm.es\/de\/#organization\",\"name\":\"Monereo Meyer Abogados\",\"url\":\"https:\/\/www.mmmm.es\/de\/\",\"logo\":{\"@type\":\"ImageObject\",\"inLanguage\":\"de-DE\",\"@id\":\"https:\/\/www.mmmm.es\/de\/#\/schema\/logo\/image\/\",\"url\":\"https:\/\/www.mmmm.es\/mmmm-content\/uploads\/2019\/11\/logo_azul.min_.svg\",\"contentUrl\":\"https:\/\/www.mmmm.es\/mmmm-content\/uploads\/2019\/11\/logo_azul.min_.svg\",\"width\":177,\"height\":66,\"caption\":\"Monereo Meyer Abogados\"},\"image\":{\"@id\":\"https:\/\/www.mmmm.es\/de\/#\/schema\/logo\/image\/\"},\"sameAs\":[\"https:\/\/twitter.com\/mmmm_abogados\"]}]}<\/script>\n<!-- \/ Yoast SEO Premium plugin. -->","yoast_head_json":{"title":"Datenschutzrichtlinie von Monereo Meyer Abogados, S.L.P.","description":"Datenschutzrichtlinie von Monereo Meyer Abogados, S.L.P.","robots":{"index":"index","follow":"follow","max-snippet":"max-snippet:-1","max-image-preview":"max-image-preview:large","max-video-preview":"max-video-preview:-1"},"canonical":"https:\/\/www.mmmm.es\/de\/datenschutzrichtlinie-von-monereo-meyer-abogados-slp\/","og_locale":"de_DE","og_type":"article","og_title":"Datenschutzrichtlinie von Monereo Meyer Abogados, S.L.P.","og_description":"Datenschutzrichtlinie von Monereo Meyer Abogados, S.L.P.","og_url":"https:\/\/www.mmmm.es\/de\/datenschutzrichtlinie-von-monereo-meyer-abogados-slp\/","og_site_name":"Monereo Meyer Abogados","article_modified_time":"2024-01-23T10:26:58+00:00","twitter_card":"summary_large_image","twitter_site":"@mmmm_abogados","twitter_misc":{"Gesch\u00e4tzte Lesezeit":"5\u00a0Minuten"},"schema":{"@context":"https:\/\/schema.org","@graph":[{"@type":"WebPage","@id":"https:\/\/www.mmmm.es\/de\/datenschutzrichtlinie-von-monereo-meyer-abogados-slp\/","url":"https:\/\/www.mmmm.es\/de\/datenschutzrichtlinie-von-monereo-meyer-abogados-slp\/","name":"Datenschutzrichtlinie von Monereo Meyer Abogados, S.L.P.","isPartOf":{"@id":"https:\/\/www.mmmm.es\/de\/#website"},"datePublished":"2019-06-16T18:01:26+00:00","dateModified":"2024-01-23T10:26:58+00:00","description":"Datenschutzrichtlinie von Monereo Meyer Abogados, S.L.P.","breadcrumb":{"@id":"https:\/\/www.mmmm.es\/de\/datenschutzrichtlinie-von-monereo-meyer-abogados-slp\/#breadcrumb"},"inLanguage":"de-DE","potentialAction":[{"@type":"ReadAction","target":["https:\/\/www.mmmm.es\/de\/datenschutzrichtlinie-von-monereo-meyer-abogados-slp\/"]}]},{"@type":"BreadcrumbList","@id":"https:\/\/www.mmmm.es\/de\/datenschutzrichtlinie-von-monereo-meyer-abogados-slp\/#breadcrumb","itemListElement":[{"@type":"ListItem","position":1,"name":"Home","item":"https:\/\/www.mmmm.es\/de\/"},{"@type":"ListItem","position":2,"name":"Datenschutzrichtlinie von Monereo Meyer Abogados, S.L.P."}]},{"@type":"WebSite","@id":"https:\/\/www.mmmm.es\/de\/#website","url":"https:\/\/www.mmmm.es\/de\/","name":"Monereo Meyer Abogados","description":"Monereo Meyer Abogados","publisher":{"@id":"https:\/\/www.mmmm.es\/de\/#organization"},"potentialAction":[{"@type":"SearchAction","target":{"@type":"EntryPoint","urlTemplate":"https:\/\/www.mmmm.es\/de\/?s={search_term_string}"},"query-input":"required name=search_term_string"}],"inLanguage":"de-DE"},{"@type":"Organization","@id":"https:\/\/www.mmmm.es\/de\/#organization","name":"Monereo Meyer Abogados","url":"https:\/\/www.mmmm.es\/de\/","logo":{"@type":"ImageObject","inLanguage":"de-DE","@id":"https:\/\/www.mmmm.es\/de\/#\/schema\/logo\/image\/","url":"https:\/\/www.mmmm.es\/mmmm-content\/uploads\/2019\/11\/logo_azul.min_.svg","contentUrl":"https:\/\/www.mmmm.es\/mmmm-content\/uploads\/2019\/11\/logo_azul.min_.svg","width":177,"height":66,"caption":"Monereo Meyer Abogados"},"image":{"@id":"https:\/\/www.mmmm.es\/de\/#\/schema\/logo\/image\/"},"sameAs":["https:\/\/twitter.com\/mmmm_abogados"]}]}},"_links":{"self":[{"href":"https:\/\/www.mmmm.es\/de\/wp-json\/wp\/v2\/pages\/1102\/"}],"collection":[{"href":"https:\/\/www.mmmm.es\/de\/wp-json\/wp\/v2\/pages\/"}],"about":[{"href":"https:\/\/www.mmmm.es\/de\/wp-json\/wp\/v2\/types\/page\/"}],"author":[{"embeddable":true,"href":"https:\/\/www.mmmm.es\/de\/wp-json\/wp\/v2\/users\/1\/"}],"replies":[{"embeddable":true,"href":"https:\/\/www.mmmm.es\/de\/wp-json\/wp\/v2\/comments\/?post=1102"}],"version-history":[{"count":5,"href":"https:\/\/www.mmmm.es\/de\/wp-json\/wp\/v2\/pages\/1102\/revisions\/"}],"predecessor-version":[{"id":20835,"href":"https:\/\/www.mmmm.es\/de\/wp-json\/wp\/v2\/pages\/1102\/revisions\/20835\/"}],"wp:attachment":[{"href":"https:\/\/www.mmmm.es\/de\/wp-json\/wp\/v2\/media\/?parent=1102"}],"curies":[{"name":"wp","href":"https:\/\/api.w.org\/{rel}","templated":true}]}}