{"id":1114,"date":"2019-06-16T20:17:51","date_gmt":"2019-06-16T18:17:51","guid":{"rendered":"https:\/\/www.mmmm.es\/monereo-meyer-abogados\/"},"modified":"2024-04-03T10:56:26","modified_gmt":"2024-04-03T08:56:26","slug":"kanzlei-spanien","status":"publish","type":"page","link":"https:\/\/www.mmmm.es\/de\/kanzlei-spanien\/","title":{"rendered":"Kanzlei"},"content":{"rendered":"<p><strong>Profil<\/strong><\/p>\n<p>Wir sind eine mittelgro\u00dfe, international t\u00e4tige Anwaltskanzlei in Spanien und Portugal mit 35 Anw\u00e4lten, schnell, dynamisch, agil und auf Augenh\u00f6he mit den ganz Gro\u00dfen. Uns kennzeichnet eine starke interkulturelle Kompetenz, vor allen Dingen mit deutsch-sprachigen L\u00e4ndern. Wir beraten und begleiten mit unseren B\u00fcros in Madrid, Barcelona, Palma, Teneriffa und Lissabon ausl\u00e4ndische Unternehmen bei ihren Gesch\u00e4ftsaktivit\u00e4ten in Spanien und Portugal.<\/p>\n<p>Unsere Welt befindet sich im st\u00e4ndigen Wandel. Da wir die Zukunft nicht vorhersehen k\u00f6nnen, versuchen wir stets am Ball zu bleiben. Wir legen gro\u00dfen Wert auf den direkten Kontakt mit unseren Mandanten. Durch diesen lebendigen Austausch k\u00f6nnen wir schnell herausfinden, wo die Herausforderungen und Probleme liegen, die sich in den verschiedenen Branchen stellen. Aus dieser N\u00e4he erw\u00e4chst das Vertrauen, das sie in uns setzen. Daf\u00fcr zeigen wir uns mit einem herausragenden Service erkenntlich.<\/p>\n<p><strong>International<\/strong><\/p>\n<p>Unsere Wurzeln liegen in der Beratung deutschsprachiger Unternehmen. Hier sind wir Marktf\u00fchrer in Spanien. Unsere Arbeit genie\u00dft innerhalb und au\u00dferhalb Spaniens hohes Ansehen. Dank unserer engen und zuweilen freundschaftlichen Beziehungen zu mehreren amerikanischen Kanzleien haben wir einen US Desk f\u00fcr amerikanische Privatpersonen und Unternehmen etabliert, die auf dem spanischen und portugiesischen Markt aktiv werden wollen, und sind so zu einer Kanzlei f\u00fcr den internationalen Mittelstand avanciert.<\/p>\n<p>Unsere Anw\u00e4lte engagieren sich aktiv in internationalen Organisationen wie der IBA, der UIA und der AIJA und nehmen dort in vielen F\u00e4llen verantwortungsvolle \u00c4mter wahr. Dar\u00fcber hinaus sind wir Mitgr\u00fcnder der CBBL Cross Border Business Law AG, des einzigen, weltweit agierenden Netzwerks deutschsprachiger Wirtschaftskanzleien im Ausland, das derzeit 60 L\u00e4nder auf f\u00fcnf Kontinenten umspannt.<\/p>\n<p><strong>Auszeichnungen<\/strong><\/p>\n<p>Wir werden von renommierten, unabh\u00e4ngigen Anwaltsf\u00fchrern wie Legal 500, Chambers &amp; Partners und Who\u2019s Who Legal empfohlen.<\/p>\n<p><em>The firm has a significant focus on serving the Spanish corporate governance, M&amp;A, real estate and finance needs of clients from German-speaking markets. Interviewees note that a key strength is &#8222;the bridge they can make between Spanish and German law,&#8220; adding: &#8222;They can make the differences understood in the German language and while thinking about the specific German law elements, which are sometimes notably different.&#8220;<\/em> Corporate M&amp;A &#8211; Chambers Global 2018<\/p>\n<p><em>Advises companies and individuals from German-speaking countries on a wide range of commercial and civil litigation topics. Benefits from the presence of several dual-qualified partners based in both Madrid and Barcelona. Stefan Meyer heads the German desk, while Michael Fries and Sonia Gumpert Melgosa are key contacts for dispute matters.<\/em><br \/>\nDispute Resolution \u2013 Chambers Global 2018<\/p>\n<p><em>Proven track record advising international clients on operations in Spain, with particular focus on the German-speaking market. Assists Spanish companies with M&amp;A transactions in foreign markets and offers expertise in distressed matters. Also experienced in international joint ventures and company start-ups. Noteworthy work on behalf of clients with activity in the automotive sector.<\/em><br \/>\n<em>Strengths Interviewees appreciate that &#8222;you can contact the senior lawyers easily and they have the experience and skills necessary. A high-quality performance.&#8220;<\/em><br \/>\nBarcelona, Corporate M&amp;A (Band 4) \u2013 Chambers Europe 2018<\/p>\n<p><em>Regularly retained for advice on civil and commercial litigation emanating from sectors such as luxury goods, telecommunications and transport. Particularly skilful at assisting German clients with their Spanish conflicts thanks to the team&#8217;s dual-qualified practitioners. Also represents private individuals. Notable activity of late in the retail sector.<\/em><br \/>\n<em>Strengths Interviewees note: &#8222;It&#8217;s a firm with great professionals. The lawyers are efficient and give quick answers to all matters, without losing legal accuracy.&#8220;<\/em> Barcelona, Dispute Resolution (Band 4) &#8211; Chambers Europe 2018<\/p>\n","protected":false},"excerpt":{"rendered":"<p>Profil Wir sind eine mittelgro\u00dfe, international t\u00e4tige Anwaltskanzlei in Spanien und Portugal mit 35 Anw\u00e4lten, schnell, dynamisch, agil und auf Augenh\u00f6he mit den ganz Gro\u00dfen. Uns kennzeichnet eine starke interkulturelle Kompetenz, vor allen Dingen mit deutsch-sprachigen L\u00e4ndern. Wir beraten und begleiten mit unseren B\u00fcros in Madrid, Barcelona, Palma, Teneriffa und Lissabon ausl\u00e4ndische Unternehmen bei ihren [&hellip;]<\/p>\n","protected":false},"author":1,"featured_media":0,"parent":0,"menu_order":0,"comment_status":"closed","ping_status":"closed","template":"page-firm.php","meta":[],"yoast_head":"<!-- This site is optimized with the Yoast SEO Premium plugin v21.6 (Yoast SEO v21.6) - https:\/\/yoast.com\/wordpress\/plugins\/seo\/ -->\n<title>Deutsch-spanische Kanzlei in Madrid, Barcelona, Mallorca und Lissabon<\/title>\n<meta name=\"description\" content=\"Anwaltskanzlei in Spanien und Portugal mit 40 Anw\u00e4lten. Wir beraten ausl\u00e4ndische Unternehmen bei ihren Gesch\u00e4ftsaktivit\u00e4ten in Spanien und Portugal. Kontaktieren Sie uns!\" \/>\n<meta name=\"robots\" content=\"index, follow, max-snippet:-1, max-image-preview:large, max-video-preview:-1\" \/>\n<link rel=\"canonical\" href=\"https:\/\/www.mmmm.es\/de\/kanzlei-spanien\/\" \/>\n<meta property=\"og:locale\" content=\"de_DE\" \/>\n<meta property=\"og:type\" content=\"article\" \/>\n<meta property=\"og:title\" content=\"Kanzlei\" \/>\n<meta property=\"og:description\" content=\"Anwaltskanzlei in Spanien und Portugal mit 40 Anw\u00e4lten. Wir beraten ausl\u00e4ndische Unternehmen bei ihren Gesch\u00e4ftsaktivit\u00e4ten in Spanien und Portugal. Kontaktieren Sie uns!\" \/>\n<meta property=\"og:url\" content=\"https:\/\/www.mmmm.es\/de\/kanzlei-spanien\/\" \/>\n<meta property=\"og:site_name\" content=\"Monereo Meyer Abogados\" \/>\n<meta property=\"article:modified_time\" content=\"2024-04-03T08:56:26+00:00\" \/>\n<meta name=\"twitter:card\" content=\"summary_large_image\" \/>\n<meta name=\"twitter:site\" content=\"@mmmm_abogados\" \/>\n<meta name=\"twitter:label1\" content=\"Gesch\u00e4tzte Lesezeit\" \/>\n\t<meta name=\"twitter:data1\" content=\"3\u00a0Minuten\" \/>\n<script type=\"application\/ld+json\" class=\"yoast-schema-graph\">{\"@context\":\"https:\/\/schema.org\",\"@graph\":[{\"@type\":\"WebPage\",\"@id\":\"https:\/\/www.mmmm.es\/de\/kanzlei-spanien\/\",\"url\":\"https:\/\/www.mmmm.es\/de\/kanzlei-spanien\/\",\"name\":\"Deutsch-spanische Kanzlei in Madrid, Barcelona, Mallorca und Lissabon\",\"isPartOf\":{\"@id\":\"https:\/\/www.mmmm.es\/de\/#website\"},\"datePublished\":\"2019-06-16T18:17:51+00:00\",\"dateModified\":\"2024-04-03T08:56:26+00:00\",\"description\":\"Anwaltskanzlei in Spanien und Portugal mit 40 Anw\u00e4lten. Wir beraten ausl\u00e4ndische Unternehmen bei ihren Gesch\u00e4ftsaktivit\u00e4ten in Spanien und Portugal. Kontaktieren Sie uns!\",\"breadcrumb\":{\"@id\":\"https:\/\/www.mmmm.es\/de\/kanzlei-spanien\/#breadcrumb\"},\"inLanguage\":\"de-DE\",\"potentialAction\":[{\"@type\":\"ReadAction\",\"target\":[\"https:\/\/www.mmmm.es\/de\/kanzlei-spanien\/\"]}]},{\"@type\":\"BreadcrumbList\",\"@id\":\"https:\/\/www.mmmm.es\/de\/kanzlei-spanien\/#breadcrumb\",\"itemListElement\":[{\"@type\":\"ListItem\",\"position\":1,\"name\":\"Home\",\"item\":\"https:\/\/www.mmmm.es\/de\/\"},{\"@type\":\"ListItem\",\"position\":2,\"name\":\"Kanzlei\"}]},{\"@type\":\"WebSite\",\"@id\":\"https:\/\/www.mmmm.es\/de\/#website\",\"url\":\"https:\/\/www.mmmm.es\/de\/\",\"name\":\"Monereo Meyer Abogados\",\"description\":\"Monereo Meyer Abogados\",\"publisher\":{\"@id\":\"https:\/\/www.mmmm.es\/de\/#organization\"},\"potentialAction\":[{\"@type\":\"SearchAction\",\"target\":{\"@type\":\"EntryPoint\",\"urlTemplate\":\"https:\/\/www.mmmm.es\/de\/?s={search_term_string}\"},\"query-input\":\"required name=search_term_string\"}],\"inLanguage\":\"de-DE\"},{\"@type\":\"Organization\",\"@id\":\"https:\/\/www.mmmm.es\/de\/#organization\",\"name\":\"Monereo Meyer Abogados\",\"url\":\"https:\/\/www.mmmm.es\/de\/\",\"logo\":{\"@type\":\"ImageObject\",\"inLanguage\":\"de-DE\",\"@id\":\"https:\/\/www.mmmm.es\/de\/#\/schema\/logo\/image\/\",\"url\":\"https:\/\/www.mmmm.es\/mmmm-content\/uploads\/2019\/11\/logo_azul.min_.svg\",\"contentUrl\":\"https:\/\/www.mmmm.es\/mmmm-content\/uploads\/2019\/11\/logo_azul.min_.svg\",\"width\":177,\"height\":66,\"caption\":\"Monereo Meyer Abogados\"},\"image\":{\"@id\":\"https:\/\/www.mmmm.es\/de\/#\/schema\/logo\/image\/\"},\"sameAs\":[\"https:\/\/twitter.com\/mmmm_abogados\"]}]}<\/script>\n<!-- \/ Yoast SEO Premium plugin. -->","yoast_head_json":{"title":"Deutsch-spanische Kanzlei in Madrid, Barcelona, Mallorca und Lissabon","description":"Anwaltskanzlei in Spanien und Portugal mit 40 Anw\u00e4lten. Wir beraten ausl\u00e4ndische Unternehmen bei ihren Gesch\u00e4ftsaktivit\u00e4ten in Spanien und Portugal. Kontaktieren Sie uns!","robots":{"index":"index","follow":"follow","max-snippet":"max-snippet:-1","max-image-preview":"max-image-preview:large","max-video-preview":"max-video-preview:-1"},"canonical":"https:\/\/www.mmmm.es\/de\/kanzlei-spanien\/","og_locale":"de_DE","og_type":"article","og_title":"Kanzlei","og_description":"Anwaltskanzlei in Spanien und Portugal mit 40 Anw\u00e4lten. Wir beraten ausl\u00e4ndische Unternehmen bei ihren Gesch\u00e4ftsaktivit\u00e4ten in Spanien und Portugal. Kontaktieren Sie uns!","og_url":"https:\/\/www.mmmm.es\/de\/kanzlei-spanien\/","og_site_name":"Monereo Meyer Abogados","article_modified_time":"2024-04-03T08:56:26+00:00","twitter_card":"summary_large_image","twitter_site":"@mmmm_abogados","twitter_misc":{"Gesch\u00e4tzte Lesezeit":"3\u00a0Minuten"},"schema":{"@context":"https:\/\/schema.org","@graph":[{"@type":"WebPage","@id":"https:\/\/www.mmmm.es\/de\/kanzlei-spanien\/","url":"https:\/\/www.mmmm.es\/de\/kanzlei-spanien\/","name":"Deutsch-spanische Kanzlei in Madrid, Barcelona, Mallorca und Lissabon","isPartOf":{"@id":"https:\/\/www.mmmm.es\/de\/#website"},"datePublished":"2019-06-16T18:17:51+00:00","dateModified":"2024-04-03T08:56:26+00:00","description":"Anwaltskanzlei in Spanien und Portugal mit 40 Anw\u00e4lten. Wir beraten ausl\u00e4ndische Unternehmen bei ihren Gesch\u00e4ftsaktivit\u00e4ten in Spanien und Portugal. Kontaktieren Sie uns!","breadcrumb":{"@id":"https:\/\/www.mmmm.es\/de\/kanzlei-spanien\/#breadcrumb"},"inLanguage":"de-DE","potentialAction":[{"@type":"ReadAction","target":["https:\/\/www.mmmm.es\/de\/kanzlei-spanien\/"]}]},{"@type":"BreadcrumbList","@id":"https:\/\/www.mmmm.es\/de\/kanzlei-spanien\/#breadcrumb","itemListElement":[{"@type":"ListItem","position":1,"name":"Home","item":"https:\/\/www.mmmm.es\/de\/"},{"@type":"ListItem","position":2,"name":"Kanzlei"}]},{"@type":"WebSite","@id":"https:\/\/www.mmmm.es\/de\/#website","url":"https:\/\/www.mmmm.es\/de\/","name":"Monereo Meyer Abogados","description":"Monereo Meyer Abogados","publisher":{"@id":"https:\/\/www.mmmm.es\/de\/#organization"},"potentialAction":[{"@type":"SearchAction","target":{"@type":"EntryPoint","urlTemplate":"https:\/\/www.mmmm.es\/de\/?s={search_term_string}"},"query-input":"required name=search_term_string"}],"inLanguage":"de-DE"},{"@type":"Organization","@id":"https:\/\/www.mmmm.es\/de\/#organization","name":"Monereo Meyer Abogados","url":"https:\/\/www.mmmm.es\/de\/","logo":{"@type":"ImageObject","inLanguage":"de-DE","@id":"https:\/\/www.mmmm.es\/de\/#\/schema\/logo\/image\/","url":"https:\/\/www.mmmm.es\/mmmm-content\/uploads\/2019\/11\/logo_azul.min_.svg","contentUrl":"https:\/\/www.mmmm.es\/mmmm-content\/uploads\/2019\/11\/logo_azul.min_.svg","width":177,"height":66,"caption":"Monereo Meyer Abogados"},"image":{"@id":"https:\/\/www.mmmm.es\/de\/#\/schema\/logo\/image\/"},"sameAs":["https:\/\/twitter.com\/mmmm_abogados"]}]}},"_links":{"self":[{"href":"https:\/\/www.mmmm.es\/de\/wp-json\/wp\/v2\/pages\/1114\/"}],"collection":[{"href":"https:\/\/www.mmmm.es\/de\/wp-json\/wp\/v2\/pages\/"}],"about":[{"href":"https:\/\/www.mmmm.es\/de\/wp-json\/wp\/v2\/types\/page\/"}],"author":[{"embeddable":true,"href":"https:\/\/www.mmmm.es\/de\/wp-json\/wp\/v2\/users\/1\/"}],"replies":[{"embeddable":true,"href":"https:\/\/www.mmmm.es\/de\/wp-json\/wp\/v2\/comments\/?post=1114"}],"version-history":[{"count":7,"href":"https:\/\/www.mmmm.es\/de\/wp-json\/wp\/v2\/pages\/1114\/revisions\/"}],"predecessor-version":[{"id":21104,"href":"https:\/\/www.mmmm.es\/de\/wp-json\/wp\/v2\/pages\/1114\/revisions\/21104\/"}],"wp:attachment":[{"href":"https:\/\/www.mmmm.es\/de\/wp-json\/wp\/v2\/media\/?parent=1114"}],"curies":[{"name":"wp","href":"https:\/\/api.w.org\/{rel}","templated":true}]}}