{"id":1358,"date":"2019-10-06T17:12:12","date_gmt":"2019-10-06T15:12:12","guid":{"rendered":"https:\/\/www.mmmm.es\/?page_id=1358"},"modified":"2025-09-04T14:53:07","modified_gmt":"2025-09-04T12:53:07","slug":"german","status":"publish","type":"page","link":"https:\/\/www.mmmm.es\/de\/desks-anwaelte\/german\/","title":{"rendered":"German Desk"},"content":{"rendered":"<p>Deutschland ist nach Frankreich der zweitwichtigste Handelspartner Spaniens. Die Exporte von Spanien in die drei deutschsprachigen L\u00e4nder (Deutschland, \u00d6sterreich und die Schweiz) belaufen sich aktuell auf rund\u00a0<strong>39,2 Mrd. Euro pro Jahr<\/strong>, d. h. deutlich weniger als die Importe aus diesen L\u00e4ndern, die etwa\u00a0<strong>54,6 Mrd. Euro pro Jahr<\/strong>\u00a0betragen. In praktisch allen Industriezweigen gibt es bedeutende deutsche, \u00f6sterreichische und schweizer Investitionen in Spanien und umgekehrt.<\/p>\n<p>Monereo Meyer Abogados unterscheidet sich von anderen spanischen Anwaltskanzleien durch seine 35 Anw\u00e4lte, von denen die meisten Deutsch sprechen, und wartet somit mit dem namhaftesten German Desk in Spanien und Portugal auf. Zw\u00f6lf unserer Anw\u00e4lte sind in einem der genannten drei deutschsprachigen L\u00e4ndern zugelassen.<\/p>\n<p>Seit unserer Gr\u00fcndung im Jahre 1989 pflegen wir eine konsolidierte und enge Zusammenarbeit mit Vertrauenskanzleien in den diversen Handelszentren Deutschlands, \u00d6sterreichs und der Schweiz und leisten von unseren Niederlassungen in Spanien aus spanischen Unternehmen, die in einem dieser L\u00e4nder eine Gesch\u00e4ftst\u00e4tigkeit aufnehmen oder unterhalten, effizienten Beistand. Ferner ist Monereo Meyer Abogados Mitglied von CBBL (<a href=\"https:\/\/www.cbbl-lawyers.de\/spanien\/\">www.cbbl-lawyers.de<\/a>), dem einzigen Netz von deutschsprachigen Anwaltskanzleien weltweit.<\/p>\n<p>Die Anw\u00e4lte unserer Kanzlei, die das German Desk bilden, sind mit der in Deutschland, \u00d6sterreich und der Schweiz herrschenden Gesch\u00e4ftskultur und der Rechtsordnung dieser L\u00e4nder voll vertraut.<\/p>\n","protected":false},"excerpt":{"rendered":"<p>Deutschland ist nach Frankreich der zweitwichtigste Handelspartner Spaniens. Die Exporte von Spanien in die drei deutschsprachigen L\u00e4nder (Deutschland, \u00d6sterreich und die Schweiz) belaufen sich aktuell auf rund\u00a039,2 Mrd. Euro pro Jahr, d. h. deutlich weniger als die Importe aus diesen L\u00e4ndern, die etwa\u00a054,6 Mrd. Euro pro Jahr\u00a0betragen. In praktisch allen Industriezweigen gibt es bedeutende deutsche, [&hellip;]<\/p>\n","protected":false},"author":1,"featured_media":0,"parent":1360,"menu_order":0,"comment_status":"closed","ping_status":"closed","template":"page-text_two_columns.php","meta":[],"yoast_head":"<!-- This site is optimized with the Yoast SEO Premium plugin v21.6 (Yoast SEO v21.6) - https:\/\/yoast.com\/wordpress\/plugins\/seo\/ -->\n<title>German Desk - Monereo Meyer Abogados<\/title>\n<meta name=\"description\" content=\"Deutschland ist nach Frankreich der zweitwichtigste Handelspartner Spaniens. Die Exporte von Spanien in die drei deutschsprachigen L\u00e4nder (Deutschland, \u00d6sterreich und die Schweiz)\" \/>\n<meta name=\"robots\" content=\"index, follow, max-snippet:-1, max-image-preview:large, max-video-preview:-1\" \/>\n<link rel=\"canonical\" href=\"https:\/\/www.mmmm.es\/de\/desks-anwaelte\/german\/\" \/>\n<meta property=\"og:locale\" content=\"de_DE\" \/>\n<meta property=\"og:type\" content=\"article\" \/>\n<meta property=\"og:title\" content=\"German Desk\" \/>\n<meta property=\"og:description\" content=\"Deutschland ist nach Frankreich der zweitwichtigste Handelspartner Spaniens. Die Exporte von Spanien in die drei deutschsprachigen L\u00e4nder (Deutschland, \u00d6sterreich und die Schweiz)\" \/>\n<meta property=\"og:url\" content=\"https:\/\/www.mmmm.es\/de\/desks-anwaelte\/german\/\" \/>\n<meta property=\"og:site_name\" content=\"Monereo Meyer Abogados\" \/>\n<meta property=\"article:modified_time\" content=\"2025-09-04T12:53:07+00:00\" \/>\n<meta name=\"twitter:card\" content=\"summary_large_image\" \/>\n<meta name=\"twitter:site\" content=\"@mmmm_abogados\" \/>\n<meta name=\"twitter:label1\" content=\"Gesch\u00e4tzte Lesezeit\" \/>\n\t<meta name=\"twitter:data1\" content=\"1\u00a0Minute\" \/>\n<script type=\"application\/ld+json\" class=\"yoast-schema-graph\">{\"@context\":\"https:\/\/schema.org\",\"@graph\":[{\"@type\":\"WebPage\",\"@id\":\"https:\/\/www.mmmm.es\/de\/desks-anwaelte\/german\/\",\"url\":\"https:\/\/www.mmmm.es\/de\/desks-anwaelte\/german\/\",\"name\":\"German Desk - Monereo Meyer Abogados\",\"isPartOf\":{\"@id\":\"https:\/\/www.mmmm.es\/de\/#website\"},\"datePublished\":\"2019-10-06T15:12:12+00:00\",\"dateModified\":\"2025-09-04T12:53:07+00:00\",\"description\":\"Deutschland ist nach Frankreich der zweitwichtigste Handelspartner Spaniens. Die Exporte von Spanien in die drei deutschsprachigen L\u00e4nder (Deutschland, \u00d6sterreich und die Schweiz)\",\"breadcrumb\":{\"@id\":\"https:\/\/www.mmmm.es\/de\/desks-anwaelte\/german\/#breadcrumb\"},\"inLanguage\":\"de-DE\",\"potentialAction\":[{\"@type\":\"ReadAction\",\"target\":[\"https:\/\/www.mmmm.es\/de\/desks-anwaelte\/german\/\"]}]},{\"@type\":\"BreadcrumbList\",\"@id\":\"https:\/\/www.mmmm.es\/de\/desks-anwaelte\/german\/#breadcrumb\",\"itemListElement\":[{\"@type\":\"ListItem\",\"position\":1,\"name\":\"Home\",\"item\":\"https:\/\/www.mmmm.es\/de\/\"},{\"@type\":\"ListItem\",\"position\":2,\"name\":\"Desks Anwaelte\",\"item\":\"https:\/\/www.mmmm.es\/de\/desks-anwaelte\/\"},{\"@type\":\"ListItem\",\"position\":3,\"name\":\"German Desk\"}]},{\"@type\":\"WebSite\",\"@id\":\"https:\/\/www.mmmm.es\/de\/#website\",\"url\":\"https:\/\/www.mmmm.es\/de\/\",\"name\":\"Monereo Meyer Abogados\",\"description\":\"Monereo Meyer Abogados\",\"publisher\":{\"@id\":\"https:\/\/www.mmmm.es\/de\/#organization\"},\"potentialAction\":[{\"@type\":\"SearchAction\",\"target\":{\"@type\":\"EntryPoint\",\"urlTemplate\":\"https:\/\/www.mmmm.es\/de\/?s={search_term_string}\"},\"query-input\":\"required name=search_term_string\"}],\"inLanguage\":\"de-DE\"},{\"@type\":\"Organization\",\"@id\":\"https:\/\/www.mmmm.es\/de\/#organization\",\"name\":\"Monereo Meyer Abogados\",\"url\":\"https:\/\/www.mmmm.es\/de\/\",\"logo\":{\"@type\":\"ImageObject\",\"inLanguage\":\"de-DE\",\"@id\":\"https:\/\/www.mmmm.es\/de\/#\/schema\/logo\/image\/\",\"url\":\"https:\/\/www.mmmm.es\/mmmm-content\/uploads\/2019\/11\/logo_azul.min_.svg\",\"contentUrl\":\"https:\/\/www.mmmm.es\/mmmm-content\/uploads\/2019\/11\/logo_azul.min_.svg\",\"width\":177,\"height\":66,\"caption\":\"Monereo Meyer Abogados\"},\"image\":{\"@id\":\"https:\/\/www.mmmm.es\/de\/#\/schema\/logo\/image\/\"},\"sameAs\":[\"https:\/\/twitter.com\/mmmm_abogados\"]}]}<\/script>\n<!-- \/ Yoast SEO Premium plugin. -->","yoast_head_json":{"title":"German Desk - Monereo Meyer Abogados","description":"Deutschland ist nach Frankreich der zweitwichtigste Handelspartner Spaniens. Die Exporte von Spanien in die drei deutschsprachigen L\u00e4nder (Deutschland, \u00d6sterreich und die Schweiz)","robots":{"index":"index","follow":"follow","max-snippet":"max-snippet:-1","max-image-preview":"max-image-preview:large","max-video-preview":"max-video-preview:-1"},"canonical":"https:\/\/www.mmmm.es\/de\/desks-anwaelte\/german\/","og_locale":"de_DE","og_type":"article","og_title":"German Desk","og_description":"Deutschland ist nach Frankreich der zweitwichtigste Handelspartner Spaniens. Die Exporte von Spanien in die drei deutschsprachigen L\u00e4nder (Deutschland, \u00d6sterreich und die Schweiz)","og_url":"https:\/\/www.mmmm.es\/de\/desks-anwaelte\/german\/","og_site_name":"Monereo Meyer Abogados","article_modified_time":"2025-09-04T12:53:07+00:00","twitter_card":"summary_large_image","twitter_site":"@mmmm_abogados","twitter_misc":{"Gesch\u00e4tzte Lesezeit":"1\u00a0Minute"},"schema":{"@context":"https:\/\/schema.org","@graph":[{"@type":"WebPage","@id":"https:\/\/www.mmmm.es\/de\/desks-anwaelte\/german\/","url":"https:\/\/www.mmmm.es\/de\/desks-anwaelte\/german\/","name":"German Desk - Monereo Meyer Abogados","isPartOf":{"@id":"https:\/\/www.mmmm.es\/de\/#website"},"datePublished":"2019-10-06T15:12:12+00:00","dateModified":"2025-09-04T12:53:07+00:00","description":"Deutschland ist nach Frankreich der zweitwichtigste Handelspartner Spaniens. Die Exporte von Spanien in die drei deutschsprachigen L\u00e4nder (Deutschland, \u00d6sterreich und die Schweiz)","breadcrumb":{"@id":"https:\/\/www.mmmm.es\/de\/desks-anwaelte\/german\/#breadcrumb"},"inLanguage":"de-DE","potentialAction":[{"@type":"ReadAction","target":["https:\/\/www.mmmm.es\/de\/desks-anwaelte\/german\/"]}]},{"@type":"BreadcrumbList","@id":"https:\/\/www.mmmm.es\/de\/desks-anwaelte\/german\/#breadcrumb","itemListElement":[{"@type":"ListItem","position":1,"name":"Home","item":"https:\/\/www.mmmm.es\/de\/"},{"@type":"ListItem","position":2,"name":"Desks Anwaelte","item":"https:\/\/www.mmmm.es\/de\/desks-anwaelte\/"},{"@type":"ListItem","position":3,"name":"German Desk"}]},{"@type":"WebSite","@id":"https:\/\/www.mmmm.es\/de\/#website","url":"https:\/\/www.mmmm.es\/de\/","name":"Monereo Meyer Abogados","description":"Monereo Meyer Abogados","publisher":{"@id":"https:\/\/www.mmmm.es\/de\/#organization"},"potentialAction":[{"@type":"SearchAction","target":{"@type":"EntryPoint","urlTemplate":"https:\/\/www.mmmm.es\/de\/?s={search_term_string}"},"query-input":"required name=search_term_string"}],"inLanguage":"de-DE"},{"@type":"Organization","@id":"https:\/\/www.mmmm.es\/de\/#organization","name":"Monereo Meyer Abogados","url":"https:\/\/www.mmmm.es\/de\/","logo":{"@type":"ImageObject","inLanguage":"de-DE","@id":"https:\/\/www.mmmm.es\/de\/#\/schema\/logo\/image\/","url":"https:\/\/www.mmmm.es\/mmmm-content\/uploads\/2019\/11\/logo_azul.min_.svg","contentUrl":"https:\/\/www.mmmm.es\/mmmm-content\/uploads\/2019\/11\/logo_azul.min_.svg","width":177,"height":66,"caption":"Monereo Meyer Abogados"},"image":{"@id":"https:\/\/www.mmmm.es\/de\/#\/schema\/logo\/image\/"},"sameAs":["https:\/\/twitter.com\/mmmm_abogados"]}]}},"_links":{"self":[{"href":"https:\/\/www.mmmm.es\/de\/wp-json\/wp\/v2\/pages\/1358\/"}],"collection":[{"href":"https:\/\/www.mmmm.es\/de\/wp-json\/wp\/v2\/pages\/"}],"about":[{"href":"https:\/\/www.mmmm.es\/de\/wp-json\/wp\/v2\/types\/page\/"}],"author":[{"embeddable":true,"href":"https:\/\/www.mmmm.es\/de\/wp-json\/wp\/v2\/users\/1\/"}],"replies":[{"embeddable":true,"href":"https:\/\/www.mmmm.es\/de\/wp-json\/wp\/v2\/comments\/?post=1358"}],"version-history":[{"count":4,"href":"https:\/\/www.mmmm.es\/de\/wp-json\/wp\/v2\/pages\/1358\/revisions\/"}],"predecessor-version":[{"id":22748,"href":"https:\/\/www.mmmm.es\/de\/wp-json\/wp\/v2\/pages\/1358\/revisions\/22748\/"}],"up":[{"embeddable":true,"href":"https:\/\/www.mmmm.es\/de\/wp-json\/wp\/v2\/pages\/1360\/"}],"wp:attachment":[{"href":"https:\/\/www.mmmm.es\/de\/wp-json\/wp\/v2\/media\/?parent=1358"}],"curies":[{"name":"wp","href":"https:\/\/api.w.org\/{rel}","templated":true}]}}