{"id":16943,"date":"2021-04-05T11:36:08","date_gmt":"2021-04-05T09:36:08","guid":{"rendered":"https:\/\/www.mmmm.es\/?page_id=16943"},"modified":"2022-01-20T12:36:37","modified_gmt":"2022-01-20T11:36:37","slug":"andres-monereo-velasco","status":"publish","type":"page","link":"https:\/\/www.mmmm.es\/de\/andres-monereo-velasco\/","title":{"rendered":"Andr\u00e9s Monereo Velasco (Juni 1961 &#8211; April 2021)"},"content":{"rendered":"<p>&nbsp;<\/p>\n<p>Mit tiefem Bedauern m\u00fcssen wir Ihnen die traurige Nachricht vom Ableben unseres gesch\u00e4tzten Freundes, Kollegen und Gr\u00fcndungspartners, Andr\u00e9s Monereo Velasco, am fr\u00fchen Morgen des 2. April bekannt geben.<\/p>\n<p>Andr\u00e9s Monereo wurde 1961 in Madrid geboren, studierte Rechtswissenschaften und Unternehmensf\u00fchrung an der Universidad Pontificia Comillas (ICADE). Er begann 1985 seine Laufbahn als Rechtsanwalt mit den Schwerpunkten Immobilien- und Handelsrecht. 1989 legte er als Mitgr\u00fcnder von Monereo Meyer Abogados den Grundstein f\u00fcr eine Kanzlei, die heutzutage gro\u00dfes Ansehen bei der Beratung internationaler Mandanten mit Interessen in Spanien genie\u00dft. Andr\u00e9s war ausserdem <em>Of Counsel<\/em> unserer US-amerikanischen Partnerkanzlei und mitverantwortlich f\u00far unseren US Desk.<\/p>\n<p>Andr\u00e9s stand f\u00fcr einen herausragenden Juristen und f\u00fcr menschliche Qualit\u00e4t. Er wird uns mit seiner Hingabe f\u00fcr die Kanzlei, die er gr\u00fcndete, wachsen und gro\u00df werden sah, sowie seiner integren und professionellen Art immer in Erinnerung bleiben und eine schmerzhafte L\u00fccke hinterlassen, die niemals gef\u00fcllt werden kann.<\/p>\n<p>Seitens Monereo Meyer Abogados trauern wir um diesen schweren Verlust und sprechen seiner Familie und seinen Freunden unsere tiefe Anteilnahme aus.<\/p>\n","protected":false},"excerpt":{"rendered":"<p>&nbsp; Mit tiefem Bedauern m\u00fcssen wir Ihnen die traurige Nachricht vom Ableben unseres gesch\u00e4tzten Freundes, Kollegen und Gr\u00fcndungspartners, Andr\u00e9s Monereo Velasco, am fr\u00fchen Morgen des 2. April bekannt geben. Andr\u00e9s Monereo wurde 1961 in Madrid geboren, studierte Rechtswissenschaften und Unternehmensf\u00fchrung an der Universidad Pontificia Comillas (ICADE). Er begann 1985 seine Laufbahn als Rechtsanwalt mit den [&hellip;]<\/p>\n","protected":false},"author":33,"featured_media":0,"parent":0,"menu_order":0,"comment_status":"closed","ping_status":"closed","template":"templates\/andres-monereo.php","meta":[],"yoast_head":"<!-- This site is optimized with the Yoast SEO Premium plugin v21.6 (Yoast SEO v21.6) - https:\/\/yoast.com\/wordpress\/plugins\/seo\/ -->\n<title>Andr\u00e9s Monereo Velasco (Juni 1961 - April 2021)<\/title>\n<meta name=\"description\" content=\"Mit tiefem Bedauern m\u00fcssen wir Ihnen die traurige Nachricht vom pl\u00f6tzlichen Ableben unseres gesch\u00e4tzten Freundes, Kollegen und Gr\u00fcndungspartners, Andr\u00e9s Monereo Velasco, am fr\u00fchen Morgen des 2. April bekannt geben.\" \/>\n<meta name=\"robots\" content=\"index, follow, max-snippet:-1, max-image-preview:large, max-video-preview:-1\" \/>\n<link rel=\"canonical\" href=\"https:\/\/www.mmmm.es\/de\/andres-monereo-velasco\/\" \/>\n<meta property=\"og:locale\" content=\"de_DE\" \/>\n<meta property=\"og:type\" content=\"article\" \/>\n<meta property=\"og:title\" content=\"Andr\u00e9s Monereo Velasco (Juni 1961 - April 2021)\" \/>\n<meta property=\"og:description\" content=\"Mit tiefem Bedauern m\u00fcssen wir Ihnen die traurige Nachricht vom pl\u00f6tzlichen Ableben unseres gesch\u00e4tzten Freundes, Kollegen und Gr\u00fcndungspartners, Andr\u00e9s Monereo Velasco, am fr\u00fchen Morgen des 2. April bekannt geben.\" \/>\n<meta property=\"og:url\" content=\"https:\/\/www.mmmm.es\/de\/andres-monereo-velasco\/\" \/>\n<meta property=\"og:site_name\" content=\"Monereo Meyer Abogados\" \/>\n<meta property=\"article:modified_time\" content=\"2022-01-20T11:36:37+00:00\" \/>\n<meta name=\"twitter:card\" content=\"summary_large_image\" \/>\n<meta name=\"twitter:site\" content=\"@mmmm_abogados\" \/>\n<meta name=\"twitter:label1\" content=\"Gesch\u00e4tzte Lesezeit\" \/>\n\t<meta name=\"twitter:data1\" content=\"1\u00a0Minute\" \/>\n<script type=\"application\/ld+json\" class=\"yoast-schema-graph\">{\"@context\":\"https:\/\/schema.org\",\"@graph\":[{\"@type\":\"WebPage\",\"@id\":\"https:\/\/www.mmmm.es\/de\/andres-monereo-velasco\/\",\"url\":\"https:\/\/www.mmmm.es\/de\/andres-monereo-velasco\/\",\"name\":\"Andr\u00e9s Monereo Velasco (Juni 1961 - April 2021)\",\"isPartOf\":{\"@id\":\"https:\/\/www.mmmm.es\/de\/#website\"},\"datePublished\":\"2021-04-05T09:36:08+00:00\",\"dateModified\":\"2022-01-20T11:36:37+00:00\",\"description\":\"Mit tiefem Bedauern m\u00fcssen wir Ihnen die traurige Nachricht vom pl\u00f6tzlichen Ableben unseres gesch\u00e4tzten Freundes, Kollegen und Gr\u00fcndungspartners, Andr\u00e9s Monereo Velasco, am fr\u00fchen Morgen des 2. April bekannt geben.\",\"breadcrumb\":{\"@id\":\"https:\/\/www.mmmm.es\/de\/andres-monereo-velasco\/#breadcrumb\"},\"inLanguage\":\"de-DE\",\"potentialAction\":[{\"@type\":\"ReadAction\",\"target\":[\"https:\/\/www.mmmm.es\/de\/andres-monereo-velasco\/\"]}]},{\"@type\":\"BreadcrumbList\",\"@id\":\"https:\/\/www.mmmm.es\/de\/andres-monereo-velasco\/#breadcrumb\",\"itemListElement\":[{\"@type\":\"ListItem\",\"position\":1,\"name\":\"Home\",\"item\":\"https:\/\/www.mmmm.es\/de\/\"},{\"@type\":\"ListItem\",\"position\":2,\"name\":\"Andr\u00e9s Monereo Velasco (Juni 1961 &#8211; April 2021)\"}]},{\"@type\":\"WebSite\",\"@id\":\"https:\/\/www.mmmm.es\/de\/#website\",\"url\":\"https:\/\/www.mmmm.es\/de\/\",\"name\":\"Monereo Meyer Abogados\",\"description\":\"Monereo Meyer Abogados\",\"publisher\":{\"@id\":\"https:\/\/www.mmmm.es\/de\/#organization\"},\"potentialAction\":[{\"@type\":\"SearchAction\",\"target\":{\"@type\":\"EntryPoint\",\"urlTemplate\":\"https:\/\/www.mmmm.es\/de\/?s={search_term_string}\"},\"query-input\":\"required name=search_term_string\"}],\"inLanguage\":\"de-DE\"},{\"@type\":\"Organization\",\"@id\":\"https:\/\/www.mmmm.es\/de\/#organization\",\"name\":\"Monereo Meyer Abogados\",\"url\":\"https:\/\/www.mmmm.es\/de\/\",\"logo\":{\"@type\":\"ImageObject\",\"inLanguage\":\"de-DE\",\"@id\":\"https:\/\/www.mmmm.es\/de\/#\/schema\/logo\/image\/\",\"url\":\"https:\/\/www.mmmm.es\/mmmm-content\/uploads\/2019\/11\/logo_azul.min_.svg\",\"contentUrl\":\"https:\/\/www.mmmm.es\/mmmm-content\/uploads\/2019\/11\/logo_azul.min_.svg\",\"width\":177,\"height\":66,\"caption\":\"Monereo Meyer Abogados\"},\"image\":{\"@id\":\"https:\/\/www.mmmm.es\/de\/#\/schema\/logo\/image\/\"},\"sameAs\":[\"https:\/\/twitter.com\/mmmm_abogados\"]}]}<\/script>\n<!-- \/ Yoast SEO Premium plugin. -->","yoast_head_json":{"title":"Andr\u00e9s Monereo Velasco (Juni 1961 - April 2021)","description":"Mit tiefem Bedauern m\u00fcssen wir Ihnen die traurige Nachricht vom pl\u00f6tzlichen Ableben unseres gesch\u00e4tzten Freundes, Kollegen und Gr\u00fcndungspartners, Andr\u00e9s Monereo Velasco, am fr\u00fchen Morgen des 2. April bekannt geben.","robots":{"index":"index","follow":"follow","max-snippet":"max-snippet:-1","max-image-preview":"max-image-preview:large","max-video-preview":"max-video-preview:-1"},"canonical":"https:\/\/www.mmmm.es\/de\/andres-monereo-velasco\/","og_locale":"de_DE","og_type":"article","og_title":"Andr\u00e9s Monereo Velasco (Juni 1961 - April 2021)","og_description":"Mit tiefem Bedauern m\u00fcssen wir Ihnen die traurige Nachricht vom pl\u00f6tzlichen Ableben unseres gesch\u00e4tzten Freundes, Kollegen und Gr\u00fcndungspartners, Andr\u00e9s Monereo Velasco, am fr\u00fchen Morgen des 2. April bekannt geben.","og_url":"https:\/\/www.mmmm.es\/de\/andres-monereo-velasco\/","og_site_name":"Monereo Meyer Abogados","article_modified_time":"2022-01-20T11:36:37+00:00","twitter_card":"summary_large_image","twitter_site":"@mmmm_abogados","twitter_misc":{"Gesch\u00e4tzte Lesezeit":"1\u00a0Minute"},"schema":{"@context":"https:\/\/schema.org","@graph":[{"@type":"WebPage","@id":"https:\/\/www.mmmm.es\/de\/andres-monereo-velasco\/","url":"https:\/\/www.mmmm.es\/de\/andres-monereo-velasco\/","name":"Andr\u00e9s Monereo Velasco (Juni 1961 - April 2021)","isPartOf":{"@id":"https:\/\/www.mmmm.es\/de\/#website"},"datePublished":"2021-04-05T09:36:08+00:00","dateModified":"2022-01-20T11:36:37+00:00","description":"Mit tiefem Bedauern m\u00fcssen wir Ihnen die traurige Nachricht vom pl\u00f6tzlichen Ableben unseres gesch\u00e4tzten Freundes, Kollegen und Gr\u00fcndungspartners, Andr\u00e9s Monereo Velasco, am fr\u00fchen Morgen des 2. April bekannt geben.","breadcrumb":{"@id":"https:\/\/www.mmmm.es\/de\/andres-monereo-velasco\/#breadcrumb"},"inLanguage":"de-DE","potentialAction":[{"@type":"ReadAction","target":["https:\/\/www.mmmm.es\/de\/andres-monereo-velasco\/"]}]},{"@type":"BreadcrumbList","@id":"https:\/\/www.mmmm.es\/de\/andres-monereo-velasco\/#breadcrumb","itemListElement":[{"@type":"ListItem","position":1,"name":"Home","item":"https:\/\/www.mmmm.es\/de\/"},{"@type":"ListItem","position":2,"name":"Andr\u00e9s Monereo Velasco (Juni 1961 &#8211; April 2021)"}]},{"@type":"WebSite","@id":"https:\/\/www.mmmm.es\/de\/#website","url":"https:\/\/www.mmmm.es\/de\/","name":"Monereo Meyer Abogados","description":"Monereo Meyer Abogados","publisher":{"@id":"https:\/\/www.mmmm.es\/de\/#organization"},"potentialAction":[{"@type":"SearchAction","target":{"@type":"EntryPoint","urlTemplate":"https:\/\/www.mmmm.es\/de\/?s={search_term_string}"},"query-input":"required name=search_term_string"}],"inLanguage":"de-DE"},{"@type":"Organization","@id":"https:\/\/www.mmmm.es\/de\/#organization","name":"Monereo Meyer Abogados","url":"https:\/\/www.mmmm.es\/de\/","logo":{"@type":"ImageObject","inLanguage":"de-DE","@id":"https:\/\/www.mmmm.es\/de\/#\/schema\/logo\/image\/","url":"https:\/\/www.mmmm.es\/mmmm-content\/uploads\/2019\/11\/logo_azul.min_.svg","contentUrl":"https:\/\/www.mmmm.es\/mmmm-content\/uploads\/2019\/11\/logo_azul.min_.svg","width":177,"height":66,"caption":"Monereo Meyer Abogados"},"image":{"@id":"https:\/\/www.mmmm.es\/de\/#\/schema\/logo\/image\/"},"sameAs":["https:\/\/twitter.com\/mmmm_abogados"]}]}},"_links":{"self":[{"href":"https:\/\/www.mmmm.es\/de\/wp-json\/wp\/v2\/pages\/16943\/"}],"collection":[{"href":"https:\/\/www.mmmm.es\/de\/wp-json\/wp\/v2\/pages\/"}],"about":[{"href":"https:\/\/www.mmmm.es\/de\/wp-json\/wp\/v2\/types\/page\/"}],"author":[{"embeddable":true,"href":"https:\/\/www.mmmm.es\/de\/wp-json\/wp\/v2\/users\/33\/"}],"replies":[{"embeddable":true,"href":"https:\/\/www.mmmm.es\/de\/wp-json\/wp\/v2\/comments\/?post=16943"}],"version-history":[{"count":6,"href":"https:\/\/www.mmmm.es\/de\/wp-json\/wp\/v2\/pages\/16943\/revisions\/"}],"predecessor-version":[{"id":18123,"href":"https:\/\/www.mmmm.es\/de\/wp-json\/wp\/v2\/pages\/16943\/revisions\/18123\/"}],"wp:attachment":[{"href":"https:\/\/www.mmmm.es\/de\/wp-json\/wp\/v2\/media\/?parent=16943"}],"curies":[{"name":"wp","href":"https:\/\/api.w.org\/{rel}","templated":true}]}}