{"id":18764,"date":"2022-06-23T11:27:41","date_gmt":"2022-06-23T09:27:41","guid":{"rendered":"https:\/\/www.mmmm.es\/?page_id=18764"},"modified":"2022-07-05T16:21:50","modified_gmt":"2022-07-05T14:21:50","slug":"geltendmachung_forderungen_vulkan_la_palma_immobilien","status":"publish","type":"page","link":"https:\/\/www.mmmm.es\/de\/geltendmachung_forderungen_vulkan_la_palma_immobilien\/","title":{"rendered":"Vulkan La Palma: Geltendmachung von Forderungen"},"content":{"rendered":"<div role=\"form\" class=\"wpcf7\" id=\"wpcf7-f18768-o1\" lang=\"en-US\" dir=\"ltr\">\n<div class=\"screen-reader-response\"><\/div>\n<form action=\"\/de\/wp-json\/wp\/v2\/pages\/18764\/#wpcf7-f18768-o1\" method=\"post\" class=\"wpcf7-form form-twocolumns\" enctype=\"multipart\/form-data\" novalidate=\"novalidate\" id=\"careers-form\">\n<div style=\"display: none;\">\n<input type=\"hidden\" name=\"_wpcf7\" value=\"18768\" \/>\n<input type=\"hidden\" name=\"_wpcf7_version\" value=\"5.1.6\" \/>\n<input type=\"hidden\" name=\"_wpcf7_locale\" value=\"en_US\" \/>\n<input type=\"hidden\" name=\"_wpcf7_unit_tag\" value=\"wpcf7-f18768-o1\" \/>\n<input type=\"hidden\" name=\"_wpcf7_container_post\" value=\"0\" \/>\n<input type=\"hidden\" name=\"g-recaptcha-response\" value=\"\" \/>\n<\/div>\n<div class=\"d-flex flex-wrap\">\n<div class=\"d-flex flex-row flex-wrap col-12\">\n<div class=\"col-12 col-md-12\">\n<h2> Erforderliche Daten zur Anmeldung eventueller Schadensersatzanspr\u00fcche f\u00fcr vom Vulkan Cumbre Vieja auf La Palma betroffene Immobilien.<\/h2>\n<p><br>\n\t\t<\/div>\n<div class=\"col-12 col-md-6\">\n<input type=\"hidden\" name=\"your-subject\" value=\"Solicitud reclamaciones volc\u00e1n la palma inmuebles\" class=\"wpcf7-form-control wpcf7-hidden\" \/>\n<p>\t\t\t<label> Offizielle (ehemalige) Adresse der betroffenen Immobilie: * <\/label><span class=\"wpcf7-form-control-wrap direccion-oficial\"><input type=\"text\" name=\"direccion-oficial\" value=\"\" size=\"40\" class=\"wpcf7-form-control wpcf7-text wpcf7-validates-as-required\" aria-required=\"true\" aria-invalid=\"false\" \/><\/span>\n\t\t<\/div>\n<div class=\"col-12 col-md-6\">\n\t\t\t<label> Eingetragene\/-r Eigent\u00fcmer\/-in der Immobilie: *<\/label><span class=\"wpcf7-form-control-wrap titular-registral\"><input type=\"text\" name=\"titular-registral\" value=\"\" size=\"40\" class=\"wpcf7-form-control wpcf7-text wpcf7-validates-as-required\" aria-required=\"true\" aria-invalid=\"false\" \/><\/span>\n\t\t<\/div>\n<\/p><\/div>\n<div class=\"d-flex flex-row flex-wrap col-12\">\n<div class=\"col-12 col-md-6\">\n\t\t\t<label> Grundbuchnummer oder Katasternummer, falls vorhanden: * <\/label><span class=\"wpcf7-form-control-wrap numero-finca\"><input type=\"text\" name=\"numero-finca\" value=\"\" size=\"40\" class=\"wpcf7-form-control wpcf7-text wpcf7-validates-as-required\" aria-required=\"true\" aria-invalid=\"false\" \/><\/span>\n\t\t<\/div>\n<div class=\"col-12 col-md-6\">\n\t\t\t<label> Weitere Daten der Immobilie: <\/label><span class=\"wpcf7-form-control-wrap otros-datos\"><input type=\"text\" name=\"otros-datos\" value=\"\" size=\"40\" class=\"wpcf7-form-control wpcf7-text\" aria-invalid=\"false\" \/><\/span>\n\t\t<\/div>\n<\/p><\/div>\n<div class=\"d-flex flex-row flex-wrap col-12\">\n<div class=\"col-12 col-md-6\">\n<div class=\"d-flex flex-column\">\n<div class=\"type_of_position\"><label>Handelt es sich um den Lebensmittelpunkt, d.h. den Hauptwohnsitz der betroffenen Person und ggf. ihrer Familie?*<\/label><span class=\"wpcf7-form-control-wrap type-position2\"><select name=\"type-position2\" class=\"wpcf7-form-control wpcf7-select wpcf7-validates-as-required type_position_select\" aria-required=\"true\" aria-invalid=\"false\"><option value=\"Nein\">Nein<\/option><option value=\"Ja\">Ja<\/option><\/select><\/span>\n\t\t\t\t<\/div>\n<\/p><\/div>\n<\/p><\/div>\n<div class=\"col-12 col-md-6\">\n\t\t\t<label> Anzahl der Personen im Haushalt einschlie\u00dflich der betroffenen Person: *<\/label><br\/><br \/>\n<span class=\"wpcf7-form-control-wrap numero-personas\"><input type=\"text\" name=\"numero-personas\" value=\"\" size=\"40\" class=\"wpcf7-form-control wpcf7-text wpcf7-validates-as-required\" aria-required=\"true\" aria-invalid=\"false\" \/><\/span>\n\t\t<\/div>\n<\/p><\/div>\n<div class=\"d-flex flex-row flex-wrap col-12\">\n<div class=\"col-12 col-md-6\">\n<div class=\"d-flex flex-column\">\n<div class=\"type_of_position\"><label>Hausratversicherung f\u00fcr die betroffene Wohnung: *<\/label><span class=\"wpcf7-form-control-wrap type-position\"><select name=\"type-position\" class=\"wpcf7-form-control wpcf7-select wpcf7-validates-as-required type_position_select\" aria-required=\"true\" aria-invalid=\"false\"><option value=\"Nein\">Nein<\/option><option value=\"Ja\">Ja<\/option><\/select><\/span>\n\t\t\t\t<\/div>\n<\/p><\/div>\n<\/p><\/div>\n<\/p><\/div>\n<p>    [group seguro clear_on_hide]<\/p>\n<div class=\"d-flex flex-row flex-wrap col-12\">\n<div class=\"col-12 col-md-6\">\n\t\t\t\t<label> Versicherungsanstalt:  *<\/label><span class=\"wpcf7-form-control-wrap nombre-seguro\"><input type=\"text\" name=\"nombre-seguro\" value=\"\" size=\"40\" class=\"wpcf7-form-control wpcf7-text wpcf7-validates-as-required\" aria-required=\"true\" aria-invalid=\"false\" \/><\/span>\n\t\t\t<\/div>\n<div class=\"col-12 col-md-6\">\n\t\t\t\t<label> Datum des Versicherungsbeginns: *<\/label><span class=\"wpcf7-form-control-wrap fecha-seguro\"><input type=\"date\" name=\"fecha-seguro\" value=\"\" class=\"wpcf7-form-control wpcf7-date wpcf7-validates-as-required wpcf7-validates-as-date\" aria-required=\"true\" aria-invalid=\"false\" \/><\/span>\n\t\t\t<\/div>\n<\/p><\/div>\n<p>    [\/group]<\/p>\n<div class=\"d-flex flex-row flex-wrap col-12\"><br>            <\/p>\n<div class=\"col-12 col-md-12\">\n<h4> Daten des Absenders der vorliegenden Anfrage: <\/h4>\n<p><br>\n\t\t<\/div>\n<div class=\"col-12 col-md-6\">\n<input type=\"hidden\" name=\"your-subject\" value=\"Solicitud reclamaciones volc\u00e1n la palma inmuebles\" class=\"wpcf7-form-control wpcf7-hidden\" \/>\n<p>\t\t\t<label> Vor- und Nachname: *<\/label><span class=\"wpcf7-form-control-wrap your-name\"><input type=\"text\" name=\"your-name\" value=\"\" size=\"40\" class=\"wpcf7-form-control wpcf7-text wpcf7-validates-as-required\" aria-required=\"true\" aria-invalid=\"false\" \/><\/span>\n\t\t<\/div>\n<div class=\"col-12 col-md-6\">\n\t\t\t<label> Ausweisnummer oder spanische Ausl\u00e4ndernummer (NIE): *<\/label><span class=\"wpcf7-form-control-wrap your-dni\"><input type=\"text\" name=\"your-dni\" value=\"\" size=\"40\" class=\"wpcf7-form-control wpcf7-text wpcf7-validates-as-required\" aria-required=\"true\" aria-invalid=\"false\" \/><\/span>\n\t\t<\/div>\n<\/p><\/div>\n<div class=\"d-flex flex-row flex-wrap col-12\">\n<div class=\"col-12 col-md-6\">\n            <label> E-Mail: *<\/label><span class=\"wpcf7-form-control-wrap your-email\"><input type=\"email\" name=\"your-email\" value=\"\" size=\"40\" class=\"wpcf7-form-control wpcf7-text wpcf7-email wpcf7-validates-as-required wpcf7-validates-as-email\" aria-required=\"true\" aria-invalid=\"false\" \/><\/span>\n        <\/div>\n<div class=\"col-12 col-md-6\">\n            <label> Telefonnummer: <\/label><span class=\"wpcf7-form-control-wrap your-phone\"><input type=\"tel\" name=\"your-phone\" value=\"\" size=\"40\" class=\"wpcf7-form-control wpcf7-text wpcf7-tel wpcf7-validates-as-tel\" aria-invalid=\"false\" \/><\/span>\n        <\/div>\n<\/p><\/div>\n<div class=\"d-flex flex-row flex-wrap col-12\">\n<div class=\"col-12 col-md-6\">\n            <label> Derzeitige Postanschrift: *<\/label><span class=\"wpcf7-form-control-wrap your-direccionpostal\"><input type=\"text\" name=\"your-direccionpostal\" value=\"\" size=\"40\" class=\"wpcf7-form-control wpcf7-text wpcf7-validates-as-required\" aria-required=\"true\" aria-invalid=\"false\" \/><\/span>\n        <\/div>\n<div class=\"col-12 col-md-6\">\n            <label>F\u00fcr die Beratung relevante Unterlagen, also Dokumente, die zur Identifizierung der Immobilie beitragen k\u00f6nnen, wie z.B. a) Grundbuchunterlagen, b) Kaufvertr\u00e4ge, c) Grundsteuerbescheide (IBI), d) Versicherungspolicen, Bauprojekte und\/oder Baugenehmigungen usw.:<\/label> <span class=\"wpcf7-form-control-wrap cv\"><input type=\"file\" name=\"cv\" size=\"40\" class=\"wpcf7-form-control wpcf7-file wpcf7-validates-as-required inputfile\" id=\"cv\" accept=\".PDF,.DOCX,.RTF,.ODT\" aria-required=\"true\" aria-invalid=\"false\" \/><\/span>\n        <\/div>\n<\/p><\/div>\n<div class=\"d-flex flex-row flex-wrap col-12\">\n<div id='offer_select' class='col-12'>\n<input type=\"hidden\" name=\"offer_ref\" value=\"\" class=\"wpcf7-form-control wpcf7-hidden\" id=\"offer_ref\" \/>\n<p><span class='offer'>Oferta: <span><\/span> <a href='#' id='roffer'>remove<\/a><\/div>\n<div class=\"col-12 col-lg-6 privacy\">\n                <span class=\"wpcf7-form-control-wrap accept-privacy\"><span class=\"wpcf7-form-control wpcf7-acceptance\"><span class=\"wpcf7-list-item\"><label><input type=\"checkbox\" name=\"accept-privacy\" value=\"1\" aria-invalid=\"false\" \/><span class=\"wpcf7-list-item-label\">Datenschutzvereinbarung <a href=\"\/de\/datenschutzrichtlinie-von-monereo-meyer-abogados-slp\/\">akzeptieren *<\/a><\/span><\/label><\/span><\/span><\/span>\n            <\/div>\n<div class=\"col-12 col-lg-6 col-gr-4 captcha\">\n<div class=\"wpcf7-form-control-wrap\"><div data-sitekey=\"6LdynSsUAAAAAKfZVm9Oecl6v59WdhMxwFLZhBQC\" data-align=\"center\" class=\"wpcf7-form-control g-recaptcha wpcf7-recaptcha\"><\/div>\r\n<noscript>\r\n\t<div class=\"grecaptcha-noscript\">\r\n\t\t<iframe src=\"https:\/\/www.google.com\/recaptcha\/api\/fallback?k=6LdynSsUAAAAAKfZVm9Oecl6v59WdhMxwFLZhBQC\" frameborder=\"0\" scrolling=\"no\" width=\"310\" height=\"430\">\r\n\t\t<\/iframe>\r\n\t\t<textarea name=\"g-recaptcha-response\" rows=\"3\" cols=\"40\" placeholder=\"reCaptcha Response Here\">\r\n\t\t<\/textarea>\r\n\t<\/div>\r\n<\/noscript>\r\n<\/div><\/div>\n<div class=\"col-12 col-gr-2 submit\">\n                <input type=\"submit\" value=\"Senden\" class=\"wpcf7-form-control wpcf7-submit\" \/>\n            <\/div>\n<\/p><\/div>\n<\/p><\/div>\n<\/div>\n<div class=\"wpcf7-response-output wpcf7-display-none\"><\/div><\/form><\/div>\n","protected":false},"excerpt":{"rendered":"","protected":false},"author":91,"featured_media":0,"parent":0,"menu_order":0,"comment_status":"closed","ping_status":"closed","template":"page-career.php","meta":[],"yoast_head":"<!-- This site is optimized with the Yoast SEO Premium plugin v21.6 (Yoast SEO v21.6) - https:\/\/yoast.com\/wordpress\/plugins\/seo\/ -->\n<title>Vulkan La Palma: Geltendmachung von Forderungen - Monereo Meyer Abogados<\/title>\n<meta name=\"robots\" content=\"index, follow, max-snippet:-1, max-image-preview:large, max-video-preview:-1\" \/>\n<link rel=\"canonical\" href=\"https:\/\/www.mmmm.es\/de\/geltendmachung_forderungen_vulkan_la_palma_immobilien\/\" \/>\n<meta property=\"og:locale\" content=\"de_DE\" \/>\n<meta property=\"og:type\" content=\"article\" \/>\n<meta property=\"og:title\" content=\"Vulkan La Palma: Geltendmachung von Forderungen\" \/>\n<meta property=\"og:url\" content=\"https:\/\/www.mmmm.es\/de\/geltendmachung_forderungen_vulkan_la_palma_immobilien\/\" \/>\n<meta property=\"og:site_name\" content=\"Monereo Meyer Abogados\" \/>\n<meta property=\"article:modified_time\" content=\"2022-07-05T14:21:50+00:00\" \/>\n<meta name=\"twitter:card\" content=\"summary_large_image\" \/>\n<meta name=\"twitter:site\" content=\"@mmmm_abogados\" \/>\n<script type=\"application\/ld+json\" class=\"yoast-schema-graph\">{\"@context\":\"https:\/\/schema.org\",\"@graph\":[{\"@type\":\"WebPage\",\"@id\":\"https:\/\/www.mmmm.es\/de\/geltendmachung_forderungen_vulkan_la_palma_immobilien\/\",\"url\":\"https:\/\/www.mmmm.es\/de\/geltendmachung_forderungen_vulkan_la_palma_immobilien\/\",\"name\":\"Vulkan La Palma: Geltendmachung von Forderungen - Monereo Meyer Abogados\",\"isPartOf\":{\"@id\":\"https:\/\/www.mmmm.es\/de\/#website\"},\"datePublished\":\"2022-06-23T09:27:41+00:00\",\"dateModified\":\"2022-07-05T14:21:50+00:00\",\"breadcrumb\":{\"@id\":\"https:\/\/www.mmmm.es\/de\/geltendmachung_forderungen_vulkan_la_palma_immobilien\/#breadcrumb\"},\"inLanguage\":\"de-DE\",\"potentialAction\":[{\"@type\":\"ReadAction\",\"target\":[\"https:\/\/www.mmmm.es\/de\/geltendmachung_forderungen_vulkan_la_palma_immobilien\/\"]}]},{\"@type\":\"BreadcrumbList\",\"@id\":\"https:\/\/www.mmmm.es\/de\/geltendmachung_forderungen_vulkan_la_palma_immobilien\/#breadcrumb\",\"itemListElement\":[{\"@type\":\"ListItem\",\"position\":1,\"name\":\"Home\",\"item\":\"https:\/\/www.mmmm.es\/de\/\"},{\"@type\":\"ListItem\",\"position\":2,\"name\":\"Vulkan La Palma: Geltendmachung von Forderungen\"}]},{\"@type\":\"WebSite\",\"@id\":\"https:\/\/www.mmmm.es\/de\/#website\",\"url\":\"https:\/\/www.mmmm.es\/de\/\",\"name\":\"Monereo Meyer Abogados\",\"description\":\"Monereo Meyer Abogados\",\"publisher\":{\"@id\":\"https:\/\/www.mmmm.es\/de\/#organization\"},\"potentialAction\":[{\"@type\":\"SearchAction\",\"target\":{\"@type\":\"EntryPoint\",\"urlTemplate\":\"https:\/\/www.mmmm.es\/de\/?s={search_term_string}\"},\"query-input\":\"required name=search_term_string\"}],\"inLanguage\":\"de-DE\"},{\"@type\":\"Organization\",\"@id\":\"https:\/\/www.mmmm.es\/de\/#organization\",\"name\":\"Monereo Meyer Abogados\",\"url\":\"https:\/\/www.mmmm.es\/de\/\",\"logo\":{\"@type\":\"ImageObject\",\"inLanguage\":\"de-DE\",\"@id\":\"https:\/\/www.mmmm.es\/de\/#\/schema\/logo\/image\/\",\"url\":\"https:\/\/www.mmmm.es\/mmmm-content\/uploads\/2019\/11\/logo_azul.min_.svg\",\"contentUrl\":\"https:\/\/www.mmmm.es\/mmmm-content\/uploads\/2019\/11\/logo_azul.min_.svg\",\"width\":177,\"height\":66,\"caption\":\"Monereo Meyer Abogados\"},\"image\":{\"@id\":\"https:\/\/www.mmmm.es\/de\/#\/schema\/logo\/image\/\"},\"sameAs\":[\"https:\/\/twitter.com\/mmmm_abogados\"]}]}<\/script>\n<!-- \/ Yoast SEO Premium plugin. -->","yoast_head_json":{"title":"Vulkan La Palma: Geltendmachung von Forderungen - Monereo Meyer Abogados","robots":{"index":"index","follow":"follow","max-snippet":"max-snippet:-1","max-image-preview":"max-image-preview:large","max-video-preview":"max-video-preview:-1"},"canonical":"https:\/\/www.mmmm.es\/de\/geltendmachung_forderungen_vulkan_la_palma_immobilien\/","og_locale":"de_DE","og_type":"article","og_title":"Vulkan La Palma: Geltendmachung von Forderungen","og_url":"https:\/\/www.mmmm.es\/de\/geltendmachung_forderungen_vulkan_la_palma_immobilien\/","og_site_name":"Monereo Meyer Abogados","article_modified_time":"2022-07-05T14:21:50+00:00","twitter_card":"summary_large_image","twitter_site":"@mmmm_abogados","schema":{"@context":"https:\/\/schema.org","@graph":[{"@type":"WebPage","@id":"https:\/\/www.mmmm.es\/de\/geltendmachung_forderungen_vulkan_la_palma_immobilien\/","url":"https:\/\/www.mmmm.es\/de\/geltendmachung_forderungen_vulkan_la_palma_immobilien\/","name":"Vulkan La Palma: Geltendmachung von Forderungen - Monereo Meyer Abogados","isPartOf":{"@id":"https:\/\/www.mmmm.es\/de\/#website"},"datePublished":"2022-06-23T09:27:41+00:00","dateModified":"2022-07-05T14:21:50+00:00","breadcrumb":{"@id":"https:\/\/www.mmmm.es\/de\/geltendmachung_forderungen_vulkan_la_palma_immobilien\/#breadcrumb"},"inLanguage":"de-DE","potentialAction":[{"@type":"ReadAction","target":["https:\/\/www.mmmm.es\/de\/geltendmachung_forderungen_vulkan_la_palma_immobilien\/"]}]},{"@type":"BreadcrumbList","@id":"https:\/\/www.mmmm.es\/de\/geltendmachung_forderungen_vulkan_la_palma_immobilien\/#breadcrumb","itemListElement":[{"@type":"ListItem","position":1,"name":"Home","item":"https:\/\/www.mmmm.es\/de\/"},{"@type":"ListItem","position":2,"name":"Vulkan La Palma: Geltendmachung von Forderungen"}]},{"@type":"WebSite","@id":"https:\/\/www.mmmm.es\/de\/#website","url":"https:\/\/www.mmmm.es\/de\/","name":"Monereo Meyer Abogados","description":"Monereo Meyer Abogados","publisher":{"@id":"https:\/\/www.mmmm.es\/de\/#organization"},"potentialAction":[{"@type":"SearchAction","target":{"@type":"EntryPoint","urlTemplate":"https:\/\/www.mmmm.es\/de\/?s={search_term_string}"},"query-input":"required name=search_term_string"}],"inLanguage":"de-DE"},{"@type":"Organization","@id":"https:\/\/www.mmmm.es\/de\/#organization","name":"Monereo Meyer Abogados","url":"https:\/\/www.mmmm.es\/de\/","logo":{"@type":"ImageObject","inLanguage":"de-DE","@id":"https:\/\/www.mmmm.es\/de\/#\/schema\/logo\/image\/","url":"https:\/\/www.mmmm.es\/mmmm-content\/uploads\/2019\/11\/logo_azul.min_.svg","contentUrl":"https:\/\/www.mmmm.es\/mmmm-content\/uploads\/2019\/11\/logo_azul.min_.svg","width":177,"height":66,"caption":"Monereo Meyer Abogados"},"image":{"@id":"https:\/\/www.mmmm.es\/de\/#\/schema\/logo\/image\/"},"sameAs":["https:\/\/twitter.com\/mmmm_abogados"]}]}},"_links":{"self":[{"href":"https:\/\/www.mmmm.es\/de\/wp-json\/wp\/v2\/pages\/18764\/"}],"collection":[{"href":"https:\/\/www.mmmm.es\/de\/wp-json\/wp\/v2\/pages\/"}],"about":[{"href":"https:\/\/www.mmmm.es\/de\/wp-json\/wp\/v2\/types\/page\/"}],"author":[{"embeddable":true,"href":"https:\/\/www.mmmm.es\/de\/wp-json\/wp\/v2\/users\/91\/"}],"replies":[{"embeddable":true,"href":"https:\/\/www.mmmm.es\/de\/wp-json\/wp\/v2\/comments\/?post=18764"}],"version-history":[{"count":6,"href":"https:\/\/www.mmmm.es\/de\/wp-json\/wp\/v2\/pages\/18764\/revisions\/"}],"predecessor-version":[{"id":18891,"href":"https:\/\/www.mmmm.es\/de\/wp-json\/wp\/v2\/pages\/18764\/revisions\/18891\/"}],"wp:attachment":[{"href":"https:\/\/www.mmmm.es\/de\/wp-json\/wp\/v2\/media\/?parent=18764"}],"curies":[{"name":"wp","href":"https:\/\/api.w.org\/{rel}","templated":true}]}}