{"id":8174,"date":"2019-09-26T18:15:00","date_gmt":"2019-09-26T16:15:00","guid":{"rendered":"https:\/\/www.mmmm.es\/offices\/"},"modified":"2020-11-20T12:29:28","modified_gmt":"2020-11-20T11:29:28","slug":"standorte-anwaelte","status":"publish","type":"page","link":"https:\/\/www.mmmm.es\/de\/standorte-anwaelte\/","title":{"rendered":"Standorte"},"content":{"rendered":"","protected":false},"excerpt":{"rendered":"","protected":false},"author":1,"featured_media":0,"parent":0,"menu_order":0,"comment_status":"closed","ping_status":"closed","template":"","meta":[],"yoast_head":"<!-- This site is optimized with the Yoast SEO Premium plugin v21.6 (Yoast SEO v21.6) - https:\/\/yoast.com\/wordpress\/plugins\/seo\/ -->\n<title>Deutsch-spanische Anw\u00e4lte in Madrid, Barcelona, Palma de Mallorca<\/title>\n<meta name=\"description\" content=\"35 Anw\u00e4lte und Steuerberater begleiten bei grenz\u00fcberschreitenden und anderen internationalen Transaktionen. Nehmen Sie jetzt Kontakt auf!\" \/>\n<meta name=\"robots\" content=\"index, follow, max-snippet:-1, max-image-preview:large, max-video-preview:-1\" \/>\n<link rel=\"canonical\" href=\"https:\/\/www.mmmm.es\/de\/standorte-anwaelte\/\" \/>\n<meta property=\"og:locale\" content=\"de_DE\" \/>\n<meta property=\"og:type\" content=\"article\" \/>\n<meta property=\"og:title\" content=\"Standorte\" \/>\n<meta property=\"og:description\" content=\"35 Anw\u00e4lte und Steuerberater begleiten bei grenz\u00fcberschreitenden und anderen internationalen Transaktionen. Nehmen Sie jetzt Kontakt auf!\" \/>\n<meta property=\"og:url\" content=\"https:\/\/www.mmmm.es\/de\/standorte-anwaelte\/\" \/>\n<meta property=\"og:site_name\" content=\"Monereo Meyer Abogados\" \/>\n<meta property=\"article:modified_time\" content=\"2020-11-20T11:29:28+00:00\" \/>\n<meta name=\"twitter:card\" content=\"summary_large_image\" \/>\n<meta name=\"twitter:site\" content=\"@mmmm_abogados\" \/>\n<script type=\"application\/ld+json\" class=\"yoast-schema-graph\">{\"@context\":\"https:\/\/schema.org\",\"@graph\":[{\"@type\":\"WebPage\",\"@id\":\"https:\/\/www.mmmm.es\/de\/standorte-anwaelte\/\",\"url\":\"https:\/\/www.mmmm.es\/de\/standorte-anwaelte\/\",\"name\":\"Deutsch-spanische Anw\u00e4lte in Madrid, Barcelona, Palma de Mallorca\",\"isPartOf\":{\"@id\":\"https:\/\/www.mmmm.es\/de\/#website\"},\"datePublished\":\"2019-09-26T16:15:00+00:00\",\"dateModified\":\"2020-11-20T11:29:28+00:00\",\"description\":\"35 Anw\u00e4lte und Steuerberater begleiten bei grenz\u00fcberschreitenden und anderen internationalen Transaktionen. Nehmen Sie jetzt Kontakt auf!\",\"breadcrumb\":{\"@id\":\"https:\/\/www.mmmm.es\/de\/standorte-anwaelte\/#breadcrumb\"},\"inLanguage\":\"de-DE\",\"potentialAction\":[{\"@type\":\"ReadAction\",\"target\":[\"https:\/\/www.mmmm.es\/de\/standorte-anwaelte\/\"]}]},{\"@type\":\"BreadcrumbList\",\"@id\":\"https:\/\/www.mmmm.es\/de\/standorte-anwaelte\/#breadcrumb\",\"itemListElement\":[{\"@type\":\"ListItem\",\"position\":1,\"name\":\"Home\",\"item\":\"https:\/\/www.mmmm.es\/de\/\"},{\"@type\":\"ListItem\",\"position\":2,\"name\":\"Standorte\"}]},{\"@type\":\"WebSite\",\"@id\":\"https:\/\/www.mmmm.es\/de\/#website\",\"url\":\"https:\/\/www.mmmm.es\/de\/\",\"name\":\"Monereo Meyer Abogados\",\"description\":\"Monereo Meyer Abogados\",\"publisher\":{\"@id\":\"https:\/\/www.mmmm.es\/de\/#organization\"},\"potentialAction\":[{\"@type\":\"SearchAction\",\"target\":{\"@type\":\"EntryPoint\",\"urlTemplate\":\"https:\/\/www.mmmm.es\/de\/?s={search_term_string}\"},\"query-input\":\"required name=search_term_string\"}],\"inLanguage\":\"de-DE\"},{\"@type\":\"Organization\",\"@id\":\"https:\/\/www.mmmm.es\/de\/#organization\",\"name\":\"Monereo Meyer Abogados\",\"url\":\"https:\/\/www.mmmm.es\/de\/\",\"logo\":{\"@type\":\"ImageObject\",\"inLanguage\":\"de-DE\",\"@id\":\"https:\/\/www.mmmm.es\/de\/#\/schema\/logo\/image\/\",\"url\":\"https:\/\/www.mmmm.es\/mmmm-content\/uploads\/2019\/11\/logo_azul.min_.svg\",\"contentUrl\":\"https:\/\/www.mmmm.es\/mmmm-content\/uploads\/2019\/11\/logo_azul.min_.svg\",\"width\":177,\"height\":66,\"caption\":\"Monereo Meyer Abogados\"},\"image\":{\"@id\":\"https:\/\/www.mmmm.es\/de\/#\/schema\/logo\/image\/\"},\"sameAs\":[\"https:\/\/twitter.com\/mmmm_abogados\"]}]}<\/script>\n<!-- \/ Yoast SEO Premium plugin. -->","yoast_head_json":{"title":"Deutsch-spanische Anw\u00e4lte in Madrid, Barcelona, Palma de Mallorca","description":"35 Anw\u00e4lte und Steuerberater begleiten bei grenz\u00fcberschreitenden und anderen internationalen Transaktionen. Nehmen Sie jetzt Kontakt auf!","robots":{"index":"index","follow":"follow","max-snippet":"max-snippet:-1","max-image-preview":"max-image-preview:large","max-video-preview":"max-video-preview:-1"},"canonical":"https:\/\/www.mmmm.es\/de\/standorte-anwaelte\/","og_locale":"de_DE","og_type":"article","og_title":"Standorte","og_description":"35 Anw\u00e4lte und Steuerberater begleiten bei grenz\u00fcberschreitenden und anderen internationalen Transaktionen. Nehmen Sie jetzt Kontakt auf!","og_url":"https:\/\/www.mmmm.es\/de\/standorte-anwaelte\/","og_site_name":"Monereo Meyer Abogados","article_modified_time":"2020-11-20T11:29:28+00:00","twitter_card":"summary_large_image","twitter_site":"@mmmm_abogados","schema":{"@context":"https:\/\/schema.org","@graph":[{"@type":"WebPage","@id":"https:\/\/www.mmmm.es\/de\/standorte-anwaelte\/","url":"https:\/\/www.mmmm.es\/de\/standorte-anwaelte\/","name":"Deutsch-spanische Anw\u00e4lte in Madrid, Barcelona, Palma de Mallorca","isPartOf":{"@id":"https:\/\/www.mmmm.es\/de\/#website"},"datePublished":"2019-09-26T16:15:00+00:00","dateModified":"2020-11-20T11:29:28+00:00","description":"35 Anw\u00e4lte und Steuerberater begleiten bei grenz\u00fcberschreitenden und anderen internationalen Transaktionen. Nehmen Sie jetzt Kontakt auf!","breadcrumb":{"@id":"https:\/\/www.mmmm.es\/de\/standorte-anwaelte\/#breadcrumb"},"inLanguage":"de-DE","potentialAction":[{"@type":"ReadAction","target":["https:\/\/www.mmmm.es\/de\/standorte-anwaelte\/"]}]},{"@type":"BreadcrumbList","@id":"https:\/\/www.mmmm.es\/de\/standorte-anwaelte\/#breadcrumb","itemListElement":[{"@type":"ListItem","position":1,"name":"Home","item":"https:\/\/www.mmmm.es\/de\/"},{"@type":"ListItem","position":2,"name":"Standorte"}]},{"@type":"WebSite","@id":"https:\/\/www.mmmm.es\/de\/#website","url":"https:\/\/www.mmmm.es\/de\/","name":"Monereo Meyer Abogados","description":"Monereo Meyer Abogados","publisher":{"@id":"https:\/\/www.mmmm.es\/de\/#organization"},"potentialAction":[{"@type":"SearchAction","target":{"@type":"EntryPoint","urlTemplate":"https:\/\/www.mmmm.es\/de\/?s={search_term_string}"},"query-input":"required name=search_term_string"}],"inLanguage":"de-DE"},{"@type":"Organization","@id":"https:\/\/www.mmmm.es\/de\/#organization","name":"Monereo Meyer Abogados","url":"https:\/\/www.mmmm.es\/de\/","logo":{"@type":"ImageObject","inLanguage":"de-DE","@id":"https:\/\/www.mmmm.es\/de\/#\/schema\/logo\/image\/","url":"https:\/\/www.mmmm.es\/mmmm-content\/uploads\/2019\/11\/logo_azul.min_.svg","contentUrl":"https:\/\/www.mmmm.es\/mmmm-content\/uploads\/2019\/11\/logo_azul.min_.svg","width":177,"height":66,"caption":"Monereo Meyer Abogados"},"image":{"@id":"https:\/\/www.mmmm.es\/de\/#\/schema\/logo\/image\/"},"sameAs":["https:\/\/twitter.com\/mmmm_abogados"]}]}},"_links":{"self":[{"href":"https:\/\/www.mmmm.es\/de\/wp-json\/wp\/v2\/pages\/8174\/"}],"collection":[{"href":"https:\/\/www.mmmm.es\/de\/wp-json\/wp\/v2\/pages\/"}],"about":[{"href":"https:\/\/www.mmmm.es\/de\/wp-json\/wp\/v2\/types\/page\/"}],"author":[{"embeddable":true,"href":"https:\/\/www.mmmm.es\/de\/wp-json\/wp\/v2\/users\/1\/"}],"replies":[{"embeddable":true,"href":"https:\/\/www.mmmm.es\/de\/wp-json\/wp\/v2\/comments\/?post=8174"}],"version-history":[{"count":1,"href":"https:\/\/www.mmmm.es\/de\/wp-json\/wp\/v2\/pages\/8174\/revisions\/"}],"predecessor-version":[{"id":8875,"href":"https:\/\/www.mmmm.es\/de\/wp-json\/wp\/v2\/pages\/8174\/revisions\/8875\/"}],"wp:attachment":[{"href":"https:\/\/www.mmmm.es\/de\/wp-json\/wp\/v2\/media\/?parent=8174"}],"curies":[{"name":"wp","href":"https:\/\/api.w.org\/{rel}","templated":true}]}}