{"id":8182,"date":"2019-09-26T18:16:57","date_gmt":"2019-09-26T16:16:57","guid":{"rendered":"https:\/\/www.mmmm.es\/competencies\/"},"modified":"2024-11-28T10:21:15","modified_gmt":"2024-11-28T09:21:15","slug":"kompetenzen-anwaelte","status":"publish","type":"page","link":"https:\/\/www.mmmm.es\/de\/kompetenzen-anwaelte\/","title":{"rendered":"Kompetenzen"},"content":{"rendered":"<p>Unsere Anwaltsteam bietet dank seiner weitreichenden Erfahrung und Ausbildung in einer breiten Palette an Rechtsgebieten komplexe und individuell zugeschnittene Rechtsberatungen f\u00fcr jedes Unternehmen und jede Privatperson an.<\/p>\n<p>Ma\u00dfgeschneiderte Strategien und auf die spezifischen Bed\u00fcrfnisse und Problemstellungen jedes einzelnen Mandaten abgestimmte L\u00f6sungen bilden die Grundlage des Vertrauens, das unsere Mandanten in uns setzen. Wir richten die Zusammenstellung unserer Teams an den Leistungen und Zielen jedes einzelnen Projektes aus, das wir \u00fcbernehmen, und handeln flexibel, effizient und professionell.<\/p>\n<p>Ausgerichtet auf die Interessen unserer Mandanten entwickeln wir rechtliche Strategien, die ihrer Gesch\u00e4ftst\u00e4tigkeit f\u00f6rderlich sind.<\/p>\n","protected":false},"excerpt":{"rendered":"<p>Unsere Anwaltsteam bietet dank seiner weitreichenden Erfahrung und Ausbildung in einer breiten Palette an Rechtsgebieten komplexe und individuell zugeschnittene Rechtsberatungen f\u00fcr jedes Unternehmen und jede Privatperson an. Ma\u00dfgeschneiderte Strategien und auf die spezifischen Bed\u00fcrfnisse und Problemstellungen jedes einzelnen Mandaten abgestimmte L\u00f6sungen bilden die Grundlage des Vertrauens, das unsere Mandanten in uns setzen. Wir richten die [&hellip;]<\/p>\n","protected":false},"author":1,"featured_media":0,"parent":0,"menu_order":0,"comment_status":"closed","ping_status":"closed","template":"page-menu_taxonomy.php","meta":[],"yoast_head":"<!-- This site is optimized with the Yoast SEO Premium plugin v21.6 (Yoast SEO v21.6) - https:\/\/yoast.com\/wordpress\/plugins\/seo\/ -->\n<title>Kompetenzen - Monereo Meyer Abogados<\/title>\n<meta name=\"robots\" content=\"index, follow, max-snippet:-1, max-image-preview:large, max-video-preview:-1\" \/>\n<link rel=\"canonical\" href=\"https:\/\/www.mmmm.es\/de\/kompetenzen-anwaelte\/\" \/>\n<meta property=\"og:locale\" content=\"de_DE\" \/>\n<meta property=\"og:type\" content=\"article\" \/>\n<meta property=\"og:title\" content=\"Kompetenzen\" \/>\n<meta property=\"og:description\" content=\"Unsere Anwaltsteam bietet dank seiner weitreichenden Erfahrung und Ausbildung in einer breiten Palette an Rechtsgebieten komplexe und individuell zugeschnittene Rechtsberatungen f\u00fcr jedes Unternehmen und jede Privatperson an. Ma\u00dfgeschneiderte Strategien und auf die spezifischen Bed\u00fcrfnisse und Problemstellungen jedes einzelnen Mandaten abgestimmte L\u00f6sungen bilden die Grundlage des Vertrauens, das unsere Mandanten in uns setzen. Wir richten die [&hellip;]\" \/>\n<meta property=\"og:url\" content=\"https:\/\/www.mmmm.es\/de\/kompetenzen-anwaelte\/\" \/>\n<meta property=\"og:site_name\" content=\"Monereo Meyer Abogados\" \/>\n<meta property=\"article:modified_time\" content=\"2024-11-28T09:21:15+00:00\" \/>\n<meta name=\"twitter:card\" content=\"summary_large_image\" \/>\n<meta name=\"twitter:site\" content=\"@mmmm_abogados\" \/>\n<meta name=\"twitter:label1\" content=\"Gesch\u00e4tzte Lesezeit\" \/>\n\t<meta name=\"twitter:data1\" content=\"1\u00a0Minute\" \/>\n<script type=\"application\/ld+json\" class=\"yoast-schema-graph\">{\"@context\":\"https:\/\/schema.org\",\"@graph\":[{\"@type\":\"WebPage\",\"@id\":\"https:\/\/www.mmmm.es\/de\/kompetenzen-anwaelte\/\",\"url\":\"https:\/\/www.mmmm.es\/de\/kompetenzen-anwaelte\/\",\"name\":\"Kompetenzen - Monereo Meyer Abogados\",\"isPartOf\":{\"@id\":\"https:\/\/www.mmmm.es\/de\/#website\"},\"datePublished\":\"2019-09-26T16:16:57+00:00\",\"dateModified\":\"2024-11-28T09:21:15+00:00\",\"breadcrumb\":{\"@id\":\"https:\/\/www.mmmm.es\/de\/kompetenzen-anwaelte\/#breadcrumb\"},\"inLanguage\":\"de-DE\",\"potentialAction\":[{\"@type\":\"ReadAction\",\"target\":[\"https:\/\/www.mmmm.es\/de\/kompetenzen-anwaelte\/\"]}]},{\"@type\":\"BreadcrumbList\",\"@id\":\"https:\/\/www.mmmm.es\/de\/kompetenzen-anwaelte\/#breadcrumb\",\"itemListElement\":[{\"@type\":\"ListItem\",\"position\":1,\"name\":\"Home\",\"item\":\"https:\/\/www.mmmm.es\/de\/\"},{\"@type\":\"ListItem\",\"position\":2,\"name\":\"Kompetenzen\"}]},{\"@type\":\"WebSite\",\"@id\":\"https:\/\/www.mmmm.es\/de\/#website\",\"url\":\"https:\/\/www.mmmm.es\/de\/\",\"name\":\"Monereo Meyer Abogados\",\"description\":\"Monereo Meyer Abogados\",\"publisher\":{\"@id\":\"https:\/\/www.mmmm.es\/de\/#organization\"},\"potentialAction\":[{\"@type\":\"SearchAction\",\"target\":{\"@type\":\"EntryPoint\",\"urlTemplate\":\"https:\/\/www.mmmm.es\/de\/?s={search_term_string}\"},\"query-input\":\"required name=search_term_string\"}],\"inLanguage\":\"de-DE\"},{\"@type\":\"Organization\",\"@id\":\"https:\/\/www.mmmm.es\/de\/#organization\",\"name\":\"Monereo Meyer Abogados\",\"url\":\"https:\/\/www.mmmm.es\/de\/\",\"logo\":{\"@type\":\"ImageObject\",\"inLanguage\":\"de-DE\",\"@id\":\"https:\/\/www.mmmm.es\/de\/#\/schema\/logo\/image\/\",\"url\":\"https:\/\/www.mmmm.es\/mmmm-content\/uploads\/2019\/11\/logo_azul.min_.svg\",\"contentUrl\":\"https:\/\/www.mmmm.es\/mmmm-content\/uploads\/2019\/11\/logo_azul.min_.svg\",\"width\":177,\"height\":66,\"caption\":\"Monereo Meyer Abogados\"},\"image\":{\"@id\":\"https:\/\/www.mmmm.es\/de\/#\/schema\/logo\/image\/\"},\"sameAs\":[\"https:\/\/twitter.com\/mmmm_abogados\"]}]}<\/script>\n<!-- \/ Yoast SEO Premium plugin. -->","yoast_head_json":{"title":"Kompetenzen - Monereo Meyer Abogados","robots":{"index":"index","follow":"follow","max-snippet":"max-snippet:-1","max-image-preview":"max-image-preview:large","max-video-preview":"max-video-preview:-1"},"canonical":"https:\/\/www.mmmm.es\/de\/kompetenzen-anwaelte\/","og_locale":"de_DE","og_type":"article","og_title":"Kompetenzen","og_description":"Unsere Anwaltsteam bietet dank seiner weitreichenden Erfahrung und Ausbildung in einer breiten Palette an Rechtsgebieten komplexe und individuell zugeschnittene Rechtsberatungen f\u00fcr jedes Unternehmen und jede Privatperson an. Ma\u00dfgeschneiderte Strategien und auf die spezifischen Bed\u00fcrfnisse und Problemstellungen jedes einzelnen Mandaten abgestimmte L\u00f6sungen bilden die Grundlage des Vertrauens, das unsere Mandanten in uns setzen. Wir richten die [&hellip;]","og_url":"https:\/\/www.mmmm.es\/de\/kompetenzen-anwaelte\/","og_site_name":"Monereo Meyer Abogados","article_modified_time":"2024-11-28T09:21:15+00:00","twitter_card":"summary_large_image","twitter_site":"@mmmm_abogados","twitter_misc":{"Gesch\u00e4tzte Lesezeit":"1\u00a0Minute"},"schema":{"@context":"https:\/\/schema.org","@graph":[{"@type":"WebPage","@id":"https:\/\/www.mmmm.es\/de\/kompetenzen-anwaelte\/","url":"https:\/\/www.mmmm.es\/de\/kompetenzen-anwaelte\/","name":"Kompetenzen - Monereo Meyer Abogados","isPartOf":{"@id":"https:\/\/www.mmmm.es\/de\/#website"},"datePublished":"2019-09-26T16:16:57+00:00","dateModified":"2024-11-28T09:21:15+00:00","breadcrumb":{"@id":"https:\/\/www.mmmm.es\/de\/kompetenzen-anwaelte\/#breadcrumb"},"inLanguage":"de-DE","potentialAction":[{"@type":"ReadAction","target":["https:\/\/www.mmmm.es\/de\/kompetenzen-anwaelte\/"]}]},{"@type":"BreadcrumbList","@id":"https:\/\/www.mmmm.es\/de\/kompetenzen-anwaelte\/#breadcrumb","itemListElement":[{"@type":"ListItem","position":1,"name":"Home","item":"https:\/\/www.mmmm.es\/de\/"},{"@type":"ListItem","position":2,"name":"Kompetenzen"}]},{"@type":"WebSite","@id":"https:\/\/www.mmmm.es\/de\/#website","url":"https:\/\/www.mmmm.es\/de\/","name":"Monereo Meyer Abogados","description":"Monereo Meyer Abogados","publisher":{"@id":"https:\/\/www.mmmm.es\/de\/#organization"},"potentialAction":[{"@type":"SearchAction","target":{"@type":"EntryPoint","urlTemplate":"https:\/\/www.mmmm.es\/de\/?s={search_term_string}"},"query-input":"required name=search_term_string"}],"inLanguage":"de-DE"},{"@type":"Organization","@id":"https:\/\/www.mmmm.es\/de\/#organization","name":"Monereo Meyer Abogados","url":"https:\/\/www.mmmm.es\/de\/","logo":{"@type":"ImageObject","inLanguage":"de-DE","@id":"https:\/\/www.mmmm.es\/de\/#\/schema\/logo\/image\/","url":"https:\/\/www.mmmm.es\/mmmm-content\/uploads\/2019\/11\/logo_azul.min_.svg","contentUrl":"https:\/\/www.mmmm.es\/mmmm-content\/uploads\/2019\/11\/logo_azul.min_.svg","width":177,"height":66,"caption":"Monereo Meyer Abogados"},"image":{"@id":"https:\/\/www.mmmm.es\/de\/#\/schema\/logo\/image\/"},"sameAs":["https:\/\/twitter.com\/mmmm_abogados"]}]}},"_links":{"self":[{"href":"https:\/\/www.mmmm.es\/de\/wp-json\/wp\/v2\/pages\/8182\/"}],"collection":[{"href":"https:\/\/www.mmmm.es\/de\/wp-json\/wp\/v2\/pages\/"}],"about":[{"href":"https:\/\/www.mmmm.es\/de\/wp-json\/wp\/v2\/types\/page\/"}],"author":[{"embeddable":true,"href":"https:\/\/www.mmmm.es\/de\/wp-json\/wp\/v2\/users\/1\/"}],"replies":[{"embeddable":true,"href":"https:\/\/www.mmmm.es\/de\/wp-json\/wp\/v2\/comments\/?post=8182"}],"version-history":[{"count":4,"href":"https:\/\/www.mmmm.es\/de\/wp-json\/wp\/v2\/pages\/8182\/revisions\/"}],"predecessor-version":[{"id":10817,"href":"https:\/\/www.mmmm.es\/de\/wp-json\/wp\/v2\/pages\/8182\/revisions\/10817\/"}],"wp:attachment":[{"href":"https:\/\/www.mmmm.es\/de\/wp-json\/wp\/v2\/media\/?parent=8182"}],"curies":[{"name":"wp","href":"https:\/\/api.w.org\/{rel}","templated":true}]}}