{"id":8190,"date":"2019-09-26T18:21:11","date_gmt":"2019-09-26T16:21:11","guid":{"rendered":"https:\/\/www.mmmm.es\/american-desk\/"},"modified":"2024-03-14T09:08:32","modified_gmt":"2024-03-14T08:08:32","slug":"american-desk","status":"publish","type":"page","link":"https:\/\/www.mmmm.es\/de\/desks-anwaelte\/american-desk\/","title":{"rendered":"US Desk"},"content":{"rendered":"<p>Der US Desk von Monereo Meyer Abogados ber\u00e4t sowohl Unternehmen als auch Privatpersonen bei ihren grenz\u00fcberschreitenden Rechtsangelegenheiten. Unser erfahrenes internationales Anwaltsteam begleitet unsere Mandanten und sch\u00fctzt ihre wirtschaftlichen Interessen bei Investitionen und Gesch\u00e4ftsaktivit\u00e4ten in Spanien und Portugal. Es ist unser Team aus Anw\u00e4lten in Spanien, Portugal und den USA und deren umfassende Kenntnisse des US-amerikanischen Rechts und beider Kulturen, welches unseren Mehrwert f\u00fcr Unternehmens- und Privatmandanten und unseren Wettbewerbsvorteil gegen\u00fcber anderen Kanzleien darstellt.<\/p>\n<p>Alle Mitglieder unseres US-Desk-Teams sind Experten ihres jeweiligen Rechtsgebiets und beraten sowohl Unternehmen als auch Privatpersonen auf Grundlage ihrer langj\u00e4hrigen Erfahrung. Dadurch k\u00f6nnen sie unsere Mandanten zum einen bei allen Fragen aus den Bereichen des Gesellschaftsrechts, M&amp;A, Finanzierungen, Immobilienrecht, Steuerrecht, Streitbeilegung, Vertragsrecht, Regulierungsfragen, geistiges Eigentum sowie zum anderen in Angelegenheiten der Nachlass- und Steuerplanung, Erbrecht, nationale und internationale Nachlassangelegenheiten, strategische Verm\u00f6gensanlage, Einwanderungs- und Visarecht (Golden Visa) sowie Investorenrecht unterst\u00fctzen.<\/p>\n<p>Unter der Leitung unserer Partnerin\u00a0<b><a href=\"https:\/\/www.mmmm.es\/de\/anwaelte-spanien\/rechtsanwalt-spanien-nadja-vietz-barcelona\">Nadja Vietz<\/a><\/b>\u00a0(Barcelona) ist unser US Desk das Ergebnis langj\u00e4hriger enger und freundschaftlicher Beziehungen zu mehreren Kanzleien in den USA, mit denen uns eine gemeinsame Gesch\u00e4ftsphilosophie und -vision verbindet. Nadja Vietz ist in Deutschland, Spanien und den USA als Rechtsanw\u00e4ltin zugelassen und ber\u00e4t seit mehr als zwei Jahrzehnten Firmen und Privatmandanten in grenz\u00fcberschreitenden Angelegenheiten, sowohl in den USA als auch in Spanien.<\/p>\n<p>Der Mehrwert unseres US Desk r\u00fchrt nicht nur aus der langj\u00e4hrigen Erfahrung unserer internationalen Rechtsanw\u00e4lte bei transatlantischen F\u00e4llen her, sondern auch aus diesen Freund- und Partnerschaften mit US-Kanzleien, die unsere Mandanten vor Ort in den USA unterst\u00fctzen und beraten k\u00f6nnen. Wir sind stets bestrebt, unser Netzwerk zu erweitern, um die Bed\u00fcrfnisse unserer Mandanten optimal abzudecken.<\/p>\n<p>Unser Anwaltsteam in Spanien, Portugal und den USA zeichnet sich durch umfassende Erfahrung und Expertise ebenso wie ein tiefgreifendes Verst\u00e4ndnis f\u00fcr die kulturellen Kontexte unserer Mandanten aus. Daher k\u00f6nnen wir unseren Mandanten hochwertige Rechtsberatung in mehreren Sprachen \u2013 aber stets aus einer Hand \u2013 auf zahlreichen Rechtsgebieten anbieten.<\/p>\n<p>Privatpersonen, Privatanlegern, Familienunternehmen und Stiftungen bieten wir ma\u00dfgeschneiderte L\u00f6sungen. Dabei verfolgen wir stets einen globalen, proaktiven Ansatz, um die Situation unserer Kunden zu antizipieren und damit ihr Verm\u00f6gen zu erhalten und zu mehren. Unser Ziel ist es, komplexe Entscheidungsprozesse zu optimieren und gleichzeitig das Verm\u00f6gen unserer Mandanten zu sch\u00fctzen.<\/p>\n","protected":false},"excerpt":{"rendered":"<p>Der US Desk von Monereo Meyer Abogados ber\u00e4t sowohl Unternehmen als auch Privatpersonen bei ihren grenz\u00fcberschreitenden Rechtsangelegenheiten. Unser erfahrenes internationales Anwaltsteam begleitet unsere Mandanten und sch\u00fctzt ihre wirtschaftlichen Interessen bei Investitionen und Gesch\u00e4ftsaktivit\u00e4ten in Spanien und Portugal. Es ist unser Team aus Anw\u00e4lten in Spanien, Portugal und den USA und deren umfassende Kenntnisse des US-amerikanischen [&hellip;]<\/p>\n","protected":false},"author":1,"featured_media":0,"parent":1360,"menu_order":0,"comment_status":"closed","ping_status":"closed","template":"page-text_two_columns.php","meta":[],"yoast_head":"<!-- This site is optimized with the Yoast SEO Premium plugin v21.6 (Yoast SEO v21.6) - https:\/\/yoast.com\/wordpress\/plugins\/seo\/ -->\n<title>US Desk - Monereo Meyer Abogados<\/title>\n<meta name=\"description\" content=\"Der American Desk von Monereo Meyer Abogados begleitet amerikanische Unternehmen bei ihren Investitionen und Gesch\u00e4ftst\u00e4tigkeiten in Spanien und sch\u00fctzt ihr\" \/>\n<meta name=\"robots\" content=\"index, follow, max-snippet:-1, max-image-preview:large, max-video-preview:-1\" \/>\n<link rel=\"canonical\" href=\"https:\/\/www.mmmm.es\/de\/desks-anwaelte\/american-desk\/\" \/>\n<meta property=\"og:locale\" content=\"de_DE\" \/>\n<meta property=\"og:type\" content=\"article\" \/>\n<meta property=\"og:title\" content=\"US Desk\" \/>\n<meta property=\"og:description\" content=\"Der American Desk von Monereo Meyer Abogados begleitet amerikanische Unternehmen bei ihren Investitionen und Gesch\u00e4ftst\u00e4tigkeiten in Spanien und sch\u00fctzt ihr\" \/>\n<meta property=\"og:url\" content=\"https:\/\/www.mmmm.es\/de\/desks-anwaelte\/american-desk\/\" \/>\n<meta property=\"og:site_name\" content=\"Monereo Meyer Abogados\" \/>\n<meta property=\"article:modified_time\" content=\"2024-03-14T08:08:32+00:00\" \/>\n<meta name=\"twitter:card\" content=\"summary_large_image\" \/>\n<meta name=\"twitter:site\" content=\"@mmmm_abogados\" \/>\n<meta name=\"twitter:label1\" content=\"Gesch\u00e4tzte Lesezeit\" \/>\n\t<meta name=\"twitter:data1\" content=\"2\u00a0Minuten\" \/>\n<script type=\"application\/ld+json\" class=\"yoast-schema-graph\">{\"@context\":\"https:\/\/schema.org\",\"@graph\":[{\"@type\":\"WebPage\",\"@id\":\"https:\/\/www.mmmm.es\/de\/desks-anwaelte\/american-desk\/\",\"url\":\"https:\/\/www.mmmm.es\/de\/desks-anwaelte\/american-desk\/\",\"name\":\"US Desk - Monereo Meyer Abogados\",\"isPartOf\":{\"@id\":\"https:\/\/www.mmmm.es\/de\/#website\"},\"datePublished\":\"2019-09-26T16:21:11+00:00\",\"dateModified\":\"2024-03-14T08:08:32+00:00\",\"description\":\"Der American Desk von Monereo Meyer Abogados begleitet amerikanische Unternehmen bei ihren Investitionen und Gesch\u00e4ftst\u00e4tigkeiten in Spanien und sch\u00fctzt ihr\",\"breadcrumb\":{\"@id\":\"https:\/\/www.mmmm.es\/de\/desks-anwaelte\/american-desk\/#breadcrumb\"},\"inLanguage\":\"de-DE\",\"potentialAction\":[{\"@type\":\"ReadAction\",\"target\":[\"https:\/\/www.mmmm.es\/de\/desks-anwaelte\/american-desk\/\"]}]},{\"@type\":\"BreadcrumbList\",\"@id\":\"https:\/\/www.mmmm.es\/de\/desks-anwaelte\/american-desk\/#breadcrumb\",\"itemListElement\":[{\"@type\":\"ListItem\",\"position\":1,\"name\":\"Home\",\"item\":\"https:\/\/www.mmmm.es\/de\/\"},{\"@type\":\"ListItem\",\"position\":2,\"name\":\"Desks Anwaelte\",\"item\":\"https:\/\/www.mmmm.es\/de\/desks-anwaelte\/\"},{\"@type\":\"ListItem\",\"position\":3,\"name\":\"US Desk\"}]},{\"@type\":\"WebSite\",\"@id\":\"https:\/\/www.mmmm.es\/de\/#website\",\"url\":\"https:\/\/www.mmmm.es\/de\/\",\"name\":\"Monereo Meyer Abogados\",\"description\":\"Monereo Meyer Abogados\",\"publisher\":{\"@id\":\"https:\/\/www.mmmm.es\/de\/#organization\"},\"potentialAction\":[{\"@type\":\"SearchAction\",\"target\":{\"@type\":\"EntryPoint\",\"urlTemplate\":\"https:\/\/www.mmmm.es\/de\/?s={search_term_string}\"},\"query-input\":\"required name=search_term_string\"}],\"inLanguage\":\"de-DE\"},{\"@type\":\"Organization\",\"@id\":\"https:\/\/www.mmmm.es\/de\/#organization\",\"name\":\"Monereo Meyer Abogados\",\"url\":\"https:\/\/www.mmmm.es\/de\/\",\"logo\":{\"@type\":\"ImageObject\",\"inLanguage\":\"de-DE\",\"@id\":\"https:\/\/www.mmmm.es\/de\/#\/schema\/logo\/image\/\",\"url\":\"https:\/\/www.mmmm.es\/mmmm-content\/uploads\/2019\/11\/logo_azul.min_.svg\",\"contentUrl\":\"https:\/\/www.mmmm.es\/mmmm-content\/uploads\/2019\/11\/logo_azul.min_.svg\",\"width\":177,\"height\":66,\"caption\":\"Monereo Meyer Abogados\"},\"image\":{\"@id\":\"https:\/\/www.mmmm.es\/de\/#\/schema\/logo\/image\/\"},\"sameAs\":[\"https:\/\/twitter.com\/mmmm_abogados\"]}]}<\/script>\n<!-- \/ Yoast SEO Premium plugin. -->","yoast_head_json":{"title":"US Desk - Monereo Meyer Abogados","description":"Der American Desk von Monereo Meyer Abogados begleitet amerikanische Unternehmen bei ihren Investitionen und Gesch\u00e4ftst\u00e4tigkeiten in Spanien und sch\u00fctzt ihr","robots":{"index":"index","follow":"follow","max-snippet":"max-snippet:-1","max-image-preview":"max-image-preview:large","max-video-preview":"max-video-preview:-1"},"canonical":"https:\/\/www.mmmm.es\/de\/desks-anwaelte\/american-desk\/","og_locale":"de_DE","og_type":"article","og_title":"US Desk","og_description":"Der American Desk von Monereo Meyer Abogados begleitet amerikanische Unternehmen bei ihren Investitionen und Gesch\u00e4ftst\u00e4tigkeiten in Spanien und sch\u00fctzt ihr","og_url":"https:\/\/www.mmmm.es\/de\/desks-anwaelte\/american-desk\/","og_site_name":"Monereo Meyer Abogados","article_modified_time":"2024-03-14T08:08:32+00:00","twitter_card":"summary_large_image","twitter_site":"@mmmm_abogados","twitter_misc":{"Gesch\u00e4tzte Lesezeit":"2\u00a0Minuten"},"schema":{"@context":"https:\/\/schema.org","@graph":[{"@type":"WebPage","@id":"https:\/\/www.mmmm.es\/de\/desks-anwaelte\/american-desk\/","url":"https:\/\/www.mmmm.es\/de\/desks-anwaelte\/american-desk\/","name":"US Desk - Monereo Meyer Abogados","isPartOf":{"@id":"https:\/\/www.mmmm.es\/de\/#website"},"datePublished":"2019-09-26T16:21:11+00:00","dateModified":"2024-03-14T08:08:32+00:00","description":"Der American Desk von Monereo Meyer Abogados begleitet amerikanische Unternehmen bei ihren Investitionen und Gesch\u00e4ftst\u00e4tigkeiten in Spanien und sch\u00fctzt ihr","breadcrumb":{"@id":"https:\/\/www.mmmm.es\/de\/desks-anwaelte\/american-desk\/#breadcrumb"},"inLanguage":"de-DE","potentialAction":[{"@type":"ReadAction","target":["https:\/\/www.mmmm.es\/de\/desks-anwaelte\/american-desk\/"]}]},{"@type":"BreadcrumbList","@id":"https:\/\/www.mmmm.es\/de\/desks-anwaelte\/american-desk\/#breadcrumb","itemListElement":[{"@type":"ListItem","position":1,"name":"Home","item":"https:\/\/www.mmmm.es\/de\/"},{"@type":"ListItem","position":2,"name":"Desks Anwaelte","item":"https:\/\/www.mmmm.es\/de\/desks-anwaelte\/"},{"@type":"ListItem","position":3,"name":"US Desk"}]},{"@type":"WebSite","@id":"https:\/\/www.mmmm.es\/de\/#website","url":"https:\/\/www.mmmm.es\/de\/","name":"Monereo Meyer Abogados","description":"Monereo Meyer Abogados","publisher":{"@id":"https:\/\/www.mmmm.es\/de\/#organization"},"potentialAction":[{"@type":"SearchAction","target":{"@type":"EntryPoint","urlTemplate":"https:\/\/www.mmmm.es\/de\/?s={search_term_string}"},"query-input":"required name=search_term_string"}],"inLanguage":"de-DE"},{"@type":"Organization","@id":"https:\/\/www.mmmm.es\/de\/#organization","name":"Monereo Meyer Abogados","url":"https:\/\/www.mmmm.es\/de\/","logo":{"@type":"ImageObject","inLanguage":"de-DE","@id":"https:\/\/www.mmmm.es\/de\/#\/schema\/logo\/image\/","url":"https:\/\/www.mmmm.es\/mmmm-content\/uploads\/2019\/11\/logo_azul.min_.svg","contentUrl":"https:\/\/www.mmmm.es\/mmmm-content\/uploads\/2019\/11\/logo_azul.min_.svg","width":177,"height":66,"caption":"Monereo Meyer Abogados"},"image":{"@id":"https:\/\/www.mmmm.es\/de\/#\/schema\/logo\/image\/"},"sameAs":["https:\/\/twitter.com\/mmmm_abogados"]}]}},"_links":{"self":[{"href":"https:\/\/www.mmmm.es\/de\/wp-json\/wp\/v2\/pages\/8190\/"}],"collection":[{"href":"https:\/\/www.mmmm.es\/de\/wp-json\/wp\/v2\/pages\/"}],"about":[{"href":"https:\/\/www.mmmm.es\/de\/wp-json\/wp\/v2\/types\/page\/"}],"author":[{"embeddable":true,"href":"https:\/\/www.mmmm.es\/de\/wp-json\/wp\/v2\/users\/1\/"}],"replies":[{"embeddable":true,"href":"https:\/\/www.mmmm.es\/de\/wp-json\/wp\/v2\/comments\/?post=8190"}],"version-history":[{"count":7,"href":"https:\/\/www.mmmm.es\/de\/wp-json\/wp\/v2\/pages\/8190\/revisions\/"}],"predecessor-version":[{"id":21009,"href":"https:\/\/www.mmmm.es\/de\/wp-json\/wp\/v2\/pages\/8190\/revisions\/21009\/"}],"up":[{"embeddable":true,"href":"https:\/\/www.mmmm.es\/de\/wp-json\/wp\/v2\/pages\/1360\/"}],"wp:attachment":[{"href":"https:\/\/www.mmmm.es\/de\/wp-json\/wp\/v2\/media\/?parent=8190"}],"curies":[{"name":"wp","href":"https:\/\/api.w.org\/{rel}","templated":true}]}}