{"id":10694,"date":"2019-11-18T17:40:43","date_gmt":"2019-11-18T16:40:43","guid":{"rendered":"https:\/\/www.mmmm.es\/aviso-legal-email\/"},"modified":"2026-03-10T12:40:34","modified_gmt":"2026-03-10T11:40:34","slug":"aviso-legal-email","status":"publish","type":"page","link":"https:\/\/www.mmmm.es\/es\/aviso-legal-email\/","title":{"rendered":"Aviso Legal &#8211; Legal Notice &#8211; Rechtlicher Hinweis"},"content":{"rendered":"<p>Este mensaje\u00a0y, en su caso, cualquier fichero anexo al mismo, contiene informaci\u00f3n de car\u00e1cter personal y confidencial\u00a0exclusivamente dirigida a su destinatario o destinatarios y propiedad de MONEREO MEYER ABOGADOS, S.L.P. \u00a0Queda prohibida su\u00a0divulgaci\u00f3n, copia o distribuci\u00f3n a terceros sin la previa autorizaci\u00f3n escrita de\u00a0MONEREO MEYER ABOGADOS, S.L.P., en virtud de la\u00a0legislaci\u00f3n vigente.<br \/>\nSus datos provienen de una base de datos titularidad de MONEREO MEYER ABOGADOS, S.L.P., con N.I.F. B-81941932, y domicilio social en Calle Agust\u00edn de Fox\u00e1, 4, edificio Aqua-planta 5\u00aa, 28036 Madrid, los cu\u00e1les ser\u00e1n tratados con la \u00fanica finalidad de mantenimiento de la relaci\u00f3n adquirida con usted.<br \/>\nPuede ejercer sus derechos en materia de privacidad poni\u00e9ndose en contacto con nosotros en la siguiente direcci\u00f3n de correo postal: \u00a0C\/Alfonso XII 30, planta 5\u00aa, 28014\u00a0Madrid,\u00a0o\u00a0enviando un correo electr\u00f3nico a la direcci\u00f3n <u><a href=\"mailto:protecciondatos@mmmm.es\">protecciondatos@mmmm.es<\/a><\/u>.<br \/>\nSi Ud. no es el destinatario y recibe este mail por error, rogamos se ponga en contacto con nosotros y destruya de inmediato el mail por\u00a0error recibido con todos sus documentos adjuntos sin leerlos ni hacer ning\u00fan uso de los datos que en ellos figuren.<\/p>\n<hr \/>\n<p>This message and, if applicable, any file attached thereto, contains personal and confidential information addressed exclusively to its addressee(s) and is property of MONEREO MEYER ABOGADOS, S.L.P. \u00a0Its disclosure, copy or distribution to third parties without prior, written consent from MONEREO MEYER ABOGADOS, S.L.P. is prohibited by virtue of the legislation in force.<br \/>\nYour data comes from a database owned by MONEREO MEYER ABOGADOS, S.L.P., with fiscal identification number (N.I.F.) B-81941932, and registered address at C\/ Agust\u00edn de Fox\u00e1, 4, edificio Aqua-planta 5\u00aa, 28036 Madrid. They shall be processed for the sole purpose of maintaining our relationship with you.<br \/>\nYou may exercise your rights with regard to privacy by contacting us at the following postal address: C\/ Agust\u00edn de Fox\u00e1, 4, edificio Aqua-planta 5\u00aa, 28036 Madrid. You may alternatively send an email to <u><a href=\"mailto:protecciondatos@mmmm.es\">protecciondatos@mmmm.es<\/a><\/u>.<br \/>\nIf you are not the addressee and receive this message in error, we ask that you please contact us and immediately destroy the email received mistakenly with all of its attached documents without reading them or using the data contained in them in any way.<\/p>\n<hr \/>\n<p>Diese Nachricht und, ggfs., jede derselben angeh\u00e4ngte Datei, ist ausschlie\u00dflich an deren Empf\u00e4nger gerichtet. Sie beinhaltet personenbezogene und vertrauliche Informationen, die im Eigentum von MONEREO MEYER ABOGADOS, S.L.P. stehen. Ihre Verbreitung, Vervielf\u00e4ltigung oder Weitergabe an Dritte ist ohne die vorherige schriftliche Genehmigung seitens\u00a0 MONEREO MEYER ABOGADOS, S.L.P., nach Ma\u00dfgabe der geltenden Rechtsvorschriften, nicht gestattet.<\/p>\n<p>Ihre Daten stammen aus einer Datenbank, deren Rechtsinhaberschaft bei MONEREO MEYER ABOGADOS, S.L.P., mit Steuernummer \u00a0B- 81941932 und Gesellschaftssitz in C\/Calle Agust\u00edn de Fox\u00e1, 4, edificio Aqua-planta 5\u00aa, 28036 Madrid liegt, und werden nur zu dem Zweck verarbeitet, die mit Ihnen unterhaltene Gesch\u00e4ftsbeziehung zu pflegen.<br \/>\nF\u00fcr die Aus\u00fcbung Ihrer Datenschutzrechte, wenden Sie sich bitte an unsere Postanschrift: C\/ Agust\u00edn de Fox\u00e1, 4, edificio Aqua-planta 5\u00aa, 28036 Madrid \u00a0oder schicken Sie uns eine E-Mail an: \u00a0 <u><a href=\"mailto:protecciondatos@mmmm.es\">protecciondatos@mmmm.es<\/a><\/u> .<br \/>\nSollten Sie nicht der Adressat dieser E-Mail sein und diese versehentlich erhalten haben, kontaktieren Sie uns bitte und l\u00f6schen Sie die irrt\u00fcmlicherweise erhaltene E-Mail und deren Anh\u00e4nge umgehend, ohne diese zu lesen und ohne Gebrauch von den in diesen enthaltenen Daten zu machen.<\/p>\n","protected":false},"excerpt":{"rendered":"<p>Este mensaje\u00a0y, en su caso, cualquier fichero anexo al mismo, contiene informaci\u00f3n de car\u00e1cter personal y confidencial\u00a0exclusivamente dirigida a su destinatario o destinatarios y propiedad de MONEREO MEYER ABOGADOS, S.L.P. \u00a0Queda prohibida su\u00a0divulgaci\u00f3n, copia o distribuci\u00f3n a terceros sin la previa autorizaci\u00f3n escrita de\u00a0MONEREO MEYER ABOGADOS, S.L.P., en virtud de la\u00a0legislaci\u00f3n vigente. Sus datos provienen [&hellip;]<\/p>\n","protected":false},"author":1,"featured_media":0,"parent":0,"menu_order":0,"comment_status":"closed","ping_status":"closed","template":"","meta":[],"yoast_head":"<!-- This site is optimized with the Yoast SEO Premium plugin v21.6 (Yoast SEO v21.6) - https:\/\/yoast.com\/wordpress\/plugins\/seo\/ -->\n<title>Aviso Legal - Legal Notice - Rechtlicher Hinweis - Monereo Meyer Abogados<\/title>\n<meta name=\"robots\" content=\"index, follow, max-snippet:-1, max-image-preview:large, max-video-preview:-1\" \/>\n<link rel=\"canonical\" href=\"https:\/\/www.mmmm.es\/es\/aviso-legal-email\/\" \/>\n<meta property=\"og:locale\" content=\"es_ES\" \/>\n<meta property=\"og:type\" content=\"article\" \/>\n<meta property=\"og:title\" content=\"Aviso Legal - Legal Notice - Rechtlicher Hinweis\" \/>\n<meta property=\"og:description\" content=\"Este mensaje\u00a0y, en su caso, cualquier fichero anexo al mismo, contiene informaci\u00f3n de car\u00e1cter personal y confidencial\u00a0exclusivamente dirigida a su destinatario o destinatarios y propiedad de MONEREO MEYER ABOGADOS, S.L.P. \u00a0Queda prohibida su\u00a0divulgaci\u00f3n, copia o distribuci\u00f3n a terceros sin la previa autorizaci\u00f3n escrita de\u00a0MONEREO MEYER ABOGADOS, S.L.P., en virtud de la\u00a0legislaci\u00f3n vigente. Sus datos provienen [&hellip;]\" \/>\n<meta property=\"og:url\" content=\"https:\/\/www.mmmm.es\/es\/aviso-legal-email\/\" \/>\n<meta property=\"og:site_name\" content=\"Monereo Meyer Abogados\" \/>\n<meta property=\"article:modified_time\" content=\"2026-03-10T11:40:34+00:00\" \/>\n<meta name=\"twitter:card\" content=\"summary_large_image\" \/>\n<meta name=\"twitter:site\" content=\"@mmmm_abogados\" \/>\n<meta name=\"twitter:label1\" content=\"Tiempo de lectura\" \/>\n\t<meta name=\"twitter:data1\" content=\"3 minutos\" \/>\n<script type=\"application\/ld+json\" class=\"yoast-schema-graph\">{\"@context\":\"https:\/\/schema.org\",\"@graph\":[{\"@type\":\"WebPage\",\"@id\":\"https:\/\/www.mmmm.es\/es\/aviso-legal-email\/\",\"url\":\"https:\/\/www.mmmm.es\/es\/aviso-legal-email\/\",\"name\":\"Aviso Legal - Legal Notice - Rechtlicher Hinweis - Monereo Meyer Abogados\",\"isPartOf\":{\"@id\":\"https:\/\/www.mmmm.es\/de\/#website\"},\"datePublished\":\"2019-11-18T16:40:43+00:00\",\"dateModified\":\"2026-03-10T11:40:34+00:00\",\"breadcrumb\":{\"@id\":\"https:\/\/www.mmmm.es\/es\/aviso-legal-email\/#breadcrumb\"},\"inLanguage\":\"es-ES\",\"potentialAction\":[{\"@type\":\"ReadAction\",\"target\":[\"https:\/\/www.mmmm.es\/es\/aviso-legal-email\/\"]}]},{\"@type\":\"BreadcrumbList\",\"@id\":\"https:\/\/www.mmmm.es\/es\/aviso-legal-email\/#breadcrumb\",\"itemListElement\":[{\"@type\":\"ListItem\",\"position\":1,\"name\":\"Home\",\"item\":\"https:\/\/www.mmmm.es\/es\/\"},{\"@type\":\"ListItem\",\"position\":2,\"name\":\"Aviso Legal &#8211; Legal Notice &#8211; Rechtlicher Hinweis\"}]},{\"@type\":\"WebSite\",\"@id\":\"https:\/\/www.mmmm.es\/de\/#website\",\"url\":\"https:\/\/www.mmmm.es\/de\/\",\"name\":\"Monereo Meyer Abogados\",\"description\":\"Monereo Meyer Abogados\",\"publisher\":{\"@id\":\"https:\/\/www.mmmm.es\/de\/#organization\"},\"potentialAction\":[{\"@type\":\"SearchAction\",\"target\":{\"@type\":\"EntryPoint\",\"urlTemplate\":\"https:\/\/www.mmmm.es\/de\/?s={search_term_string}\"},\"query-input\":\"required name=search_term_string\"}],\"inLanguage\":\"es-ES\"},{\"@type\":\"Organization\",\"@id\":\"https:\/\/www.mmmm.es\/de\/#organization\",\"name\":\"Monereo Meyer Abogados\",\"url\":\"https:\/\/www.mmmm.es\/de\/\",\"logo\":{\"@type\":\"ImageObject\",\"inLanguage\":\"es-ES\",\"@id\":\"https:\/\/www.mmmm.es\/de\/#\/schema\/logo\/image\/\",\"url\":\"https:\/\/www.mmmm.es\/mmmm-content\/uploads\/2019\/11\/logo_azul.min_.svg\",\"contentUrl\":\"https:\/\/www.mmmm.es\/mmmm-content\/uploads\/2019\/11\/logo_azul.min_.svg\",\"width\":177,\"height\":66,\"caption\":\"Monereo Meyer Abogados\"},\"image\":{\"@id\":\"https:\/\/www.mmmm.es\/de\/#\/schema\/logo\/image\/\"},\"sameAs\":[\"https:\/\/twitter.com\/mmmm_abogados\"]}]}<\/script>\n<!-- \/ Yoast SEO Premium plugin. -->","yoast_head_json":{"title":"Aviso Legal - Legal Notice - Rechtlicher Hinweis - Monereo Meyer Abogados","robots":{"index":"index","follow":"follow","max-snippet":"max-snippet:-1","max-image-preview":"max-image-preview:large","max-video-preview":"max-video-preview:-1"},"canonical":"https:\/\/www.mmmm.es\/es\/aviso-legal-email\/","og_locale":"es_ES","og_type":"article","og_title":"Aviso Legal - Legal Notice - Rechtlicher Hinweis","og_description":"Este mensaje\u00a0y, en su caso, cualquier fichero anexo al mismo, contiene informaci\u00f3n de car\u00e1cter personal y confidencial\u00a0exclusivamente dirigida a su destinatario o destinatarios y propiedad de MONEREO MEYER ABOGADOS, S.L.P. \u00a0Queda prohibida su\u00a0divulgaci\u00f3n, copia o distribuci\u00f3n a terceros sin la previa autorizaci\u00f3n escrita de\u00a0MONEREO MEYER ABOGADOS, S.L.P., en virtud de la\u00a0legislaci\u00f3n vigente. Sus datos provienen [&hellip;]","og_url":"https:\/\/www.mmmm.es\/es\/aviso-legal-email\/","og_site_name":"Monereo Meyer Abogados","article_modified_time":"2026-03-10T11:40:34+00:00","twitter_card":"summary_large_image","twitter_site":"@mmmm_abogados","twitter_misc":{"Tiempo de lectura":"3 minutos"},"schema":{"@context":"https:\/\/schema.org","@graph":[{"@type":"WebPage","@id":"https:\/\/www.mmmm.es\/es\/aviso-legal-email\/","url":"https:\/\/www.mmmm.es\/es\/aviso-legal-email\/","name":"Aviso Legal - Legal Notice - Rechtlicher Hinweis - Monereo Meyer Abogados","isPartOf":{"@id":"https:\/\/www.mmmm.es\/de\/#website"},"datePublished":"2019-11-18T16:40:43+00:00","dateModified":"2026-03-10T11:40:34+00:00","breadcrumb":{"@id":"https:\/\/www.mmmm.es\/es\/aviso-legal-email\/#breadcrumb"},"inLanguage":"es-ES","potentialAction":[{"@type":"ReadAction","target":["https:\/\/www.mmmm.es\/es\/aviso-legal-email\/"]}]},{"@type":"BreadcrumbList","@id":"https:\/\/www.mmmm.es\/es\/aviso-legal-email\/#breadcrumb","itemListElement":[{"@type":"ListItem","position":1,"name":"Home","item":"https:\/\/www.mmmm.es\/es\/"},{"@type":"ListItem","position":2,"name":"Aviso Legal &#8211; Legal Notice &#8211; Rechtlicher Hinweis"}]},{"@type":"WebSite","@id":"https:\/\/www.mmmm.es\/de\/#website","url":"https:\/\/www.mmmm.es\/de\/","name":"Monereo Meyer Abogados","description":"Monereo Meyer Abogados","publisher":{"@id":"https:\/\/www.mmmm.es\/de\/#organization"},"potentialAction":[{"@type":"SearchAction","target":{"@type":"EntryPoint","urlTemplate":"https:\/\/www.mmmm.es\/de\/?s={search_term_string}"},"query-input":"required name=search_term_string"}],"inLanguage":"es-ES"},{"@type":"Organization","@id":"https:\/\/www.mmmm.es\/de\/#organization","name":"Monereo Meyer Abogados","url":"https:\/\/www.mmmm.es\/de\/","logo":{"@type":"ImageObject","inLanguage":"es-ES","@id":"https:\/\/www.mmmm.es\/de\/#\/schema\/logo\/image\/","url":"https:\/\/www.mmmm.es\/mmmm-content\/uploads\/2019\/11\/logo_azul.min_.svg","contentUrl":"https:\/\/www.mmmm.es\/mmmm-content\/uploads\/2019\/11\/logo_azul.min_.svg","width":177,"height":66,"caption":"Monereo Meyer Abogados"},"image":{"@id":"https:\/\/www.mmmm.es\/de\/#\/schema\/logo\/image\/"},"sameAs":["https:\/\/twitter.com\/mmmm_abogados"]}]}},"_links":{"self":[{"href":"https:\/\/www.mmmm.es\/es\/wp-json\/wp\/v2\/pages\/10694\/"}],"collection":[{"href":"https:\/\/www.mmmm.es\/es\/wp-json\/wp\/v2\/pages\/"}],"about":[{"href":"https:\/\/www.mmmm.es\/es\/wp-json\/wp\/v2\/types\/page\/"}],"author":[{"embeddable":true,"href":"https:\/\/www.mmmm.es\/es\/wp-json\/wp\/v2\/users\/1\/"}],"replies":[{"embeddable":true,"href":"https:\/\/www.mmmm.es\/es\/wp-json\/wp\/v2\/comments\/?post=10694"}],"version-history":[{"count":6,"href":"https:\/\/www.mmmm.es\/es\/wp-json\/wp\/v2\/pages\/10694\/revisions\/"}],"predecessor-version":[{"id":23596,"href":"https:\/\/www.mmmm.es\/es\/wp-json\/wp\/v2\/pages\/10694\/revisions\/23596\/"}],"wp:attachment":[{"href":"https:\/\/www.mmmm.es\/es\/wp-json\/wp\/v2\/media\/?parent=10694"}],"curies":[{"name":"wp","href":"https:\/\/api.w.org\/{rel}","templated":true}]}}