{"id":1109,"date":"2019-06-16T20:09:32","date_gmt":"2019-06-16T18:09:32","guid":{"rendered":"https:\/\/www.mmmm.es\/aviso-legal\/"},"modified":"2023-07-13T09:24:12","modified_gmt":"2023-07-13T07:24:12","slug":"aviso-legal","status":"publish","type":"page","link":"https:\/\/www.mmmm.es\/es\/aviso-legal\/","title":{"rendered":"Aviso legal"},"content":{"rendered":"<p><strong>1.- Derecho de la informaci\u00f3n<\/strong><\/p>\n<p>Le informamos de que este sitio web es titularidad de MONEREO MEYER ABOGADOS, S.L.P (en adelante, \u201c<strong>mmmm<\/strong>\u201d), con N.I.F. B-81941932, y domicilio social en Agust\u00edn de Fox\u00e1, 4, 28036, Madrid, Sociedad Limitada Profesional inscrita en el Registro Mercantil de Madrid en el Tomo 13.138, Libro 0, Folio 17, Secci\u00f3n 8\u00aa, Hoja M-212.474, Inscripci\u00f3n 1\u00aa<\/p>\n<p>El acceso y\/o o uso al sitio web le atribuye la condici\u00f3n de usuario, y acepta, desde dicho acceso y\/o uso, el presente aviso legal.<\/p>\n<p>El usuario (en adelante, el \u201c<strong>usuario<\/strong>\u201d) puede ponerse en contacto con mmmm a trav\u00e9s de la siguiente direcci\u00f3n de correo electr\u00f3nico:\u00a0<u><a href=\"mailto:info@mmmm.es\">info@mmmm.es<\/a><\/u>, en el n\u00famero de tel\u00e9fono +34 91 319 96 86 o a trav\u00e9s de fax: +34 91 308 53 68.<\/p>\n<p><strong>2.- Uso del sitio web<\/strong><\/p>\n<p>El usuario asume la responsabilidad del uso del sitio web. El sitio web puede proporcionar acceso a multitud de textos, gr\u00e1ficos, dibujos, dise\u00f1os, fotograf\u00edas, contenidos multimedia, e informaciones (en adelante, &#8220;<strong>contenidos<\/strong>&#8220;) pertenecientes a mmmm o a terceros a los que el Usuario puede tener acceso.<\/p>\n<p>El usuario se compromete a hacer un uso adecuado de los contenidos y servicios ofrecidos a trav\u00e9s del sitio web y con car\u00e1cter enunciativo pero no limitativo, a no emplearlos para\u00a0<strong>(i)<\/strong>\u00a0incurrir en actividades il\u00edcitas, ilegales o contrarias a la buena fe y al orden p\u00fablico;\u00a0<strong>(ii)<\/strong>\u00a0provocar da\u00f1os en los sistemas f\u00edsicos y l\u00f3gicos del sitio web de mmmm, de sus proveedores o de terceras personas,\u00a0<strong>(iii)<\/strong>\u00a0introducir o difundir en la red virus inform\u00e1ticos o cualesquiera otros sistemas f\u00edsicos o l\u00f3gicos que sean susceptibles de provocar los da\u00f1os anteriormente mencionados,\u00a0<strong>(iv)<\/strong>\u00a0intentar acceder, utilizar y\/o manipular los datos de mmmm terceros proveedores y otros usuarios;\u00a0<strong>(v)<\/strong>\u00a0reproducir o copiar, distribuir, permitir el acceso del p\u00fablico a trav\u00e9s de cualquier modalidad de comunicaci\u00f3n p\u00fablica, transformar o modificar los contenidos, a menos que se cuente con la autorizaci\u00f3n de mmmm;\u00a0<strong>(vi)<\/strong>\u00a0suprimir, ocultar o manipular los contenidos sujetos a derechos de propiedad intelectual o industrial y dem\u00e1s datos identificativos de dichos derechos de mmmm o de terceros incorporados a los contenidos, as\u00ed como los dispositivos t\u00e9cnicos de protecci\u00f3n o cualesquiera mecanismos de informaci\u00f3n que puedan insertarse en los contenidos.<\/p>\n<p>mmmm advierte que los materiales contenidos en esta p\u00e1gina web han sido incluidos a mero t\u00edtulo informativo, por lo que resultan insuficientes para tomar decisiones o asumir posiciones en un caso concreto.<\/p>\n<p>El usuario debe tener en cuenta que los materiales contenidos en esta p\u00e1gina web pudieran no reflejar el estado legislativo o jurisprudencial m\u00e1s reciente sobre las cuestiones analizadas. Asimismo, estos materiales pueden ser modificados, desarrollados o actualizados sin notificaci\u00f3n previa.<\/p>\n<p>mmmm tendr\u00e1 derecho a investigar y denunciar cualquiera de las conductas mencionadas de acuerdo con la ley, as\u00ed como a colaborar con las autoridades en la investigaci\u00f3n de dichas actuaciones.<\/p>\n<p>mmmm podr\u00e1 suspender temporalmente y sin previo aviso, la accesibilidad al sitio web con motivo de operaciones de mantenimiento, reparaci\u00f3n, actualizaci\u00f3n o mejora. No obstante, siempre que las circunstancias lo permitan, mmmm comunicar\u00e1 al usuario, con antelaci\u00f3n suficiente, la fecha prevista para la suspensi\u00f3n de los servicios. mmmm no se responsabiliza del uso que los usuarios puedan hacer de los contenidos incluidos en el sitio web.<\/p>\n<p><strong>3.- Propiedad Intelectual e Industrial<\/strong><\/p>\n<p>Todos los derechos de propiedad intelectual del contenido de este sitio web y su dise\u00f1o gr\u00e1fico son propiedad exclusiva de mmmm, o bien de un tercero que ha autorizado la utilizaci\u00f3n de los mismos, por lo que es a mmmm a quien le corresponde el ejercicio exclusivo de los derechos de explotaci\u00f3n de los mismos.<\/p>\n<p>Por ello y en virtud de lo dispuesto en el Real Decreto Legislativo 1\/1996, de 12 de Abril, por el que se aprueba el Texto Refundido de la Ley de Propiedad Intelectual, as\u00ed como en la Ley 17\/2001, de 7 de diciembre, de Marcas y la legislaci\u00f3n complementaria en materia de propiedad intelectual e industrial, queda prohibida la reproducci\u00f3n, transmisi\u00f3n, adaptaci\u00f3n, traducci\u00f3n, distribuci\u00f3n, comunicaci\u00f3n p\u00fablica, incluida su modalidad de puesta a disposici\u00f3n, o cualquier otra explotaci\u00f3n y\/o modificaci\u00f3n, total o parcial, sin previa autorizaci\u00f3n expresa de mmmm, de cualquier contenido incluido en el sitio web.<\/p>\n<p>mmmm no concede ninguna licencia o autorizaci\u00f3n de uso de ninguna clase sobre sus derechos de propiedad intelectual e industrial o sobre cualquier otra propiedad o derecho relacionado con el sitio web, los servicios o los contenidos del mismo.<\/p>\n<p>Se permite la reproducci\u00f3n y almacenamiento temporal de los contenidos del sitio web en tanto ello sea estrictamente necesario para el uso y visualizaci\u00f3n del sitio web desde un ordenador personal.<\/p>\n<p>La legitimidad de los derechos de propiedad intelectual o industrial correspondientes a los contenidos aportados por los usuarios es responsabilidad exclusiva de los mismos, por lo que el usuario mantendr\u00e1 indemne a mmmm de cualquier reclamaci\u00f3n de terceros derivada de la utilizaci\u00f3n il\u00edcita de contenidos en el sitio web<strong>.<\/strong><\/p>\n<p><strong>4.- Responsabilidad y Garant\u00edas<\/strong><\/p>\n<p>mmmm declara que ha adoptado las medidas necesarias que, dentro de sus posibilidades y el estado de la tecnolog\u00eda, permitan el correcto funcionamiento de su sitio web, as\u00ed como la ausencia de virus y componentes da\u00f1inos. Sin embargo, mmmm no puede hacerse responsable de:\u00a0<strong>(i)\u00a0<\/strong>la continuidad y disponibilidad de los contenidos y servicios;\u00a0<strong>(ii)<\/strong>\u00a0la ausencia de errores en dichos contenidos ni la correcci\u00f3n de cualquier defecto que pudiera ocurrir;\u00a0<strong>(iii)<\/strong>\u00a0la ausencia de virus y\/o dem\u00e1s componentes da\u00f1inos;\u00a0<strong>(iv)<\/strong>\u00a0los da\u00f1os o perjuicios que cause cualquier persona que vulnere los sistemas de seguridad de mmmm.<\/p>\n<p>Las aportaciones que se pueden encontrar en estas p\u00e1ginas se han realizado \u00fanicamente a t\u00edtulo informativo. mmmm no garantiza la integridad, exactitud y actualidad de sus contenidos. Por ello, no son v\u00e1lidas como asesoramiento jur\u00eddico concreto en casos particulares. Las relaciones mandatarias tendr\u00e1n lugar \u00fanicamente despu\u00e9s de la confirmaci\u00f3n por escrito.<\/p>\n<p>mmmm no asume ninguna responsabilidad sobre los enlaces a otras p\u00e1ginas web que se encuentren en el sitio web, pudiendo dirigir al usuario a otros sitios web sobre los que mmmm no tiene ning\u00fan tipo de control, por lo que la inclusi\u00f3n de v\u00ednculos con otros sitios web no implica la aprobaci\u00f3n de sus contenidos por parte de mmmm ni la existencia de ning\u00fan tipo de asociaci\u00f3n entre mmmm y sus titulares. Por ello, el usuario accede bajo su exclusiva responsabilidad al contenido y en las condiciones de uso que rijan en los mismos.<\/p>\n<p><strong>5.- Duraci\u00f3n y modificaci\u00f3n<\/strong><\/p>\n<p>El presente aviso legal estar\u00e1 vigente con car\u00e1cter indefinido, pudiendo mmmm efectuar cambios sobre las condiciones especificadas en el mismo, y que entrar\u00e1n en vigor desde el momento de su publicaci\u00f3n.<\/p>\n<p>mmmm podr\u00e1 suprimir, a\u00f1adir o cambiar tanto los contenidos como los servicios que presta, as\u00ed como tambi\u00e9n la forma en la que los mismos aparezcan localizados o presentados. Se entienden como vigentes, las condiciones que est\u00e9n publicadas en el momento en el que el usuario acceda al sitio web de mmmm.<\/p>\n<p>El acceso y\/o el uso del sitio web se entender\u00e1 como una aceptaci\u00f3n por parte del usuario del presente aviso legal y sus condiciones y, en su caso, los cambios efectuados en las mismas.<\/p>\n","protected":false},"excerpt":{"rendered":"<p>1.- Derecho de la informaci\u00f3n Le informamos de que este sitio web es titularidad de MONEREO MEYER ABOGADOS, S.L.P (en adelante, \u201cmmmm\u201d), con N.I.F. B-81941932, y domicilio social en Agust\u00edn de Fox\u00e1, 4, 28036, Madrid, Sociedad Limitada Profesional inscrita en el Registro Mercantil de Madrid en el Tomo 13.138, Libro 0, Folio 17, Secci\u00f3n 8\u00aa, [&hellip;]<\/p>\n","protected":false},"author":1,"featured_media":0,"parent":0,"menu_order":0,"comment_status":"closed","ping_status":"closed","template":"","meta":[],"yoast_head":"<!-- This site is optimized with the Yoast SEO Premium plugin v21.6 (Yoast SEO v21.6) - https:\/\/yoast.com\/wordpress\/plugins\/seo\/ -->\n<title>Aviso legal - Monereo Meyer Abogados<\/title>\n<meta name=\"description\" content=\"MONEREO MEYER ABOGADOS S.L.P. (en adelante mmmm) con domicilio social en Alfonso XII 30, 5\u00aa planta, 28004 Madrid, Espa\u00f1a y CIF n&amp;uacu\" \/>\n<meta name=\"robots\" content=\"index, follow, max-snippet:-1, max-image-preview:large, max-video-preview:-1\" \/>\n<link rel=\"canonical\" href=\"https:\/\/www.mmmm.es\/es\/aviso-legal\/\" \/>\n<meta property=\"og:locale\" content=\"es_ES\" \/>\n<meta property=\"og:type\" content=\"article\" \/>\n<meta property=\"og:title\" content=\"Aviso legal\" \/>\n<meta property=\"og:description\" content=\"MONEREO MEYER ABOGADOS S.L.P. (en adelante mmmm) con domicilio social en Alfonso XII 30, 5\u00aa planta, 28004 Madrid, Espa\u00f1a y CIF n&amp;uacu\" \/>\n<meta property=\"og:url\" content=\"https:\/\/www.mmmm.es\/es\/aviso-legal\/\" \/>\n<meta property=\"og:site_name\" content=\"Monereo Meyer Abogados\" \/>\n<meta property=\"article:modified_time\" content=\"2023-07-13T07:24:12+00:00\" \/>\n<meta name=\"twitter:card\" content=\"summary_large_image\" \/>\n<meta name=\"twitter:site\" content=\"@mmmm_abogados\" \/>\n<meta name=\"twitter:label1\" content=\"Tiempo de lectura\" \/>\n\t<meta name=\"twitter:data1\" content=\"6 minutos\" \/>\n<script type=\"application\/ld+json\" class=\"yoast-schema-graph\">{\"@context\":\"https:\/\/schema.org\",\"@graph\":[{\"@type\":\"WebPage\",\"@id\":\"https:\/\/www.mmmm.es\/es\/aviso-legal\/\",\"url\":\"https:\/\/www.mmmm.es\/es\/aviso-legal\/\",\"name\":\"Aviso legal - Monereo Meyer Abogados\",\"isPartOf\":{\"@id\":\"https:\/\/www.mmmm.es\/de\/#website\"},\"datePublished\":\"2019-06-16T18:09:32+00:00\",\"dateModified\":\"2023-07-13T07:24:12+00:00\",\"description\":\"MONEREO MEYER ABOGADOS S.L.P. (en adelante mmmm) con domicilio social en Alfonso XII 30, 5\u00aa planta, 28004 Madrid, Espa\u00f1a y CIF n&uacu\",\"breadcrumb\":{\"@id\":\"https:\/\/www.mmmm.es\/es\/aviso-legal\/#breadcrumb\"},\"inLanguage\":\"es-ES\",\"potentialAction\":[{\"@type\":\"ReadAction\",\"target\":[\"https:\/\/www.mmmm.es\/es\/aviso-legal\/\"]}]},{\"@type\":\"BreadcrumbList\",\"@id\":\"https:\/\/www.mmmm.es\/es\/aviso-legal\/#breadcrumb\",\"itemListElement\":[{\"@type\":\"ListItem\",\"position\":1,\"name\":\"Home\",\"item\":\"https:\/\/www.mmmm.es\/es\/\"},{\"@type\":\"ListItem\",\"position\":2,\"name\":\"Aviso legal\"}]},{\"@type\":\"WebSite\",\"@id\":\"https:\/\/www.mmmm.es\/de\/#website\",\"url\":\"https:\/\/www.mmmm.es\/de\/\",\"name\":\"Monereo Meyer Abogados\",\"description\":\"Monereo Meyer Abogados\",\"publisher\":{\"@id\":\"https:\/\/www.mmmm.es\/de\/#organization\"},\"potentialAction\":[{\"@type\":\"SearchAction\",\"target\":{\"@type\":\"EntryPoint\",\"urlTemplate\":\"https:\/\/www.mmmm.es\/de\/?s={search_term_string}\"},\"query-input\":\"required name=search_term_string\"}],\"inLanguage\":\"es-ES\"},{\"@type\":\"Organization\",\"@id\":\"https:\/\/www.mmmm.es\/de\/#organization\",\"name\":\"Monereo Meyer Abogados\",\"url\":\"https:\/\/www.mmmm.es\/de\/\",\"logo\":{\"@type\":\"ImageObject\",\"inLanguage\":\"es-ES\",\"@id\":\"https:\/\/www.mmmm.es\/de\/#\/schema\/logo\/image\/\",\"url\":\"https:\/\/www.mmmm.es\/mmmm-content\/uploads\/2019\/11\/logo_azul.min_.svg\",\"contentUrl\":\"https:\/\/www.mmmm.es\/mmmm-content\/uploads\/2019\/11\/logo_azul.min_.svg\",\"width\":177,\"height\":66,\"caption\":\"Monereo Meyer Abogados\"},\"image\":{\"@id\":\"https:\/\/www.mmmm.es\/de\/#\/schema\/logo\/image\/\"},\"sameAs\":[\"https:\/\/twitter.com\/mmmm_abogados\"]}]}<\/script>\n<!-- \/ Yoast SEO Premium plugin. -->","yoast_head_json":{"title":"Aviso legal - Monereo Meyer Abogados","description":"MONEREO MEYER ABOGADOS S.L.P. (en adelante mmmm) con domicilio social en Alfonso XII 30, 5\u00aa planta, 28004 Madrid, Espa\u00f1a y CIF n&uacu","robots":{"index":"index","follow":"follow","max-snippet":"max-snippet:-1","max-image-preview":"max-image-preview:large","max-video-preview":"max-video-preview:-1"},"canonical":"https:\/\/www.mmmm.es\/es\/aviso-legal\/","og_locale":"es_ES","og_type":"article","og_title":"Aviso legal","og_description":"MONEREO MEYER ABOGADOS S.L.P. (en adelante mmmm) con domicilio social en Alfonso XII 30, 5\u00aa planta, 28004 Madrid, Espa\u00f1a y CIF n&uacu","og_url":"https:\/\/www.mmmm.es\/es\/aviso-legal\/","og_site_name":"Monereo Meyer Abogados","article_modified_time":"2023-07-13T07:24:12+00:00","twitter_card":"summary_large_image","twitter_site":"@mmmm_abogados","twitter_misc":{"Tiempo de lectura":"6 minutos"},"schema":{"@context":"https:\/\/schema.org","@graph":[{"@type":"WebPage","@id":"https:\/\/www.mmmm.es\/es\/aviso-legal\/","url":"https:\/\/www.mmmm.es\/es\/aviso-legal\/","name":"Aviso legal - Monereo Meyer Abogados","isPartOf":{"@id":"https:\/\/www.mmmm.es\/de\/#website"},"datePublished":"2019-06-16T18:09:32+00:00","dateModified":"2023-07-13T07:24:12+00:00","description":"MONEREO MEYER ABOGADOS S.L.P. (en adelante mmmm) con domicilio social en Alfonso XII 30, 5\u00aa planta, 28004 Madrid, Espa\u00f1a y CIF n&uacu","breadcrumb":{"@id":"https:\/\/www.mmmm.es\/es\/aviso-legal\/#breadcrumb"},"inLanguage":"es-ES","potentialAction":[{"@type":"ReadAction","target":["https:\/\/www.mmmm.es\/es\/aviso-legal\/"]}]},{"@type":"BreadcrumbList","@id":"https:\/\/www.mmmm.es\/es\/aviso-legal\/#breadcrumb","itemListElement":[{"@type":"ListItem","position":1,"name":"Home","item":"https:\/\/www.mmmm.es\/es\/"},{"@type":"ListItem","position":2,"name":"Aviso legal"}]},{"@type":"WebSite","@id":"https:\/\/www.mmmm.es\/de\/#website","url":"https:\/\/www.mmmm.es\/de\/","name":"Monereo Meyer Abogados","description":"Monereo Meyer Abogados","publisher":{"@id":"https:\/\/www.mmmm.es\/de\/#organization"},"potentialAction":[{"@type":"SearchAction","target":{"@type":"EntryPoint","urlTemplate":"https:\/\/www.mmmm.es\/de\/?s={search_term_string}"},"query-input":"required name=search_term_string"}],"inLanguage":"es-ES"},{"@type":"Organization","@id":"https:\/\/www.mmmm.es\/de\/#organization","name":"Monereo Meyer Abogados","url":"https:\/\/www.mmmm.es\/de\/","logo":{"@type":"ImageObject","inLanguage":"es-ES","@id":"https:\/\/www.mmmm.es\/de\/#\/schema\/logo\/image\/","url":"https:\/\/www.mmmm.es\/mmmm-content\/uploads\/2019\/11\/logo_azul.min_.svg","contentUrl":"https:\/\/www.mmmm.es\/mmmm-content\/uploads\/2019\/11\/logo_azul.min_.svg","width":177,"height":66,"caption":"Monereo Meyer Abogados"},"image":{"@id":"https:\/\/www.mmmm.es\/de\/#\/schema\/logo\/image\/"},"sameAs":["https:\/\/twitter.com\/mmmm_abogados"]}]}},"_links":{"self":[{"href":"https:\/\/www.mmmm.es\/es\/wp-json\/wp\/v2\/pages\/1109\/"}],"collection":[{"href":"https:\/\/www.mmmm.es\/es\/wp-json\/wp\/v2\/pages\/"}],"about":[{"href":"https:\/\/www.mmmm.es\/es\/wp-json\/wp\/v2\/types\/page\/"}],"author":[{"embeddable":true,"href":"https:\/\/www.mmmm.es\/es\/wp-json\/wp\/v2\/users\/1\/"}],"replies":[{"embeddable":true,"href":"https:\/\/www.mmmm.es\/es\/wp-json\/wp\/v2\/comments\/?post=1109"}],"version-history":[{"count":1,"href":"https:\/\/www.mmmm.es\/es\/wp-json\/wp\/v2\/pages\/1109\/revisions\/"}],"predecessor-version":[{"id":20153,"href":"https:\/\/www.mmmm.es\/es\/wp-json\/wp\/v2\/pages\/1109\/revisions\/20153\/"}],"wp:attachment":[{"href":"https:\/\/www.mmmm.es\/es\/wp-json\/wp\/v2\/media\/?parent=1109"}],"curies":[{"name":"wp","href":"https:\/\/api.w.org\/{rel}","templated":true}]}}