{"id":1113,"date":"2019-06-16T20:16:28","date_gmt":"2019-06-16T18:16:28","guid":{"rendered":"https:\/\/www.mmmm.es\/monereo-meyer-abogados\/"},"modified":"2024-04-03T10:55:46","modified_gmt":"2024-04-03T08:55:46","slug":"firma-abogados","status":"publish","type":"page","link":"https:\/\/www.mmmm.es\/es\/firma-abogados\/","title":{"rendered":"Firma"},"content":{"rendered":"<p><strong>Perfil<\/strong><\/p>\n<p>Somos un despacho internacional de tama\u00f1o medio en Espa\u00f1a y Portugal con 35 abogados, r\u00e1pido, \u00e1gil, din\u00e1mico y a la altura de los m\u00e1s grandes. Nos caracterizamos por una marcada competencia intercultural, especialmente en relaci\u00f3n con pa\u00edses de habla alemana. Desde nuestras oficinas en Barcelona, Madrid, Palma, Tenerife y Lisboa, asesoramos y acompa\u00f1amos a empresas extranjeras en sus negocios en Espa\u00f1a y Portugal.<\/p>\n<p>Nuestro mundo est\u00e1 en continuo movimiento, por lo que nos esforzamos d\u00eda a d\u00eda por estar siempre a la vanguardia. Valoramos mucho el contacto directo con nuestros clientes, algo que nos permite detectar r\u00e1pidamente los retos y problemas a los que se enfrentan en los diversos sectores en los que operan. De esa proximidad nace la confianza que depositan en nosotros y que sabemos agradecer mediante un servicio impecable.<\/p>\n<p><strong>Internacional<\/strong><\/p>\n<p>Nuestro origen est\u00e1 en el asesoramiento a empresas de habla alemana, \u00e1mbito en el que somos l\u00edderes en Espa\u00f1a, y nuestro trabajo goza de una gran reputaci\u00f3n dentro y fuera de nuestras fronteras, naturalmente tambi\u00e9n a empresas nacionales. Gracias a nuestras estrechas y amistosas relaciones con despachos estadounidenses, hemos abierto un US Desk, dando servicio a particulares y empresas de aquel mercado con inter\u00e9s en hacer negocios en Espa\u00f1a y Portugal. De esta forma, seguimos afianzando nuestro posicionamiento como despacho internacional.<\/p>\n<p>Algunos de nuestros abogados tienen cargos activos en asociaciones internacionales como UIA, IBA y AIJA. Somos, adem\u00e1s, cofundadores e impulsores de CBBL Cross Border Business Lawyers, primera y \u00fanica red mundial de despachos de habla alemana, actualmente con presencia en 60 pa\u00edses en los cinco continentes.<\/p>\n<p><strong>Reconocimientos<\/strong><\/p>\n<p>Estamos recomendados por los prestigiosos directorios independientes Legal 500, Chambers &amp; Partners y Who\u2019s Who Legal.<\/p>\n<p><em>The firm has a significant focus on serving the Spanish corporate governance, M&amp;A, real estate and finance needs of clients from German-speaking markets. Interviewees note that a key strength is &#8220;the bridge they can make between Spanish and German law,&#8221; adding: &#8220;They can make the differences understood in the German language and while thinking about the specific German law elements, which are sometimes notably different.&#8221; Corporate M&amp;A &#8211; Chambers Global 2018<\/em><\/p>\n<p><em>Advises companies and individuals from German-speaking countries on a wide range of commercial and civil litigation topics. Benefits from the presence of several dual-qualified partners based in both Madrid and Barcelona. Stefan Meyer heads the German desk, while Michael Fries and Sonia Gumpert Melgosa are key contacts for dispute matters.<\/em><br \/>\nDispute Resolution \u2013 Chambers Global 2018<\/p>\n<p><em>Proven track record advising international clients on operations in Spain, with particular focus on the German-speaking market. Assists Spanish companies with M&amp;A transactions in foreign markets and offers expertise in distressed matters. Also experienced in international joint ventures and company start-ups. Noteworthy work on behalf of clients with activity in the automotive sector.<\/em><br \/>\n<em>Strengths Interviewees appreciate that &#8220;you can contact the senior lawyers easily and they have the experience and skills necessary. A high-quality performance.&#8221;<\/em><br \/>\nBarcelona, Corporate M&amp;A (Band 4)- Chambers Europe 2018<\/p>\n<p><em>Regularly retained for advice on civil and commercial litigation emanating from sectors such as luxury goods, telecommunications and transport. Particularly skilful at assisting German clients with their Spanish conflicts thanks to the team&#8217;s dual-qualified practitioners. Also represents private individuals. Notable activity of late in the retail sector.<\/em><br \/>\n<em>Strengths Interviewees note: &#8220;It&#8217;s a firm with great professionals. The lawyers are efficient and give quick answers to all matters, without losing legal accuracy.&#8221;<\/em> Barcelona, Dispute Resolution (Band 4) &#8211; Chambers Europe 2018<\/p>\n","protected":false},"excerpt":{"rendered":"<p>Perfil Somos un despacho internacional de tama\u00f1o medio en Espa\u00f1a y Portugal con 35 abogados, r\u00e1pido, \u00e1gil, din\u00e1mico y a la altura de los m\u00e1s grandes. Nos caracterizamos por una marcada competencia intercultural, especialmente en relaci\u00f3n con pa\u00edses de habla alemana. Desde nuestras oficinas en Barcelona, Madrid, Palma, Tenerife y Lisboa, asesoramos y acompa\u00f1amos a [&hellip;]<\/p>\n","protected":false},"author":1,"featured_media":0,"parent":0,"menu_order":0,"comment_status":"closed","ping_status":"closed","template":"page-firm.php","meta":[],"yoast_head":"<!-- This site is optimized with the Yoast SEO Premium plugin v21.6 (Yoast SEO v21.6) - https:\/\/yoast.com\/wordpress\/plugins\/seo\/ -->\n<title>Bufete internacional en Madrid, Barcelona, Mallorca y Lisboa<\/title>\n<meta name=\"description\" content=\"Somos un bufete internacional de tama\u00f1o medio en Madrid, Barcelona, Palma y Lisboa, con 40 abogados, r\u00e1pido, \u00e1gil, din\u00e1mico y a la altura de los m\u00e1s grandes. Nos caracterizamos por una marcada competencia intercultural, especialmente en relaci\u00f3n con pa\u00edses de habla alemana. Desde nuestras oficinas asesoramos y acompa\u00f1amos a empresas extranjeras en sus negocios en Espa\u00f1a y Portugal.\" \/>\n<meta name=\"robots\" content=\"index, follow, max-snippet:-1, max-image-preview:large, max-video-preview:-1\" \/>\n<link rel=\"canonical\" href=\"https:\/\/www.mmmm.es\/es\/firma-abogados\/\" \/>\n<meta property=\"og:locale\" content=\"es_ES\" \/>\n<meta property=\"og:type\" content=\"article\" \/>\n<meta property=\"og:title\" content=\"Firma\" \/>\n<meta property=\"og:description\" content=\"Somos un bufete internacional de tama\u00f1o medio en Madrid, Barcelona, Palma y Lisboa, con 40 abogados, r\u00e1pido, \u00e1gil, din\u00e1mico y a la altura de los m\u00e1s grandes. Nos caracterizamos por una marcada competencia intercultural, especialmente en relaci\u00f3n con pa\u00edses de habla alemana. Desde nuestras oficinas asesoramos y acompa\u00f1amos a empresas extranjeras en sus negocios en Espa\u00f1a y Portugal.\" \/>\n<meta property=\"og:url\" content=\"https:\/\/www.mmmm.es\/es\/firma-abogados\/\" \/>\n<meta property=\"og:site_name\" content=\"Monereo Meyer Abogados\" \/>\n<meta property=\"article:modified_time\" content=\"2024-04-03T08:55:46+00:00\" \/>\n<meta name=\"twitter:card\" content=\"summary_large_image\" \/>\n<meta name=\"twitter:site\" content=\"@mmmm_abogados\" \/>\n<meta name=\"twitter:label1\" content=\"Tiempo de lectura\" \/>\n\t<meta name=\"twitter:data1\" content=\"3 minutos\" \/>\n<script type=\"application\/ld+json\" class=\"yoast-schema-graph\">{\"@context\":\"https:\/\/schema.org\",\"@graph\":[{\"@type\":\"WebPage\",\"@id\":\"https:\/\/www.mmmm.es\/es\/firma-abogados\/\",\"url\":\"https:\/\/www.mmmm.es\/es\/firma-abogados\/\",\"name\":\"Bufete internacional en Madrid, Barcelona, Mallorca y Lisboa\",\"isPartOf\":{\"@id\":\"https:\/\/www.mmmm.es\/de\/#website\"},\"datePublished\":\"2019-06-16T18:16:28+00:00\",\"dateModified\":\"2024-04-03T08:55:46+00:00\",\"description\":\"Somos un bufete internacional de tama\u00f1o medio en Madrid, Barcelona, Palma y Lisboa, con 40 abogados, r\u00e1pido, \u00e1gil, din\u00e1mico y a la altura de los m\u00e1s grandes. Nos caracterizamos por una marcada competencia intercultural, especialmente en relaci\u00f3n con pa\u00edses de habla alemana. Desde nuestras oficinas asesoramos y acompa\u00f1amos a empresas extranjeras en sus negocios en Espa\u00f1a y Portugal.\",\"breadcrumb\":{\"@id\":\"https:\/\/www.mmmm.es\/es\/firma-abogados\/#breadcrumb\"},\"inLanguage\":\"es-ES\",\"potentialAction\":[{\"@type\":\"ReadAction\",\"target\":[\"https:\/\/www.mmmm.es\/es\/firma-abogados\/\"]}]},{\"@type\":\"BreadcrumbList\",\"@id\":\"https:\/\/www.mmmm.es\/es\/firma-abogados\/#breadcrumb\",\"itemListElement\":[{\"@type\":\"ListItem\",\"position\":1,\"name\":\"Home\",\"item\":\"https:\/\/www.mmmm.es\/es\/\"},{\"@type\":\"ListItem\",\"position\":2,\"name\":\"Firma\"}]},{\"@type\":\"WebSite\",\"@id\":\"https:\/\/www.mmmm.es\/de\/#website\",\"url\":\"https:\/\/www.mmmm.es\/de\/\",\"name\":\"Monereo Meyer Abogados\",\"description\":\"Monereo Meyer Abogados\",\"publisher\":{\"@id\":\"https:\/\/www.mmmm.es\/de\/#organization\"},\"potentialAction\":[{\"@type\":\"SearchAction\",\"target\":{\"@type\":\"EntryPoint\",\"urlTemplate\":\"https:\/\/www.mmmm.es\/de\/?s={search_term_string}\"},\"query-input\":\"required name=search_term_string\"}],\"inLanguage\":\"es-ES\"},{\"@type\":\"Organization\",\"@id\":\"https:\/\/www.mmmm.es\/de\/#organization\",\"name\":\"Monereo Meyer Abogados\",\"url\":\"https:\/\/www.mmmm.es\/de\/\",\"logo\":{\"@type\":\"ImageObject\",\"inLanguage\":\"es-ES\",\"@id\":\"https:\/\/www.mmmm.es\/de\/#\/schema\/logo\/image\/\",\"url\":\"https:\/\/www.mmmm.es\/mmmm-content\/uploads\/2019\/11\/logo_azul.min_.svg\",\"contentUrl\":\"https:\/\/www.mmmm.es\/mmmm-content\/uploads\/2019\/11\/logo_azul.min_.svg\",\"width\":177,\"height\":66,\"caption\":\"Monereo Meyer Abogados\"},\"image\":{\"@id\":\"https:\/\/www.mmmm.es\/de\/#\/schema\/logo\/image\/\"},\"sameAs\":[\"https:\/\/twitter.com\/mmmm_abogados\"]}]}<\/script>\n<!-- \/ Yoast SEO Premium plugin. -->","yoast_head_json":{"title":"Bufete internacional en Madrid, Barcelona, Mallorca y Lisboa","description":"Somos un bufete internacional de tama\u00f1o medio en Madrid, Barcelona, Palma y Lisboa, con 40 abogados, r\u00e1pido, \u00e1gil, din\u00e1mico y a la altura de los m\u00e1s grandes. Nos caracterizamos por una marcada competencia intercultural, especialmente en relaci\u00f3n con pa\u00edses de habla alemana. Desde nuestras oficinas asesoramos y acompa\u00f1amos a empresas extranjeras en sus negocios en Espa\u00f1a y Portugal.","robots":{"index":"index","follow":"follow","max-snippet":"max-snippet:-1","max-image-preview":"max-image-preview:large","max-video-preview":"max-video-preview:-1"},"canonical":"https:\/\/www.mmmm.es\/es\/firma-abogados\/","og_locale":"es_ES","og_type":"article","og_title":"Firma","og_description":"Somos un bufete internacional de tama\u00f1o medio en Madrid, Barcelona, Palma y Lisboa, con 40 abogados, r\u00e1pido, \u00e1gil, din\u00e1mico y a la altura de los m\u00e1s grandes. Nos caracterizamos por una marcada competencia intercultural, especialmente en relaci\u00f3n con pa\u00edses de habla alemana. Desde nuestras oficinas asesoramos y acompa\u00f1amos a empresas extranjeras en sus negocios en Espa\u00f1a y Portugal.","og_url":"https:\/\/www.mmmm.es\/es\/firma-abogados\/","og_site_name":"Monereo Meyer Abogados","article_modified_time":"2024-04-03T08:55:46+00:00","twitter_card":"summary_large_image","twitter_site":"@mmmm_abogados","twitter_misc":{"Tiempo de lectura":"3 minutos"},"schema":{"@context":"https:\/\/schema.org","@graph":[{"@type":"WebPage","@id":"https:\/\/www.mmmm.es\/es\/firma-abogados\/","url":"https:\/\/www.mmmm.es\/es\/firma-abogados\/","name":"Bufete internacional en Madrid, Barcelona, Mallorca y Lisboa","isPartOf":{"@id":"https:\/\/www.mmmm.es\/de\/#website"},"datePublished":"2019-06-16T18:16:28+00:00","dateModified":"2024-04-03T08:55:46+00:00","description":"Somos un bufete internacional de tama\u00f1o medio en Madrid, Barcelona, Palma y Lisboa, con 40 abogados, r\u00e1pido, \u00e1gil, din\u00e1mico y a la altura de los m\u00e1s grandes. Nos caracterizamos por una marcada competencia intercultural, especialmente en relaci\u00f3n con pa\u00edses de habla alemana. Desde nuestras oficinas asesoramos y acompa\u00f1amos a empresas extranjeras en sus negocios en Espa\u00f1a y Portugal.","breadcrumb":{"@id":"https:\/\/www.mmmm.es\/es\/firma-abogados\/#breadcrumb"},"inLanguage":"es-ES","potentialAction":[{"@type":"ReadAction","target":["https:\/\/www.mmmm.es\/es\/firma-abogados\/"]}]},{"@type":"BreadcrumbList","@id":"https:\/\/www.mmmm.es\/es\/firma-abogados\/#breadcrumb","itemListElement":[{"@type":"ListItem","position":1,"name":"Home","item":"https:\/\/www.mmmm.es\/es\/"},{"@type":"ListItem","position":2,"name":"Firma"}]},{"@type":"WebSite","@id":"https:\/\/www.mmmm.es\/de\/#website","url":"https:\/\/www.mmmm.es\/de\/","name":"Monereo Meyer Abogados","description":"Monereo Meyer Abogados","publisher":{"@id":"https:\/\/www.mmmm.es\/de\/#organization"},"potentialAction":[{"@type":"SearchAction","target":{"@type":"EntryPoint","urlTemplate":"https:\/\/www.mmmm.es\/de\/?s={search_term_string}"},"query-input":"required name=search_term_string"}],"inLanguage":"es-ES"},{"@type":"Organization","@id":"https:\/\/www.mmmm.es\/de\/#organization","name":"Monereo Meyer Abogados","url":"https:\/\/www.mmmm.es\/de\/","logo":{"@type":"ImageObject","inLanguage":"es-ES","@id":"https:\/\/www.mmmm.es\/de\/#\/schema\/logo\/image\/","url":"https:\/\/www.mmmm.es\/mmmm-content\/uploads\/2019\/11\/logo_azul.min_.svg","contentUrl":"https:\/\/www.mmmm.es\/mmmm-content\/uploads\/2019\/11\/logo_azul.min_.svg","width":177,"height":66,"caption":"Monereo Meyer Abogados"},"image":{"@id":"https:\/\/www.mmmm.es\/de\/#\/schema\/logo\/image\/"},"sameAs":["https:\/\/twitter.com\/mmmm_abogados"]}]}},"_links":{"self":[{"href":"https:\/\/www.mmmm.es\/es\/wp-json\/wp\/v2\/pages\/1113\/"}],"collection":[{"href":"https:\/\/www.mmmm.es\/es\/wp-json\/wp\/v2\/pages\/"}],"about":[{"href":"https:\/\/www.mmmm.es\/es\/wp-json\/wp\/v2\/types\/page\/"}],"author":[{"embeddable":true,"href":"https:\/\/www.mmmm.es\/es\/wp-json\/wp\/v2\/users\/1\/"}],"replies":[{"embeddable":true,"href":"https:\/\/www.mmmm.es\/es\/wp-json\/wp\/v2\/comments\/?post=1113"}],"version-history":[{"count":8,"href":"https:\/\/www.mmmm.es\/es\/wp-json\/wp\/v2\/pages\/1113\/revisions\/"}],"predecessor-version":[{"id":21103,"href":"https:\/\/www.mmmm.es\/es\/wp-json\/wp\/v2\/pages\/1113\/revisions\/21103\/"}],"wp:attachment":[{"href":"https:\/\/www.mmmm.es\/es\/wp-json\/wp\/v2\/media\/?parent=1113"}],"curies":[{"name":"wp","href":"https:\/\/api.w.org\/{rel}","templated":true}]}}