{"id":1357,"date":"2019-10-06T17:12:57","date_gmt":"2019-10-06T15:12:57","guid":{"rendered":"https:\/\/www.mmmm.es\/?page_id=1357"},"modified":"2025-09-04T14:57:10","modified_gmt":"2025-09-04T12:57:10","slug":"german","status":"publish","type":"page","link":"https:\/\/www.mmmm.es\/es\/desks-abogados\/german\/","title":{"rendered":"German Desk"},"content":{"rendered":"<p>Alemania es el segundo socio comercial m\u00e1s importante de Espa\u00f1a despu\u00e9s de Francia. Las\u00a0<strong>exportaciones espa\u00f1olas<\/strong>\u00a0a los tres pa\u00edses de habla alemana (Alemania, Austria y Suiza) ascienden actualmente a unos\u00a0<strong>39.200 millones de euros al a\u00f1o<\/strong>, una cifra significativamente menor que las\u00a0<strong>importaciones<\/strong>\u00a0procedentes de estos pa\u00edses, que alcanzan aproximadamente\u00a0<strong>54.600 millones de euros al a\u00f1o<\/strong>. En pr\u00e1cticamente todos los sectores industriales existen importantes inversiones alemanas, austr\u00edacas y suizas en Espa\u00f1a y viceversa.<\/p>\n<p>Monereo Meyer Abogados destaca entre los despachos espa\u00f1oles por tener &#8211; con 35 abogados, la gran mayor\u00eda de ellos de habla alemana &#8211; el German Desk de referencia en Espa\u00f1a. De nuestros abogados, 12 est\u00e1n colegiados tambi\u00e9n en alguno de estos tres pa\u00edses germano parlantes.<\/p>\n<p>Desde nuestros or\u00edgenes en 1989, mantenemos una consolidada y estrecha colaboraci\u00f3n con despachos de nuestra confianza en los diferentes centros de negocio de Alemania, Austria y Suiza, prestando un servicio eficaz desde cualquiera de nuestras oficinas en Espa\u00f1a y Portugal para empresas nacionales que inicien o mantengan una actividad comercial en cualquiera de estos pa\u00edses. Monereo Meyer Abogados, adem\u00e1s, forma parte de la \u00fanica red existente a nivel mundial de despachos de habla alemana, CBBL (<a href=\"https:\/\/www.cbbl-lawyers.de\/spanien\/\">www.cbbl-lawyers.de<\/a>).<\/p>\n<p>Los abogados integrados en el German Desk de nuestro despacho est\u00e1n perfectamente familiarizados con la cultural comercial existente en Alemania, Austria y Suiza, as\u00ed como con los ordenamientos jur\u00eddicos existentes en dichos pa\u00edses.<\/p>\n","protected":false},"excerpt":{"rendered":"<p>Alemania es el segundo socio comercial m\u00e1s importante de Espa\u00f1a despu\u00e9s de Francia. Las\u00a0exportaciones espa\u00f1olas\u00a0a los tres pa\u00edses de habla alemana (Alemania, Austria y Suiza) ascienden actualmente a unos\u00a039.200 millones de euros al a\u00f1o, una cifra significativamente menor que las\u00a0importaciones\u00a0procedentes de estos pa\u00edses, que alcanzan aproximadamente\u00a054.600 millones de euros al a\u00f1o. En pr\u00e1cticamente todos los [&hellip;]<\/p>\n","protected":false},"author":1,"featured_media":0,"parent":1361,"menu_order":0,"comment_status":"closed","ping_status":"closed","template":"page-text_two_columns.php","meta":[],"yoast_head":"<!-- This site is optimized with the Yoast SEO Premium plugin v21.6 (Yoast SEO v21.6) - https:\/\/yoast.com\/wordpress\/plugins\/seo\/ -->\n<title>German Desk - Monereo Meyer Abogados<\/title>\n<meta name=\"description\" content=\"Alemania es, despu\u00e9s de Francia, el segundo socio comercial m\u00e1s importante de Espa\u00f1a. La exportaci\u00f3n de Espa\u00f1a a los tres pa\u00edses germano parlantes.\" \/>\n<meta name=\"robots\" content=\"index, follow, max-snippet:-1, max-image-preview:large, max-video-preview:-1\" \/>\n<link rel=\"canonical\" href=\"https:\/\/www.mmmm.es\/es\/desks-abogados\/german\/\" \/>\n<meta property=\"og:locale\" content=\"es_ES\" \/>\n<meta property=\"og:type\" content=\"article\" \/>\n<meta property=\"og:title\" content=\"German Desk\" \/>\n<meta property=\"og:description\" content=\"Alemania es, despu\u00e9s de Francia, el segundo socio comercial m\u00e1s importante de Espa\u00f1a. La exportaci\u00f3n de Espa\u00f1a a los tres pa\u00edses germano parlantes.\" \/>\n<meta property=\"og:url\" content=\"https:\/\/www.mmmm.es\/es\/desks-abogados\/german\/\" \/>\n<meta property=\"og:site_name\" content=\"Monereo Meyer Abogados\" \/>\n<meta property=\"article:modified_time\" content=\"2025-09-04T12:57:10+00:00\" \/>\n<meta name=\"twitter:card\" content=\"summary_large_image\" \/>\n<meta name=\"twitter:site\" content=\"@mmmm_abogados\" \/>\n<meta name=\"twitter:label1\" content=\"Tiempo de lectura\" \/>\n\t<meta name=\"twitter:data1\" content=\"1 minuto\" \/>\n<script type=\"application\/ld+json\" class=\"yoast-schema-graph\">{\"@context\":\"https:\/\/schema.org\",\"@graph\":[{\"@type\":\"WebPage\",\"@id\":\"https:\/\/www.mmmm.es\/es\/desks-abogados\/german\/\",\"url\":\"https:\/\/www.mmmm.es\/es\/desks-abogados\/german\/\",\"name\":\"German Desk - Monereo Meyer Abogados\",\"isPartOf\":{\"@id\":\"https:\/\/www.mmmm.es\/de\/#website\"},\"datePublished\":\"2019-10-06T15:12:57+00:00\",\"dateModified\":\"2025-09-04T12:57:10+00:00\",\"description\":\"Alemania es, despu\u00e9s de Francia, el segundo socio comercial m\u00e1s importante de Espa\u00f1a. La exportaci\u00f3n de Espa\u00f1a a los tres pa\u00edses germano parlantes.\",\"breadcrumb\":{\"@id\":\"https:\/\/www.mmmm.es\/es\/desks-abogados\/german\/#breadcrumb\"},\"inLanguage\":\"es-ES\",\"potentialAction\":[{\"@type\":\"ReadAction\",\"target\":[\"https:\/\/www.mmmm.es\/es\/desks-abogados\/german\/\"]}]},{\"@type\":\"BreadcrumbList\",\"@id\":\"https:\/\/www.mmmm.es\/es\/desks-abogados\/german\/#breadcrumb\",\"itemListElement\":[{\"@type\":\"ListItem\",\"position\":1,\"name\":\"Home\",\"item\":\"https:\/\/www.mmmm.es\/es\/\"},{\"@type\":\"ListItem\",\"position\":2,\"name\":\"Desks Abogados\",\"item\":\"https:\/\/www.mmmm.es\/es\/desks-abogados\/\"},{\"@type\":\"ListItem\",\"position\":3,\"name\":\"German Desk\"}]},{\"@type\":\"WebSite\",\"@id\":\"https:\/\/www.mmmm.es\/de\/#website\",\"url\":\"https:\/\/www.mmmm.es\/de\/\",\"name\":\"Monereo Meyer Abogados\",\"description\":\"Monereo Meyer Abogados\",\"publisher\":{\"@id\":\"https:\/\/www.mmmm.es\/de\/#organization\"},\"potentialAction\":[{\"@type\":\"SearchAction\",\"target\":{\"@type\":\"EntryPoint\",\"urlTemplate\":\"https:\/\/www.mmmm.es\/de\/?s={search_term_string}\"},\"query-input\":\"required name=search_term_string\"}],\"inLanguage\":\"es-ES\"},{\"@type\":\"Organization\",\"@id\":\"https:\/\/www.mmmm.es\/de\/#organization\",\"name\":\"Monereo Meyer Abogados\",\"url\":\"https:\/\/www.mmmm.es\/de\/\",\"logo\":{\"@type\":\"ImageObject\",\"inLanguage\":\"es-ES\",\"@id\":\"https:\/\/www.mmmm.es\/de\/#\/schema\/logo\/image\/\",\"url\":\"https:\/\/www.mmmm.es\/mmmm-content\/uploads\/2019\/11\/logo_azul.min_.svg\",\"contentUrl\":\"https:\/\/www.mmmm.es\/mmmm-content\/uploads\/2019\/11\/logo_azul.min_.svg\",\"width\":177,\"height\":66,\"caption\":\"Monereo Meyer Abogados\"},\"image\":{\"@id\":\"https:\/\/www.mmmm.es\/de\/#\/schema\/logo\/image\/\"},\"sameAs\":[\"https:\/\/twitter.com\/mmmm_abogados\"]}]}<\/script>\n<!-- \/ Yoast SEO Premium plugin. -->","yoast_head_json":{"title":"German Desk - Monereo Meyer Abogados","description":"Alemania es, despu\u00e9s de Francia, el segundo socio comercial m\u00e1s importante de Espa\u00f1a. La exportaci\u00f3n de Espa\u00f1a a los tres pa\u00edses germano parlantes.","robots":{"index":"index","follow":"follow","max-snippet":"max-snippet:-1","max-image-preview":"max-image-preview:large","max-video-preview":"max-video-preview:-1"},"canonical":"https:\/\/www.mmmm.es\/es\/desks-abogados\/german\/","og_locale":"es_ES","og_type":"article","og_title":"German Desk","og_description":"Alemania es, despu\u00e9s de Francia, el segundo socio comercial m\u00e1s importante de Espa\u00f1a. La exportaci\u00f3n de Espa\u00f1a a los tres pa\u00edses germano parlantes.","og_url":"https:\/\/www.mmmm.es\/es\/desks-abogados\/german\/","og_site_name":"Monereo Meyer Abogados","article_modified_time":"2025-09-04T12:57:10+00:00","twitter_card":"summary_large_image","twitter_site":"@mmmm_abogados","twitter_misc":{"Tiempo de lectura":"1 minuto"},"schema":{"@context":"https:\/\/schema.org","@graph":[{"@type":"WebPage","@id":"https:\/\/www.mmmm.es\/es\/desks-abogados\/german\/","url":"https:\/\/www.mmmm.es\/es\/desks-abogados\/german\/","name":"German Desk - Monereo Meyer Abogados","isPartOf":{"@id":"https:\/\/www.mmmm.es\/de\/#website"},"datePublished":"2019-10-06T15:12:57+00:00","dateModified":"2025-09-04T12:57:10+00:00","description":"Alemania es, despu\u00e9s de Francia, el segundo socio comercial m\u00e1s importante de Espa\u00f1a. La exportaci\u00f3n de Espa\u00f1a a los tres pa\u00edses germano parlantes.","breadcrumb":{"@id":"https:\/\/www.mmmm.es\/es\/desks-abogados\/german\/#breadcrumb"},"inLanguage":"es-ES","potentialAction":[{"@type":"ReadAction","target":["https:\/\/www.mmmm.es\/es\/desks-abogados\/german\/"]}]},{"@type":"BreadcrumbList","@id":"https:\/\/www.mmmm.es\/es\/desks-abogados\/german\/#breadcrumb","itemListElement":[{"@type":"ListItem","position":1,"name":"Home","item":"https:\/\/www.mmmm.es\/es\/"},{"@type":"ListItem","position":2,"name":"Desks Abogados","item":"https:\/\/www.mmmm.es\/es\/desks-abogados\/"},{"@type":"ListItem","position":3,"name":"German Desk"}]},{"@type":"WebSite","@id":"https:\/\/www.mmmm.es\/de\/#website","url":"https:\/\/www.mmmm.es\/de\/","name":"Monereo Meyer Abogados","description":"Monereo Meyer Abogados","publisher":{"@id":"https:\/\/www.mmmm.es\/de\/#organization"},"potentialAction":[{"@type":"SearchAction","target":{"@type":"EntryPoint","urlTemplate":"https:\/\/www.mmmm.es\/de\/?s={search_term_string}"},"query-input":"required name=search_term_string"}],"inLanguage":"es-ES"},{"@type":"Organization","@id":"https:\/\/www.mmmm.es\/de\/#organization","name":"Monereo Meyer Abogados","url":"https:\/\/www.mmmm.es\/de\/","logo":{"@type":"ImageObject","inLanguage":"es-ES","@id":"https:\/\/www.mmmm.es\/de\/#\/schema\/logo\/image\/","url":"https:\/\/www.mmmm.es\/mmmm-content\/uploads\/2019\/11\/logo_azul.min_.svg","contentUrl":"https:\/\/www.mmmm.es\/mmmm-content\/uploads\/2019\/11\/logo_azul.min_.svg","width":177,"height":66,"caption":"Monereo Meyer Abogados"},"image":{"@id":"https:\/\/www.mmmm.es\/de\/#\/schema\/logo\/image\/"},"sameAs":["https:\/\/twitter.com\/mmmm_abogados"]}]}},"_links":{"self":[{"href":"https:\/\/www.mmmm.es\/es\/wp-json\/wp\/v2\/pages\/1357\/"}],"collection":[{"href":"https:\/\/www.mmmm.es\/es\/wp-json\/wp\/v2\/pages\/"}],"about":[{"href":"https:\/\/www.mmmm.es\/es\/wp-json\/wp\/v2\/types\/page\/"}],"author":[{"embeddable":true,"href":"https:\/\/www.mmmm.es\/es\/wp-json\/wp\/v2\/users\/1\/"}],"replies":[{"embeddable":true,"href":"https:\/\/www.mmmm.es\/es\/wp-json\/wp\/v2\/comments\/?post=1357"}],"version-history":[{"count":3,"href":"https:\/\/www.mmmm.es\/es\/wp-json\/wp\/v2\/pages\/1357\/revisions\/"}],"predecessor-version":[{"id":22750,"href":"https:\/\/www.mmmm.es\/es\/wp-json\/wp\/v2\/pages\/1357\/revisions\/22750\/"}],"up":[{"embeddable":true,"href":"https:\/\/www.mmmm.es\/es\/wp-json\/wp\/v2\/pages\/1361\/"}],"wp:attachment":[{"href":"https:\/\/www.mmmm.es\/es\/wp-json\/wp\/v2\/media\/?parent=1357"}],"curies":[{"name":"wp","href":"https:\/\/api.w.org\/{rel}","templated":true}]}}