{"id":16939,"date":"2021-04-05T12:06:32","date_gmt":"2021-04-05T10:06:32","guid":{"rendered":"https:\/\/www.mmmm.es\/?page_id=16939"},"modified":"2022-01-20T12:37:23","modified_gmt":"2022-01-20T11:37:23","slug":"andres-monereo-velasco","status":"publish","type":"page","link":"https:\/\/www.mmmm.es\/es\/andres-monereo-velasco\/","title":{"rendered":"Andr\u00e9s Monereo Velasco (Junio 1961 &#8211; Abril 2021)"},"content":{"rendered":"<p>&nbsp;<\/p>\n<p>Lamentamos comunicar la triste noticia del fallecimiento de nuestro querido amigo, compa\u00f1ero y socio fundador, Andr\u00e9s Monereo Velasco, durante la madrugada del 2 de abril.<\/p>\n<p>Nacido en 1961 en Madrid, se licenci\u00f3 en Derecho y Direcci\u00f3n de Empresas por la Universidad Pontificia Comillas (ICADE), comenzando su carrera como abogado en 1985. Especializado en Derecho Inmobiliario y Mercantil, en 1989 cofund\u00f3 Monereo Meyer Abogados, dando vida a un despacho que es hoy referente en el asesoramiento jur\u00eddico a clientes internacionales con intereses en Espa\u00f1a. Andr\u00e9s era tambi\u00e9n\u00a0<em>of counsel<\/em>\u00a0de nuestro despacho aliado en Estados Unidos, coliderando nuestro US Desk.<\/p>\n<p>Persona de enorme calidad humana y gran jurista, su amor al despacho que fund\u00f3, vio crecer y consolidarse, as\u00ed como su integridad profesional, nos dejan una huella imborrable y un gran vac\u00edo que nunca se podr\u00e1 llenar.<\/p>\n<p>Desde Monereo Meyer Abogados sentimos enormemente esta p\u00e9rdida y expresamos nuestras m\u00e1s sentidas condolencias a su familia y amigos.<\/p>\n","protected":false},"excerpt":{"rendered":"<p>&nbsp; Lamentamos comunicar la triste noticia del fallecimiento de nuestro querido amigo, compa\u00f1ero y socio fundador, Andr\u00e9s Monereo Velasco, durante la madrugada del 2 de abril. Nacido en 1961 en Madrid, se licenci\u00f3 en Derecho y Direcci\u00f3n de Empresas por la Universidad Pontificia Comillas (ICADE), comenzando su carrera como abogado en 1985. Especializado en Derecho [&hellip;]<\/p>\n","protected":false},"author":33,"featured_media":0,"parent":0,"menu_order":0,"comment_status":"closed","ping_status":"closed","template":"templates\/andres-monereo.php","meta":[],"yoast_head":"<!-- This site is optimized with the Yoast SEO Premium plugin v21.6 (Yoast SEO v21.6) - https:\/\/yoast.com\/wordpress\/plugins\/seo\/ -->\n<title>Andre\u015b Monereo Velasco (Junio 1961- Abril 2021)<\/title>\n<meta name=\"robots\" content=\"index, follow, max-snippet:-1, max-image-preview:large, max-video-preview:-1\" \/>\n<link rel=\"canonical\" href=\"https:\/\/www.mmmm.es\/es\/andres-monereo-velasco\/\" \/>\n<meta property=\"og:locale\" content=\"es_ES\" \/>\n<meta property=\"og:type\" content=\"article\" \/>\n<meta property=\"og:title\" content=\"Andr\u00e9s Monereo Velasco (Junio 1961 - Abril 2021)\" \/>\n<meta property=\"og:description\" content=\"&nbsp; Lamentamos comunicar la triste noticia del fallecimiento de nuestro querido amigo, compa\u00f1ero y socio fundador, Andr\u00e9s Monereo Velasco, durante la madrugada del 2 de abril. Nacido en 1961 en Madrid, se licenci\u00f3 en Derecho y Direcci\u00f3n de Empresas por la Universidad Pontificia Comillas (ICADE), comenzando su carrera como abogado en 1985. Especializado en Derecho [&hellip;]\" \/>\n<meta property=\"og:url\" content=\"https:\/\/www.mmmm.es\/es\/andres-monereo-velasco\/\" \/>\n<meta property=\"og:site_name\" content=\"Monereo Meyer Abogados\" \/>\n<meta property=\"article:modified_time\" content=\"2022-01-20T11:37:23+00:00\" \/>\n<meta name=\"twitter:card\" content=\"summary_large_image\" \/>\n<meta name=\"twitter:site\" content=\"@mmmm_abogados\" \/>\n<meta name=\"twitter:label1\" content=\"Tiempo de lectura\" \/>\n\t<meta name=\"twitter:data1\" content=\"1 minuto\" \/>\n<script type=\"application\/ld+json\" class=\"yoast-schema-graph\">{\"@context\":\"https:\/\/schema.org\",\"@graph\":[{\"@type\":\"WebPage\",\"@id\":\"https:\/\/www.mmmm.es\/es\/andres-monereo-velasco\/\",\"url\":\"https:\/\/www.mmmm.es\/es\/andres-monereo-velasco\/\",\"name\":\"Andre\u015b Monereo Velasco (Junio 1961- Abril 2021)\",\"isPartOf\":{\"@id\":\"https:\/\/www.mmmm.es\/de\/#website\"},\"datePublished\":\"2021-04-05T10:06:32+00:00\",\"dateModified\":\"2022-01-20T11:37:23+00:00\",\"breadcrumb\":{\"@id\":\"https:\/\/www.mmmm.es\/es\/andres-monereo-velasco\/#breadcrumb\"},\"inLanguage\":\"es-ES\",\"potentialAction\":[{\"@type\":\"ReadAction\",\"target\":[\"https:\/\/www.mmmm.es\/es\/andres-monereo-velasco\/\"]}]},{\"@type\":\"BreadcrumbList\",\"@id\":\"https:\/\/www.mmmm.es\/es\/andres-monereo-velasco\/#breadcrumb\",\"itemListElement\":[{\"@type\":\"ListItem\",\"position\":1,\"name\":\"Home\",\"item\":\"https:\/\/www.mmmm.es\/es\/\"},{\"@type\":\"ListItem\",\"position\":2,\"name\":\"Andr\u00e9s Monereo Velasco (Junio 1961 &#8211; Abril 2021)\"}]},{\"@type\":\"WebSite\",\"@id\":\"https:\/\/www.mmmm.es\/de\/#website\",\"url\":\"https:\/\/www.mmmm.es\/de\/\",\"name\":\"Monereo Meyer Abogados\",\"description\":\"Monereo Meyer Abogados\",\"publisher\":{\"@id\":\"https:\/\/www.mmmm.es\/de\/#organization\"},\"potentialAction\":[{\"@type\":\"SearchAction\",\"target\":{\"@type\":\"EntryPoint\",\"urlTemplate\":\"https:\/\/www.mmmm.es\/de\/?s={search_term_string}\"},\"query-input\":\"required name=search_term_string\"}],\"inLanguage\":\"es-ES\"},{\"@type\":\"Organization\",\"@id\":\"https:\/\/www.mmmm.es\/de\/#organization\",\"name\":\"Monereo Meyer Abogados\",\"url\":\"https:\/\/www.mmmm.es\/de\/\",\"logo\":{\"@type\":\"ImageObject\",\"inLanguage\":\"es-ES\",\"@id\":\"https:\/\/www.mmmm.es\/de\/#\/schema\/logo\/image\/\",\"url\":\"https:\/\/www.mmmm.es\/mmmm-content\/uploads\/2019\/11\/logo_azul.min_.svg\",\"contentUrl\":\"https:\/\/www.mmmm.es\/mmmm-content\/uploads\/2019\/11\/logo_azul.min_.svg\",\"width\":177,\"height\":66,\"caption\":\"Monereo Meyer Abogados\"},\"image\":{\"@id\":\"https:\/\/www.mmmm.es\/de\/#\/schema\/logo\/image\/\"},\"sameAs\":[\"https:\/\/twitter.com\/mmmm_abogados\"]}]}<\/script>\n<!-- \/ Yoast SEO Premium plugin. -->","yoast_head_json":{"title":"Andre\u015b Monereo Velasco (Junio 1961- Abril 2021)","robots":{"index":"index","follow":"follow","max-snippet":"max-snippet:-1","max-image-preview":"max-image-preview:large","max-video-preview":"max-video-preview:-1"},"canonical":"https:\/\/www.mmmm.es\/es\/andres-monereo-velasco\/","og_locale":"es_ES","og_type":"article","og_title":"Andr\u00e9s Monereo Velasco (Junio 1961 - Abril 2021)","og_description":"&nbsp; Lamentamos comunicar la triste noticia del fallecimiento de nuestro querido amigo, compa\u00f1ero y socio fundador, Andr\u00e9s Monereo Velasco, durante la madrugada del 2 de abril. Nacido en 1961 en Madrid, se licenci\u00f3 en Derecho y Direcci\u00f3n de Empresas por la Universidad Pontificia Comillas (ICADE), comenzando su carrera como abogado en 1985. Especializado en Derecho [&hellip;]","og_url":"https:\/\/www.mmmm.es\/es\/andres-monereo-velasco\/","og_site_name":"Monereo Meyer Abogados","article_modified_time":"2022-01-20T11:37:23+00:00","twitter_card":"summary_large_image","twitter_site":"@mmmm_abogados","twitter_misc":{"Tiempo de lectura":"1 minuto"},"schema":{"@context":"https:\/\/schema.org","@graph":[{"@type":"WebPage","@id":"https:\/\/www.mmmm.es\/es\/andres-monereo-velasco\/","url":"https:\/\/www.mmmm.es\/es\/andres-monereo-velasco\/","name":"Andre\u015b Monereo Velasco (Junio 1961- Abril 2021)","isPartOf":{"@id":"https:\/\/www.mmmm.es\/de\/#website"},"datePublished":"2021-04-05T10:06:32+00:00","dateModified":"2022-01-20T11:37:23+00:00","breadcrumb":{"@id":"https:\/\/www.mmmm.es\/es\/andres-monereo-velasco\/#breadcrumb"},"inLanguage":"es-ES","potentialAction":[{"@type":"ReadAction","target":["https:\/\/www.mmmm.es\/es\/andres-monereo-velasco\/"]}]},{"@type":"BreadcrumbList","@id":"https:\/\/www.mmmm.es\/es\/andres-monereo-velasco\/#breadcrumb","itemListElement":[{"@type":"ListItem","position":1,"name":"Home","item":"https:\/\/www.mmmm.es\/es\/"},{"@type":"ListItem","position":2,"name":"Andr\u00e9s Monereo Velasco (Junio 1961 &#8211; Abril 2021)"}]},{"@type":"WebSite","@id":"https:\/\/www.mmmm.es\/de\/#website","url":"https:\/\/www.mmmm.es\/de\/","name":"Monereo Meyer Abogados","description":"Monereo Meyer Abogados","publisher":{"@id":"https:\/\/www.mmmm.es\/de\/#organization"},"potentialAction":[{"@type":"SearchAction","target":{"@type":"EntryPoint","urlTemplate":"https:\/\/www.mmmm.es\/de\/?s={search_term_string}"},"query-input":"required name=search_term_string"}],"inLanguage":"es-ES"},{"@type":"Organization","@id":"https:\/\/www.mmmm.es\/de\/#organization","name":"Monereo Meyer Abogados","url":"https:\/\/www.mmmm.es\/de\/","logo":{"@type":"ImageObject","inLanguage":"es-ES","@id":"https:\/\/www.mmmm.es\/de\/#\/schema\/logo\/image\/","url":"https:\/\/www.mmmm.es\/mmmm-content\/uploads\/2019\/11\/logo_azul.min_.svg","contentUrl":"https:\/\/www.mmmm.es\/mmmm-content\/uploads\/2019\/11\/logo_azul.min_.svg","width":177,"height":66,"caption":"Monereo Meyer Abogados"},"image":{"@id":"https:\/\/www.mmmm.es\/de\/#\/schema\/logo\/image\/"},"sameAs":["https:\/\/twitter.com\/mmmm_abogados"]}]}},"_links":{"self":[{"href":"https:\/\/www.mmmm.es\/es\/wp-json\/wp\/v2\/pages\/16939\/"}],"collection":[{"href":"https:\/\/www.mmmm.es\/es\/wp-json\/wp\/v2\/pages\/"}],"about":[{"href":"https:\/\/www.mmmm.es\/es\/wp-json\/wp\/v2\/types\/page\/"}],"author":[{"embeddable":true,"href":"https:\/\/www.mmmm.es\/es\/wp-json\/wp\/v2\/users\/33\/"}],"replies":[{"embeddable":true,"href":"https:\/\/www.mmmm.es\/es\/wp-json\/wp\/v2\/comments\/?post=16939"}],"version-history":[{"count":7,"href":"https:\/\/www.mmmm.es\/es\/wp-json\/wp\/v2\/pages\/16939\/revisions\/"}],"predecessor-version":[{"id":18125,"href":"https:\/\/www.mmmm.es\/es\/wp-json\/wp\/v2\/pages\/16939\/revisions\/18125\/"}],"wp:attachment":[{"href":"https:\/\/www.mmmm.es\/es\/wp-json\/wp\/v2\/media\/?parent=16939"}],"curies":[{"name":"wp","href":"https:\/\/api.w.org\/{rel}","templated":true}]}}