{"id":8183,"date":"2019-09-26T18:16:57","date_gmt":"2019-09-26T16:16:57","guid":{"rendered":"https:\/\/www.mmmm.es\/competencies\/"},"modified":"2019-11-26T16:50:21","modified_gmt":"2019-11-26T15:50:21","slug":"competencias-abogados","status":"publish","type":"page","link":"https:\/\/www.mmmm.es\/es\/competencias-abogados\/","title":{"rendered":"Competencias"},"content":{"rendered":"<p>Nuestro equipo de abogados proporciona un asesoramiento legal, complejo e individualizado, para cualquier tipo de empresa o particular, gracias a su experiencia y formaci\u00f3n en un amplio abanico de \u00e1reas jur\u00eddicas.<\/p>\n<p>Con el foco siempre puesto en nuestros clientes, dise\u00f1amos estrategias a medida y propuestas de soluciones adaptadas a sus problemas y necesidades espec\u00edficos, favoreciendo el impulso de sus negocios. De esta forma, conseguimos construir con ellos una verdadera relaci\u00f3n de confianza.<\/p>\n<p>Nuestra forma de trabajo consiste en la creaci\u00f3n de equipos en funci\u00f3n de los servicios y objetivos fijados en cada uno de los proyectos que acometemos, respondiendo con agilidad, eficiencia y profesionalidad.<\/p>\n<p>&nbsp;<\/p>\n<p>&nbsp;<\/p>\n","protected":false},"excerpt":{"rendered":"<p>Nuestro equipo de abogados proporciona un asesoramiento legal, complejo e individualizado, para cualquier tipo de empresa o particular, gracias a su experiencia y formaci\u00f3n en un amplio abanico de \u00e1reas jur\u00eddicas. Con el foco siempre puesto en nuestros clientes, dise\u00f1amos estrategias a medida y propuestas de soluciones adaptadas a sus problemas y necesidades espec\u00edficos, favoreciendo [&hellip;]<\/p>\n","protected":false},"author":1,"featured_media":0,"parent":0,"menu_order":0,"comment_status":"closed","ping_status":"closed","template":"page-menu_taxonomy.php","meta":[],"yoast_head":"<!-- This site is optimized with the Yoast SEO Premium plugin v21.6 (Yoast SEO v21.6) - https:\/\/yoast.com\/wordpress\/plugins\/seo\/ -->\n<title>Competencias - Monereo Meyer Abogados<\/title>\n<meta name=\"robots\" content=\"index, follow, max-snippet:-1, max-image-preview:large, max-video-preview:-1\" \/>\n<link rel=\"canonical\" href=\"https:\/\/www.mmmm.es\/es\/competencias-abogados\/\" \/>\n<meta property=\"og:locale\" content=\"es_ES\" \/>\n<meta property=\"og:type\" content=\"article\" \/>\n<meta property=\"og:title\" content=\"Competencias\" \/>\n<meta property=\"og:description\" content=\"Nuestro equipo de abogados proporciona un asesoramiento legal, complejo e individualizado, para cualquier tipo de empresa o particular, gracias a su experiencia y formaci\u00f3n en un amplio abanico de \u00e1reas jur\u00eddicas. Con el foco siempre puesto en nuestros clientes, dise\u00f1amos estrategias a medida y propuestas de soluciones adaptadas a sus problemas y necesidades espec\u00edficos, favoreciendo [&hellip;]\" \/>\n<meta property=\"og:url\" content=\"https:\/\/www.mmmm.es\/es\/competencias-abogados\/\" \/>\n<meta property=\"og:site_name\" content=\"Monereo Meyer Abogados\" \/>\n<meta property=\"article:modified_time\" content=\"2019-11-26T15:50:21+00:00\" \/>\n<meta name=\"twitter:card\" content=\"summary_large_image\" \/>\n<meta name=\"twitter:site\" content=\"@mmmm_abogados\" \/>\n<meta name=\"twitter:label1\" content=\"Tiempo de lectura\" \/>\n\t<meta name=\"twitter:data1\" content=\"1 minuto\" \/>\n<script type=\"application\/ld+json\" class=\"yoast-schema-graph\">{\"@context\":\"https:\/\/schema.org\",\"@graph\":[{\"@type\":\"WebPage\",\"@id\":\"https:\/\/www.mmmm.es\/es\/competencias-abogados\/\",\"url\":\"https:\/\/www.mmmm.es\/es\/competencias-abogados\/\",\"name\":\"Competencias - Monereo Meyer Abogados\",\"isPartOf\":{\"@id\":\"https:\/\/www.mmmm.es\/de\/#website\"},\"datePublished\":\"2019-09-26T16:16:57+00:00\",\"dateModified\":\"2019-11-26T15:50:21+00:00\",\"breadcrumb\":{\"@id\":\"https:\/\/www.mmmm.es\/es\/competencias-abogados\/#breadcrumb\"},\"inLanguage\":\"es-ES\",\"potentialAction\":[{\"@type\":\"ReadAction\",\"target\":[\"https:\/\/www.mmmm.es\/es\/competencias-abogados\/\"]}]},{\"@type\":\"BreadcrumbList\",\"@id\":\"https:\/\/www.mmmm.es\/es\/competencias-abogados\/#breadcrumb\",\"itemListElement\":[{\"@type\":\"ListItem\",\"position\":1,\"name\":\"Home\",\"item\":\"https:\/\/www.mmmm.es\/es\/\"},{\"@type\":\"ListItem\",\"position\":2,\"name\":\"Competencias\"}]},{\"@type\":\"WebSite\",\"@id\":\"https:\/\/www.mmmm.es\/de\/#website\",\"url\":\"https:\/\/www.mmmm.es\/de\/\",\"name\":\"Monereo Meyer Abogados\",\"description\":\"Monereo Meyer Abogados\",\"publisher\":{\"@id\":\"https:\/\/www.mmmm.es\/de\/#organization\"},\"potentialAction\":[{\"@type\":\"SearchAction\",\"target\":{\"@type\":\"EntryPoint\",\"urlTemplate\":\"https:\/\/www.mmmm.es\/de\/?s={search_term_string}\"},\"query-input\":\"required name=search_term_string\"}],\"inLanguage\":\"es-ES\"},{\"@type\":\"Organization\",\"@id\":\"https:\/\/www.mmmm.es\/de\/#organization\",\"name\":\"Monereo Meyer Abogados\",\"url\":\"https:\/\/www.mmmm.es\/de\/\",\"logo\":{\"@type\":\"ImageObject\",\"inLanguage\":\"es-ES\",\"@id\":\"https:\/\/www.mmmm.es\/de\/#\/schema\/logo\/image\/\",\"url\":\"https:\/\/www.mmmm.es\/mmmm-content\/uploads\/2019\/11\/logo_azul.min_.svg\",\"contentUrl\":\"https:\/\/www.mmmm.es\/mmmm-content\/uploads\/2019\/11\/logo_azul.min_.svg\",\"width\":177,\"height\":66,\"caption\":\"Monereo Meyer Abogados\"},\"image\":{\"@id\":\"https:\/\/www.mmmm.es\/de\/#\/schema\/logo\/image\/\"},\"sameAs\":[\"https:\/\/twitter.com\/mmmm_abogados\"]}]}<\/script>\n<!-- \/ Yoast SEO Premium plugin. -->","yoast_head_json":{"title":"Competencias - Monereo Meyer Abogados","robots":{"index":"index","follow":"follow","max-snippet":"max-snippet:-1","max-image-preview":"max-image-preview:large","max-video-preview":"max-video-preview:-1"},"canonical":"https:\/\/www.mmmm.es\/es\/competencias-abogados\/","og_locale":"es_ES","og_type":"article","og_title":"Competencias","og_description":"Nuestro equipo de abogados proporciona un asesoramiento legal, complejo e individualizado, para cualquier tipo de empresa o particular, gracias a su experiencia y formaci\u00f3n en un amplio abanico de \u00e1reas jur\u00eddicas. Con el foco siempre puesto en nuestros clientes, dise\u00f1amos estrategias a medida y propuestas de soluciones adaptadas a sus problemas y necesidades espec\u00edficos, favoreciendo [&hellip;]","og_url":"https:\/\/www.mmmm.es\/es\/competencias-abogados\/","og_site_name":"Monereo Meyer Abogados","article_modified_time":"2019-11-26T15:50:21+00:00","twitter_card":"summary_large_image","twitter_site":"@mmmm_abogados","twitter_misc":{"Tiempo de lectura":"1 minuto"},"schema":{"@context":"https:\/\/schema.org","@graph":[{"@type":"WebPage","@id":"https:\/\/www.mmmm.es\/es\/competencias-abogados\/","url":"https:\/\/www.mmmm.es\/es\/competencias-abogados\/","name":"Competencias - Monereo Meyer Abogados","isPartOf":{"@id":"https:\/\/www.mmmm.es\/de\/#website"},"datePublished":"2019-09-26T16:16:57+00:00","dateModified":"2019-11-26T15:50:21+00:00","breadcrumb":{"@id":"https:\/\/www.mmmm.es\/es\/competencias-abogados\/#breadcrumb"},"inLanguage":"es-ES","potentialAction":[{"@type":"ReadAction","target":["https:\/\/www.mmmm.es\/es\/competencias-abogados\/"]}]},{"@type":"BreadcrumbList","@id":"https:\/\/www.mmmm.es\/es\/competencias-abogados\/#breadcrumb","itemListElement":[{"@type":"ListItem","position":1,"name":"Home","item":"https:\/\/www.mmmm.es\/es\/"},{"@type":"ListItem","position":2,"name":"Competencias"}]},{"@type":"WebSite","@id":"https:\/\/www.mmmm.es\/de\/#website","url":"https:\/\/www.mmmm.es\/de\/","name":"Monereo Meyer Abogados","description":"Monereo Meyer Abogados","publisher":{"@id":"https:\/\/www.mmmm.es\/de\/#organization"},"potentialAction":[{"@type":"SearchAction","target":{"@type":"EntryPoint","urlTemplate":"https:\/\/www.mmmm.es\/de\/?s={search_term_string}"},"query-input":"required name=search_term_string"}],"inLanguage":"es-ES"},{"@type":"Organization","@id":"https:\/\/www.mmmm.es\/de\/#organization","name":"Monereo Meyer Abogados","url":"https:\/\/www.mmmm.es\/de\/","logo":{"@type":"ImageObject","inLanguage":"es-ES","@id":"https:\/\/www.mmmm.es\/de\/#\/schema\/logo\/image\/","url":"https:\/\/www.mmmm.es\/mmmm-content\/uploads\/2019\/11\/logo_azul.min_.svg","contentUrl":"https:\/\/www.mmmm.es\/mmmm-content\/uploads\/2019\/11\/logo_azul.min_.svg","width":177,"height":66,"caption":"Monereo Meyer Abogados"},"image":{"@id":"https:\/\/www.mmmm.es\/de\/#\/schema\/logo\/image\/"},"sameAs":["https:\/\/twitter.com\/mmmm_abogados"]}]}},"_links":{"self":[{"href":"https:\/\/www.mmmm.es\/es\/wp-json\/wp\/v2\/pages\/8183\/"}],"collection":[{"href":"https:\/\/www.mmmm.es\/es\/wp-json\/wp\/v2\/pages\/"}],"about":[{"href":"https:\/\/www.mmmm.es\/es\/wp-json\/wp\/v2\/types\/page\/"}],"author":[{"embeddable":true,"href":"https:\/\/www.mmmm.es\/es\/wp-json\/wp\/v2\/users\/1\/"}],"replies":[{"embeddable":true,"href":"https:\/\/www.mmmm.es\/es\/wp-json\/wp\/v2\/comments\/?post=8183"}],"version-history":[{"count":6,"href":"https:\/\/www.mmmm.es\/es\/wp-json\/wp\/v2\/pages\/8183\/revisions\/"}],"predecessor-version":[{"id":10813,"href":"https:\/\/www.mmmm.es\/es\/wp-json\/wp\/v2\/pages\/8183\/revisions\/10813\/"}],"wp:attachment":[{"href":"https:\/\/www.mmmm.es\/es\/wp-json\/wp\/v2\/media\/?parent=8183"}],"curies":[{"name":"wp","href":"https:\/\/api.w.org\/{rel}","templated":true}]}}