{"id":8188,"date":"2019-09-26T18:20:04","date_gmt":"2019-09-26T16:20:04","guid":{"rendered":"https:\/\/www.mmmm.es\/american-desk\/"},"modified":"2024-03-14T10:58:42","modified_gmt":"2024-03-14T09:58:42","slug":"american-desk","status":"publish","type":"page","link":"https:\/\/www.mmmm.es\/es\/desks-abogados\/american-desk\/","title":{"rendered":"US Desk"},"content":{"rendered":"<p>El US Desk de Monereo Meyer Abogados ofrece asesoramiento a clientes corporativos como privados en sus asuntos jur\u00eddicos transfronterizos. Nuestro equipo de abogados internacionales gu\u00eda a nuestros clientes en base a su extensa experiencia con el fin de proteger sus intereses econ\u00f3micos en el marco de sus inversiones y actividades empresariales en Espa\u00f1a y Portugal. Es ese mismo equipo de abogados y su amplio conocimiento de la legislaci\u00f3n estadounidense y de ambas culturas lo que crea nuestro valor a\u00f1adido para clientes corporativos y privados y nuestra ventaja competitiva frente a otros despachos de abogados.<\/p>\n<p>Ofrecemos soluciones a medida a particulares, inversores privados, empresas familiares y fundaciones, adaptando siempre un enfoque global y proactivo para anticipar la situaci\u00f3n de nuestros clientes y, en \u00faltima instancia, preservar y crecer a su patrimonio. Nuestro objetivo es optimizar complejos procesos de toma de decisiones y, al mismo tiempo, proteger el patrimonio de nuestros clientes. Todos los miembros de nuestro US Desk son expertos en sus respectivas \u00e1reas y asesoran tanto a empresas como a particulares. Esto nos permite apoyar a nuestros clientes en todos los asuntos relacionados con el Derecho Societario, Fusiones y Adquisiciones, financiaci\u00f3n, Derecho Inmobiliario, Derecho Fiscal, resoluci\u00f3n de conflictos, derecho contractual, cuestiones regulatorias y de normativa, Derecho de Propiedad Intelectual, as\u00ed como planificaci\u00f3n patrimonial y fiscal, Derecho Sucesorio, asuntos sucesorios nacionales e internacionales, inversiones estrat\u00e9gicas, Derecho de Inmigraci\u00f3n y visados (Golden Visa) y derecho de inversores.<\/p>\n<p>Liderado actualmente por nuestra socia <b><a href=\"https:\/\/www.mmmm.es\/es\/abogados\/nadja-vietz-barcelona\/\">Nadja Vietz<\/a><\/b> (Barcelona), nuestro US Desk es el resultado de una larga relaci\u00f3n de amistad con bufetes estadounidenses con los que compartimos una misma filosof\u00eda y visi\u00f3n empresarial. Nadja Vietz est\u00e1 habilitada para ejercer como abogada en Alemania, Espa\u00f1a y Estados Unidos. Desde m\u00e1s de dos d\u00e9cadas, lleva asesorando a clientes corporativos y privados en asuntos transfronterizos, ejerciendo tanto en los Estados Unidos como en Espa\u00f1a.<\/p>\n<p>El valor a\u00f1adido de nuestro US Desk se deriva no s\u00f3lo de la dilatada experiencia de nuestros abogados internacionales en asuntos transatl\u00e1nticos, sino tambi\u00e9n de estas relaciones de amistad y confianza con despachos de abogados estadounidenses que pueden guiar y asesorar a nuestros clientes directamente en los Estados Unidos. Al mismo tiempo, buscamos constantemente nuevas alianzas para cubrir las necesidades de nuestros clientes de forma optimizada.<\/p>\n<p>Nuestro equipo de abogados en Espa\u00f1a, Portugal y los Estados Unidos se caracteriza por una amplia formaci\u00f3n profesional, tanto a nivel acad\u00e9mico como pr\u00e1ctico, as\u00ed como por conocimientos fundados de los contextos culturales de nuestros clientes. Esto nos permite ofrecer a nuestros clientes un asesoramiento jur\u00eddico de alta calidad, sin fisuras, tanto en Espa\u00f1a y Portugal como en los Estados Unidos.<\/p>\n","protected":false},"excerpt":{"rendered":"<p>El US Desk de Monereo Meyer Abogados ofrece asesoramiento a clientes corporativos como privados en sus asuntos jur\u00eddicos transfronterizos. Nuestro equipo de abogados internacionales gu\u00eda a nuestros clientes en base a su extensa experiencia con el fin de proteger sus intereses econ\u00f3micos en el marco de sus inversiones y actividades empresariales en Espa\u00f1a y Portugal. [&hellip;]<\/p>\n","protected":false},"author":1,"featured_media":0,"parent":1361,"menu_order":0,"comment_status":"closed","ping_status":"closed","template":"page-text_two_columns.php","meta":[],"yoast_head":"<!-- This site is optimized with the Yoast SEO Premium plugin v21.6 (Yoast SEO v21.6) - https:\/\/yoast.com\/wordpress\/plugins\/seo\/ -->\n<title>US Desk - Monereo Meyer Abogados<\/title>\n<meta name=\"description\" content=\"El American Desk de Monereo Meyer Abogados acompa\u00f1a y protege los intereses econ\u00f3micos de cualquier empresa americana en sus inversiones y actividades en Espa\u00f1a y Portugal\" \/>\n<meta name=\"robots\" content=\"index, follow, max-snippet:-1, max-image-preview:large, max-video-preview:-1\" \/>\n<link rel=\"canonical\" href=\"https:\/\/www.mmmm.es\/es\/desks-abogados\/american-desk\/\" \/>\n<meta property=\"og:locale\" content=\"es_ES\" \/>\n<meta property=\"og:type\" content=\"article\" \/>\n<meta property=\"og:title\" content=\"US Desk\" \/>\n<meta property=\"og:description\" content=\"El American Desk de Monereo Meyer Abogados acompa\u00f1a y protege los intereses econ\u00f3micos de cualquier empresa americana en sus inversiones y actividades en Espa\u00f1a y Portugal\" \/>\n<meta property=\"og:url\" content=\"https:\/\/www.mmmm.es\/es\/desks-abogados\/american-desk\/\" \/>\n<meta property=\"og:site_name\" content=\"Monereo Meyer Abogados\" \/>\n<meta property=\"article:modified_time\" content=\"2024-03-14T09:58:42+00:00\" \/>\n<meta name=\"twitter:card\" content=\"summary_large_image\" \/>\n<meta name=\"twitter:site\" content=\"@mmmm_abogados\" \/>\n<meta name=\"twitter:label1\" content=\"Tiempo de lectura\" \/>\n\t<meta name=\"twitter:data1\" content=\"2 minutos\" \/>\n<script type=\"application\/ld+json\" class=\"yoast-schema-graph\">{\"@context\":\"https:\/\/schema.org\",\"@graph\":[{\"@type\":\"WebPage\",\"@id\":\"https:\/\/www.mmmm.es\/es\/desks-abogados\/american-desk\/\",\"url\":\"https:\/\/www.mmmm.es\/es\/desks-abogados\/american-desk\/\",\"name\":\"US Desk - Monereo Meyer Abogados\",\"isPartOf\":{\"@id\":\"https:\/\/www.mmmm.es\/de\/#website\"},\"datePublished\":\"2019-09-26T16:20:04+00:00\",\"dateModified\":\"2024-03-14T09:58:42+00:00\",\"description\":\"El American Desk de Monereo Meyer Abogados acompa\u00f1a y protege los intereses econ\u00f3micos de cualquier empresa americana en sus inversiones y actividades en Espa\u00f1a y Portugal\",\"breadcrumb\":{\"@id\":\"https:\/\/www.mmmm.es\/es\/desks-abogados\/american-desk\/#breadcrumb\"},\"inLanguage\":\"es-ES\",\"potentialAction\":[{\"@type\":\"ReadAction\",\"target\":[\"https:\/\/www.mmmm.es\/es\/desks-abogados\/american-desk\/\"]}]},{\"@type\":\"BreadcrumbList\",\"@id\":\"https:\/\/www.mmmm.es\/es\/desks-abogados\/american-desk\/#breadcrumb\",\"itemListElement\":[{\"@type\":\"ListItem\",\"position\":1,\"name\":\"Home\",\"item\":\"https:\/\/www.mmmm.es\/es\/\"},{\"@type\":\"ListItem\",\"position\":2,\"name\":\"Desks Abogados\",\"item\":\"https:\/\/www.mmmm.es\/es\/desks-abogados\/\"},{\"@type\":\"ListItem\",\"position\":3,\"name\":\"US Desk\"}]},{\"@type\":\"WebSite\",\"@id\":\"https:\/\/www.mmmm.es\/de\/#website\",\"url\":\"https:\/\/www.mmmm.es\/de\/\",\"name\":\"Monereo Meyer Abogados\",\"description\":\"Monereo Meyer Abogados\",\"publisher\":{\"@id\":\"https:\/\/www.mmmm.es\/de\/#organization\"},\"potentialAction\":[{\"@type\":\"SearchAction\",\"target\":{\"@type\":\"EntryPoint\",\"urlTemplate\":\"https:\/\/www.mmmm.es\/de\/?s={search_term_string}\"},\"query-input\":\"required name=search_term_string\"}],\"inLanguage\":\"es-ES\"},{\"@type\":\"Organization\",\"@id\":\"https:\/\/www.mmmm.es\/de\/#organization\",\"name\":\"Monereo Meyer Abogados\",\"url\":\"https:\/\/www.mmmm.es\/de\/\",\"logo\":{\"@type\":\"ImageObject\",\"inLanguage\":\"es-ES\",\"@id\":\"https:\/\/www.mmmm.es\/de\/#\/schema\/logo\/image\/\",\"url\":\"https:\/\/www.mmmm.es\/mmmm-content\/uploads\/2019\/11\/logo_azul.min_.svg\",\"contentUrl\":\"https:\/\/www.mmmm.es\/mmmm-content\/uploads\/2019\/11\/logo_azul.min_.svg\",\"width\":177,\"height\":66,\"caption\":\"Monereo Meyer Abogados\"},\"image\":{\"@id\":\"https:\/\/www.mmmm.es\/de\/#\/schema\/logo\/image\/\"},\"sameAs\":[\"https:\/\/twitter.com\/mmmm_abogados\"]}]}<\/script>\n<!-- \/ Yoast SEO Premium plugin. -->","yoast_head_json":{"title":"US Desk - Monereo Meyer Abogados","description":"El American Desk de Monereo Meyer Abogados acompa\u00f1a y protege los intereses econ\u00f3micos de cualquier empresa americana en sus inversiones y actividades en Espa\u00f1a y Portugal","robots":{"index":"index","follow":"follow","max-snippet":"max-snippet:-1","max-image-preview":"max-image-preview:large","max-video-preview":"max-video-preview:-1"},"canonical":"https:\/\/www.mmmm.es\/es\/desks-abogados\/american-desk\/","og_locale":"es_ES","og_type":"article","og_title":"US Desk","og_description":"El American Desk de Monereo Meyer Abogados acompa\u00f1a y protege los intereses econ\u00f3micos de cualquier empresa americana en sus inversiones y actividades en Espa\u00f1a y Portugal","og_url":"https:\/\/www.mmmm.es\/es\/desks-abogados\/american-desk\/","og_site_name":"Monereo Meyer Abogados","article_modified_time":"2024-03-14T09:58:42+00:00","twitter_card":"summary_large_image","twitter_site":"@mmmm_abogados","twitter_misc":{"Tiempo de lectura":"2 minutos"},"schema":{"@context":"https:\/\/schema.org","@graph":[{"@type":"WebPage","@id":"https:\/\/www.mmmm.es\/es\/desks-abogados\/american-desk\/","url":"https:\/\/www.mmmm.es\/es\/desks-abogados\/american-desk\/","name":"US Desk - Monereo Meyer Abogados","isPartOf":{"@id":"https:\/\/www.mmmm.es\/de\/#website"},"datePublished":"2019-09-26T16:20:04+00:00","dateModified":"2024-03-14T09:58:42+00:00","description":"El American Desk de Monereo Meyer Abogados acompa\u00f1a y protege los intereses econ\u00f3micos de cualquier empresa americana en sus inversiones y actividades en Espa\u00f1a y Portugal","breadcrumb":{"@id":"https:\/\/www.mmmm.es\/es\/desks-abogados\/american-desk\/#breadcrumb"},"inLanguage":"es-ES","potentialAction":[{"@type":"ReadAction","target":["https:\/\/www.mmmm.es\/es\/desks-abogados\/american-desk\/"]}]},{"@type":"BreadcrumbList","@id":"https:\/\/www.mmmm.es\/es\/desks-abogados\/american-desk\/#breadcrumb","itemListElement":[{"@type":"ListItem","position":1,"name":"Home","item":"https:\/\/www.mmmm.es\/es\/"},{"@type":"ListItem","position":2,"name":"Desks Abogados","item":"https:\/\/www.mmmm.es\/es\/desks-abogados\/"},{"@type":"ListItem","position":3,"name":"US Desk"}]},{"@type":"WebSite","@id":"https:\/\/www.mmmm.es\/de\/#website","url":"https:\/\/www.mmmm.es\/de\/","name":"Monereo Meyer Abogados","description":"Monereo Meyer Abogados","publisher":{"@id":"https:\/\/www.mmmm.es\/de\/#organization"},"potentialAction":[{"@type":"SearchAction","target":{"@type":"EntryPoint","urlTemplate":"https:\/\/www.mmmm.es\/de\/?s={search_term_string}"},"query-input":"required name=search_term_string"}],"inLanguage":"es-ES"},{"@type":"Organization","@id":"https:\/\/www.mmmm.es\/de\/#organization","name":"Monereo Meyer Abogados","url":"https:\/\/www.mmmm.es\/de\/","logo":{"@type":"ImageObject","inLanguage":"es-ES","@id":"https:\/\/www.mmmm.es\/de\/#\/schema\/logo\/image\/","url":"https:\/\/www.mmmm.es\/mmmm-content\/uploads\/2019\/11\/logo_azul.min_.svg","contentUrl":"https:\/\/www.mmmm.es\/mmmm-content\/uploads\/2019\/11\/logo_azul.min_.svg","width":177,"height":66,"caption":"Monereo Meyer Abogados"},"image":{"@id":"https:\/\/www.mmmm.es\/de\/#\/schema\/logo\/image\/"},"sameAs":["https:\/\/twitter.com\/mmmm_abogados"]}]}},"_links":{"self":[{"href":"https:\/\/www.mmmm.es\/es\/wp-json\/wp\/v2\/pages\/8188\/"}],"collection":[{"href":"https:\/\/www.mmmm.es\/es\/wp-json\/wp\/v2\/pages\/"}],"about":[{"href":"https:\/\/www.mmmm.es\/es\/wp-json\/wp\/v2\/types\/page\/"}],"author":[{"embeddable":true,"href":"https:\/\/www.mmmm.es\/es\/wp-json\/wp\/v2\/users\/1\/"}],"replies":[{"embeddable":true,"href":"https:\/\/www.mmmm.es\/es\/wp-json\/wp\/v2\/comments\/?post=8188"}],"version-history":[{"count":8,"href":"https:\/\/www.mmmm.es\/es\/wp-json\/wp\/v2\/pages\/8188\/revisions\/"}],"predecessor-version":[{"id":21016,"href":"https:\/\/www.mmmm.es\/es\/wp-json\/wp\/v2\/pages\/8188\/revisions\/21016\/"}],"up":[{"embeddable":true,"href":"https:\/\/www.mmmm.es\/es\/wp-json\/wp\/v2\/pages\/1361\/"}],"wp:attachment":[{"href":"https:\/\/www.mmmm.es\/es\/wp-json\/wp\/v2\/media\/?parent=8188"}],"curies":[{"name":"wp","href":"https:\/\/api.w.org\/{rel}","templated":true}]}}